{"id":4860,"date":"2025-02-19T10:32:29","date_gmt":"2025-02-19T02:32:29","guid":{"rendered":"https:\/\/www.hanseluk.com\/?post_type=product&#038;p=4860"},"modified":"2025-10-09T11:17:50","modified_gmt":"2025-10-09T03:17:50","slug":"brushed-bronze-powder-coat","status":"publish","type":"product","link":"https:\/\/www.hanseluk.com\/de\/brushed-bronze-powder-coat\/","title":{"rendered":"Geb\u00fcrstete Bronze Pulverbeschichtung"},"content":{"rendered":"<p>Bitte beachten Sie, dass die Farben der Oberfl\u00e4chen auf den Fotos je nach Monitoreinstellung variieren k\u00f6nnen.<\/p>","protected":false},"excerpt":{"rendered":"<p>Model: PC-34<\/p>","protected":false},"featured_media":4861,"template":"","meta":{"_eb_attr":""},"product_brand":[],"product_cat":[136,102,77],"product_tag":[],"class_list":{"0":"post-4860","1":"product","2":"type-product","3":"status-publish","4":"has-post-thumbnail","6":"product_cat-furniture-related","7":"product_cat-group-2","8":"product_cat-metal-finishes","10":"first","11":"instock","12":"shipping-taxable","13":"product-type-simple"},"_links":{"self":[{"href":"https:\/\/www.hanseluk.com\/de\/wp-json\/wp\/v2\/product\/4860","targetHints":{"allow":["GET"]}}],"collection":[{"href":"https:\/\/www.hanseluk.com\/de\/wp-json\/wp\/v2\/product"}],"about":[{"href":"https:\/\/www.hanseluk.com\/de\/wp-json\/wp\/v2\/types\/product"}],"version-history":[{"count":0,"href":"https:\/\/www.hanseluk.com\/de\/wp-json\/wp\/v2\/product\/4860\/revisions"}],"wp:featuredmedia":[{"embeddable":true,"href":"https:\/\/www.hanseluk.com\/de\/wp-json\/wp\/v2\/media\/4861"}],"wp:attachment":[{"href":"https:\/\/www.hanseluk.com\/de\/wp-json\/wp\/v2\/media?parent=4860"}],"wp:term":[{"taxonomy":"product_brand","embeddable":true,"href":"https:\/\/www.hanseluk.com\/de\/wp-json\/wp\/v2\/product_brand?post=4860"},{"taxonomy":"product_cat","embeddable":true,"href":"https:\/\/www.hanseluk.com\/de\/wp-json\/wp\/v2\/product_cat?post=4860"},{"taxonomy":"product_tag","embeddable":true,"href":"https:\/\/www.hanseluk.com\/de\/wp-json\/wp\/v2\/product_tag?post=4860"}],"curies":[{"name":"wp","href":"https:\/\/api.w.org\/{rel}","templated":true}]}}