{"id":10870,"date":"2025-07-30T15:00:12","date_gmt":"2025-07-30T07:00:12","guid":{"rendered":"https:\/\/www.hanseluk.com\/?post_type=product&#038;p=10870"},"modified":"2025-10-09T10:28:03","modified_gmt":"2025-10-09T02:28:03","slug":"polished-ceramic-floor-tile","status":"publish","type":"product","link":"https:\/\/www.hanseluk.com\/es\/baldosas-de-ceramica-pulida\/","title":{"rendered":"300\u00d7300 \/ 300\u00d7600 \/ 600\u00d7600 mm Baldosa cer\u00e1mica pulida"},"content":{"rendered":"<table class=\"table\" border=\"0\" width=\"100%\" cellspacing=\"0\" cellpadding=\"0\">\n<tbody>\n<tr class=\"firstRow\">\n<td>\u00a0 \u00a0 \u00a0 Tipo<\/td>\n<td>\u00a0 \u00a0 \u00a0 Baldosas de cer\u00e1mica pulida<\/td>\n<\/tr>\n<tr>\n<td>\u00a0 \u00a0 \u00a0 Modelo<\/td>\n<td>\u00a0 \u00a0 \u00a0 HS608GN<\/td>\n<\/tr>\n<tr>\n<td>\u00a0 \u00a0 \u00a0 Espesor<\/td>\n<td>\u00a0 \u00a0 \u00a0 \u00a0Baldosa de 9,5\u00b10,3 mm<\/td>\n<\/tr>\n<tr>\n<td>\u00a0 \u00a0 \u00a0 Lugar de origen<\/td>\n<td>\u00a0 \u00a0 \u00a0 \u00a0FOSHAN, CHINA<\/td>\n<\/tr>\n<tr>\n<td>\u00a0 \u00a0 \u00a0 Certificados<\/td>\n<td>\u00a0 \u00a0 \u00a0 \u00a0CE e ISO9001<\/td>\n<\/tr>\n<tr>\n<td>\u00a0 \u00a0 \u00a0 Embalaje<\/td>\n<td>\u00a0 \u00a0 \u00a0 \u00a0Caja de papel, pal\u00e9s de madera.<\/td>\n<\/tr>\n<tr>\n<td>\u00a0 \u00a0 \u00a0 Peso<\/td>\n<td>\u00a0 \u00a0 \u00a0 \u00a030 kg\/Cart\u00f3n<\/td>\n<\/tr>\n<tr>\n<td>\u00a0 \u00a0 \u00a0 \u00a0Utilizaci\u00f3n<\/td>\n<td>\u00a0 \u00a0 \u00a0 \u00a0Azulejos y baldosas de interior para vest\u00edbulos, viviendas, grandes proyectos, etc.<\/td>\n<\/tr>\n<\/tbody>\n<\/table>\n<p>Specifications include 300x300mm, 300x600mm, 600x600mm, 800x800mm, 600x1200mm, and so much more. This white Carrara-look floor tile has a surface texture that is easy to clean, slip resistant, stain resistant, and has high strength.<\/p>\n<p>&#8211;1. water absorption ceramic tile less than 0.5%<\/p>\n<p>&#8211;2. breaking force (for thickness &gt;=9.5mm) of 1300N minimum<\/p>\n<p>&#8211;3. classification AAA for floor tiles<\/p>\n<p>&#8211;4. use: borders, walls, and floor tiles<\/p>\n<p>&#8211;5. material: polished ceramic floor tile<\/p>\n<p>Polished Ceramic Floor Tiles will give your floors a sense of natural beauty. Their design was inspired by high-quality Italian Carrara white marble, with a soft white base color, with luxurious gold and green onyx-style veining. The precisely cut edges and glossy finish result in a refined and sleek look &#8211; it is perfect for a stunning hallway, or kitchen, or bathroom upgrade.<br \/>\nThere are also coordinating trim pieces available.<\/p>\n<p>Are you thinking about freshening up your kitchen, bathroom, or living area? Upgrade your flooring and give your space an elegant touch, with these marble-look polished ceramic tiles. Featuring a pale background, and subtle grey veins, these gloss tiles are from our Elegant Marble Effect Tile collection and are suitable for installation on floors and walls.<\/p>\n<p data-start=\"462\" data-end=\"773\"><img fetchpriority=\"high\" decoding=\"async\" class=\"wp-image-10871 size-full alignnone\" src=\"https:\/\/www.hanseluk.com\/wp-content\/uploads\/2025\/07\/as01_1_11zon.webp\" alt=\"baldosas de cer\u00e1mica pulida\" width=\"750\" height=\"447\" title=\"\" srcset=\"https:\/\/www.hanseluk.com\/wp-content\/uploads\/2025\/07\/as01_1_11zon.webp 750w, https:\/\/www.hanseluk.com\/wp-content\/uploads\/2025\/07\/as01_1_11zon-300x179.webp 300w, https:\/\/www.hanseluk.com\/wp-content\/uploads\/2025\/07\/as01_1_11zon-150x89.webp 150w, https:\/\/www.hanseluk.com\/wp-content\/uploads\/2025\/07\/as01_1_11zon-18x12.webp 18w, https:\/\/www.hanseluk.com\/wp-content\/uploads\/2025\/07\/as01_1_11zon-600x358.webp 600w\" sizes=\"(max-width: 750px) 100vw, 750px\" \/><\/p>\n<p data-start=\"462\" data-end=\"773\"><img decoding=\"async\" class=\"wp-image-10872 size-full alignnone\" src=\"https:\/\/www.hanseluk.com\/wp-content\/uploads\/2025\/07\/as02_2_11zon.webp\" alt=\"baldosas de cer\u00e1mica pulida\" width=\"750\" height=\"750\" title=\"\" srcset=\"https:\/\/www.hanseluk.com\/wp-content\/uploads\/2025\/07\/as02_2_11zon.webp 750w, https:\/\/www.hanseluk.com\/wp-content\/uploads\/2025\/07\/as02_2_11zon-300x300.webp 300w, https:\/\/www.hanseluk.com\/wp-content\/uploads\/2025\/07\/as02_2_11zon-150x150.webp 150w, https:\/\/www.hanseluk.com\/wp-content\/uploads\/2025\/07\/as02_2_11zon-12x12.webp 12w, https:\/\/www.hanseluk.com\/wp-content\/uploads\/2025\/07\/as02_2_11zon-600x600.webp 600w, https:\/\/www.hanseluk.com\/wp-content\/uploads\/2025\/07\/as02_2_11zon-100x100.webp 100w\" sizes=\"(max-width: 750px) 100vw, 750px\" \/><\/p>\n<p data-start=\"462\" data-end=\"773\"><img decoding=\"async\" class=\"wp-image-10873 alignnone\" src=\"https:\/\/www.hanseluk.com\/wp-content\/uploads\/2025\/07\/as03_3_11zon.webp\" alt=\"baldosa\" width=\"750\" height=\"488\" title=\"\" srcset=\"https:\/\/www.hanseluk.com\/wp-content\/uploads\/2025\/07\/as03_3_11zon.webp 756w, https:\/\/www.hanseluk.com\/wp-content\/uploads\/2025\/07\/as03_3_11zon-300x195.webp 300w, https:\/\/www.hanseluk.com\/wp-content\/uploads\/2025\/07\/as03_3_11zon-150x98.webp 150w, https:\/\/www.hanseluk.com\/wp-content\/uploads\/2025\/07\/as03_3_11zon-18x12.webp 18w, https:\/\/www.hanseluk.com\/wp-content\/uploads\/2025\/07\/as03_3_11zon-600x390.webp 600w\" sizes=\"(max-width: 750px) 100vw, 750px\" \/><\/p>\n<p data-start=\"462\" data-end=\"773\">This collection is available in a variety of colors and patterns that are popular with supermarkets, shopping centers, and other like-minded commercial areas. We have the best quality tiles for the construction and commercial industries, at very competitive prices, and offer more tile types at our brick and mortar stores.<br \/>\nPlease visit our website or email us to inquire for more information about our tile range.<\/p>\n<p><strong>Caracter\u00edsticas del producto<\/strong><\/p>\n<p data-start=\"54\" data-end=\"85\">Baldosas de cer\u00e1mica pulida<\/p>\n<p data-start=\"54\" data-end=\"85\">Esta baldosa tiene una gran resistencia al desgaste debido a su composici\u00f3n extremadamente fina, pero, tambi\u00e9n tiene una buena resistencia a la flexi\u00f3n y una baja absorci\u00f3n de agua. La superficie de la baldosa est\u00e1 hecha de frita de cristal cocida a altas temperaturas, produciendo una impresionante apariencia tridimensional. Tiene una superficie de fondo blanco, con un n\u00edtido elemento veteado natural. Es detallado, sofisticado, bien equilibrado y se asemeja al bello aspecto de la piedra natural.<\/p>\n<p>1.Fully polished glazed ceramic floor tile<\/p>\n<p>2.Polished with gloss or mat surfaces; ceramic flooring premium grade<\/p>\n<p>3.Grade AAA standard quality<\/p>\n<p>4.Typical application in residential space, supermarkets, shopping centre, warehouses etc.<\/p>\n<p>5.Recommended Products<\/p>\n<p><strong>Nuestros servicios:<\/strong><\/p>\n<p>We guarantee that you will get a response to your product and pricing inquiries within 24 hours.We have a professional and well-trained team, and they will assist you with any inquiries with fluent English.<br \/>\nWe are not offline, online 24 hours a day.<br \/>\nOEM orders accepted with pleasure.<br \/>\nYour business with us will be completely confidential.<br \/>\nAfter sales service is reliable &#8211; let us know if there are any problems.<\/p>\n<p><strong>Recordatorio amistoso:<\/strong><\/p>\n<p>Please spend a few moments checking the packaging when you receive your order. If you receive the wrong items, have quality issues or have a deficit, please let us know right away.<br \/>\nMake sure to provide photos of the product so we can review and arrange a replacement or refund as appropriate.<\/p>\n<p>We sincerely hope that we will become your trusted and long term tile supplier!<\/p>\n<p><strong>P\u00f3ngase en contacto:<\/strong><\/p>\n<p>Browse more tiles from HANSE Ceramic.<br \/>\nWe have a quality product and great prices. Check out our website for more info: https:\/\/www.hanseluk.com\/<br \/>\nWhether you have found what you need or are continuing your search, please feel free to contact us.<\/p>","protected":false},"excerpt":{"rendered":"<p><strong>Modelo:<\/strong> HS608GN<br \/>\n<strong>Tama\u00f1o:<\/strong> 300x300mm \/ 300x600mm \/ 600x600mm<br \/>\n<strong>Color:<\/strong> Blanco<br \/>\n<strong>Material:<\/strong> Porcelana<br \/>\n<strong>Grosor:<\/strong> 9,5\u00b10,3 mm<br \/>\n<strong>Tratamiento de la superficie:<\/strong> Pulido<br \/>\n<strong>Absorci\u00f3n de agua:<\/strong> \u22640.5%<\/p>\n<p>&nbsp;<\/p>","protected":false},"featured_media":10884,"template":"","meta":{"_eb_attr":""},"product_brand":[],"product_cat":[113,114,136],"product_tag":[],"class_list":{"0":"post-10870","1":"product","2":"type-product","3":"status-publish","4":"has-post-thumbnail","6":"product_cat-floor-tile","7":"product_cat-ceramic-floor-tile","8":"product_cat-furniture-related","10":"first","11":"instock","12":"shipping-taxable","13":"product-type-simple"},"_links":{"self":[{"href":"https:\/\/www.hanseluk.com\/es\/wp-json\/wp\/v2\/product\/10870","targetHints":{"allow":["GET"]}}],"collection":[{"href":"https:\/\/www.hanseluk.com\/es\/wp-json\/wp\/v2\/product"}],"about":[{"href":"https:\/\/www.hanseluk.com\/es\/wp-json\/wp\/v2\/types\/product"}],"version-history":[{"count":0,"href":"https:\/\/www.hanseluk.com\/es\/wp-json\/wp\/v2\/product\/10870\/revisions"}],"wp:featuredmedia":[{"embeddable":true,"href":"https:\/\/www.hanseluk.com\/es\/wp-json\/wp\/v2\/media\/10884"}],"wp:attachment":[{"href":"https:\/\/www.hanseluk.com\/es\/wp-json\/wp\/v2\/media?parent=10870"}],"wp:term":[{"taxonomy":"product_brand","embeddable":true,"href":"https:\/\/www.hanseluk.com\/es\/wp-json\/wp\/v2\/product_brand?post=10870"},{"taxonomy":"product_cat","embeddable":true,"href":"https:\/\/www.hanseluk.com\/es\/wp-json\/wp\/v2\/product_cat?post=10870"},{"taxonomy":"product_tag","embeddable":true,"href":"https:\/\/www.hanseluk.com\/es\/wp-json\/wp\/v2\/product_tag?post=10870"}],"curies":[{"name":"wp","href":"https:\/\/api.w.org\/{rel}","templated":true}]}}