{"id":507,"date":"2024-07-25T10:48:58","date_gmt":"2024-07-25T02:48:58","guid":{"rendered":"https:\/\/www.hanseluk.com\/?page_id=507"},"modified":"2025-05-26T09:37:10","modified_gmt":"2025-05-26T01:37:10","slug":"our-certifications","status":"publish","type":"page","link":"https:\/\/www.hanseluk.com\/es_do\/nuestras-certificaciones\/","title":{"rendered":"Nuestras certificaciones"},"content":{"rendered":"<div data-elementor-type=\"wp-page\" data-elementor-id=\"507\" class=\"elementor elementor-507\" data-elementor-post-type=\"page\">\n\t\t\t\t<div class=\"elementor-element elementor-element-196a001e e-flex e-con-boxed wpr-particle-no wpr-jarallax-no wpr-parallax-no wpr-sticky-section-no e-con e-parent\" data-id=\"196a001e\" data-element_type=\"container\" data-e-type=\"container\">\n\t\t\t\t\t<div class=\"e-con-inner\">\n\t\t\t\t<div class=\"elementor-element elementor-element-1f9a05d8 elementor-widget elementor-widget-heading\" data-id=\"1f9a05d8\" data-element_type=\"widget\" data-e-type=\"widget\" data-widget_type=\"heading.default\">\n\t\t\t\t<div class=\"elementor-widget-container\">\n\t\t\t\t\t<h2 class=\"elementor-heading-title elementor-size-default\">Nuestras certificaciones<\/h2>\t\t\t\t<\/div>\n\t\t\t\t<\/div>\n\t\t\t\t<div class=\"elementor-element elementor-element-343987e5 elementor-widget-divider--view-line elementor-widget elementor-widget-divider\" data-id=\"343987e5\" data-element_type=\"widget\" data-e-type=\"widget\" data-widget_type=\"divider.default\">\n\t\t\t\t<div class=\"elementor-widget-container\">\n\t\t\t\t\t\t\t<div class=\"elementor-divider\">\n\t\t\t<span class=\"elementor-divider-separator\">\n\t\t\t\t\t\t<\/span>\n\t\t<\/div>\n\t\t\t\t\t\t<\/div>\n\t\t\t\t<\/div>\n\t\t\t\t\t<\/div>\n\t\t\t\t<\/div>\n\t\t<div class=\"elementor-element elementor-element-234b68f e-flex e-con-boxed wpr-particle-no wpr-jarallax-no wpr-parallax-no wpr-sticky-section-no e-con e-parent\" data-id=\"234b68f\" data-element_type=\"container\" data-e-type=\"container\">\n\t\t\t\t\t<div class=\"e-con-inner\">\n\t\t<div class=\"elementor-element elementor-element-47c818d e-con-full e-flex wpr-particle-no wpr-jarallax-no wpr-parallax-no wpr-sticky-section-no e-con e-child\" data-id=\"47c818d\" data-element_type=\"container\" data-e-type=\"container\">\n\t\t\t\t<div class=\"elementor-element elementor-element-7512133 elementor-widget elementor-widget-image\" data-id=\"7512133\" data-element_type=\"widget\" data-e-type=\"widget\" data-widget_type=\"image.default\">\n\t\t\t\t<div class=\"elementor-widget-container\">\n\t\t\t\t\t\t\t\t\t\t\t\t\t\t\t<img fetchpriority=\"high\" decoding=\"async\" width=\"653\" height=\"1024\" src=\"https:\/\/www.hanseluk.com\/wp-content\/uploads\/2024\/07\/2-653x1024.jpg\" class=\"attachment-large size-large wp-image-503\" alt=\"\" srcset=\"https:\/\/www.hanseluk.com\/wp-content\/uploads\/2024\/07\/2-653x1024.jpg 653w, https:\/\/www.hanseluk.com\/wp-content\/uploads\/2024\/07\/2-191x300.jpg 191w, https:\/\/www.hanseluk.com\/wp-content\/uploads\/2024\/07\/2-768x1204.jpg 768w, https:\/\/www.hanseluk.com\/wp-content\/uploads\/2024\/07\/2-600x941.jpg 600w, https:\/\/www.hanseluk.com\/wp-content\/uploads\/2024\/07\/2.jpg 799w\" sizes=\"(max-width: 653px) 100vw, 653px\" title=\"\">\t\t\t\t\t\t\t\t\t\t\t\t\t\t\t<\/div>\n\t\t\t\t<\/div>\n\t\t\t\t<\/div>\n\t\t<div class=\"elementor-element elementor-element-3530e0a e-con-full e-flex wpr-particle-no wpr-jarallax-no wpr-parallax-no wpr-sticky-section-no e-con e-child\" data-id=\"3530e0a\" data-element_type=\"container\" data-e-type=\"container\">\n\t\t<div class=\"elementor-element elementor-element-7111320 e-flex e-con-boxed wpr-particle-no wpr-jarallax-no wpr-parallax-no wpr-sticky-section-no e-con e-child\" data-id=\"7111320\" data-element_type=\"container\" data-e-type=\"container\">\n\t\t\t\t\t<div class=\"e-con-inner\">\n\t\t\t\t<div class=\"elementor-element elementor-element-1185058 elementor-widget elementor-widget-image\" data-id=\"1185058\" data-element_type=\"widget\" data-e-type=\"widget\" data-widget_type=\"image.default\">\n\t\t\t\t<div class=\"elementor-widget-container\">\n\t\t\t\t\t\t\t\t\t\t\t\t\t\t\t<img decoding=\"async\" width=\"799\" height=\"563\" src=\"https:\/\/www.hanseluk.com\/wp-content\/uploads\/2024\/07\/11-2.jpg\" class=\"attachment-large size-large wp-image-501\" alt=\"\" srcset=\"https:\/\/www.hanseluk.com\/wp-content\/uploads\/2024\/07\/11-2.jpg 799w, https:\/\/www.hanseluk.com\/wp-content\/uploads\/2024\/07\/11-2-300x211.jpg 300w, https:\/\/www.hanseluk.com\/wp-content\/uploads\/2024\/07\/11-2-768x541.jpg 768w, https:\/\/www.hanseluk.com\/wp-content\/uploads\/2024\/07\/11-2-600x423.jpg 600w\" sizes=\"(max-width: 799px) 100vw, 799px\" title=\"\">\t\t\t\t\t\t\t\t\t\t\t\t\t\t\t<\/div>\n\t\t\t\t<\/div>\n\t\t\t\t\t<\/div>\n\t\t\t\t<\/div>\n\t\t<div class=\"elementor-element elementor-element-d907ad3 e-flex e-con-boxed wpr-particle-no wpr-jarallax-no wpr-parallax-no wpr-sticky-section-no e-con e-child\" data-id=\"d907ad3\" data-element_type=\"container\" data-e-type=\"container\">\n\t\t\t\t\t<div class=\"e-con-inner\">\n\t\t\t\t<div class=\"elementor-element elementor-element-74a0552 elementor-widget elementor-widget-image\" data-id=\"74a0552\" data-element_type=\"widget\" data-e-type=\"widget\" data-widget_type=\"image.default\">\n\t\t\t\t<div class=\"elementor-widget-container\">\n\t\t\t\t\t\t\t\t\t\t\t\t\t\t\t<img decoding=\"async\" width=\"800\" height=\"750\" src=\"https:\/\/www.hanseluk.com\/wp-content\/uploads\/2024\/07\/33-1.jpg\" class=\"attachment-large size-large wp-image-502\" alt=\"\" srcset=\"https:\/\/www.hanseluk.com\/wp-content\/uploads\/2024\/07\/33-1.jpg 800w, https:\/\/www.hanseluk.com\/wp-content\/uploads\/2024\/07\/33-1-300x281.jpg 300w, https:\/\/www.hanseluk.com\/wp-content\/uploads\/2024\/07\/33-1-768x720.jpg 768w, https:\/\/www.hanseluk.com\/wp-content\/uploads\/2024\/07\/33-1-600x563.jpg 600w\" sizes=\"(max-width: 800px) 100vw, 800px\" title=\"\">\t\t\t\t\t\t\t\t\t\t\t\t\t\t\t<\/div>\n\t\t\t\t<\/div>\n\t\t\t\t\t<\/div>\n\t\t\t\t<\/div>\n\t\t\t\t<\/div>\n\t\t\t\t\t<\/div>\n\t\t\t\t<\/div>\n\t\t<div class=\"elementor-element elementor-element-0b47295 e-flex e-con-boxed wpr-particle-no wpr-jarallax-no wpr-parallax-no wpr-sticky-section-no e-con e-parent\" data-id=\"0b47295\" data-element_type=\"container\" data-e-type=\"container\">\n\t\t\t\t\t<div class=\"e-con-inner\">\n\t\t\t\t<div class=\"elementor-element elementor-element-2892308 elementor-widget elementor-widget-spacer\" data-id=\"2892308\" data-element_type=\"widget\" data-e-type=\"widget\" data-widget_type=\"spacer.default\">\n\t\t\t\t<div class=\"elementor-widget-container\">\n\t\t\t\t\t\t\t<div class=\"elementor-spacer\">\n\t\t\t<div class=\"elementor-spacer-inner\"><\/div>\n\t\t<\/div>\n\t\t\t\t\t\t<\/div>\n\t\t\t\t<\/div>\n\t\t\t\t\t<\/div>\n\t\t\t\t<\/div>\n\t\t<div class=\"elementor-element elementor-element-360297a e-flex e-con-boxed wpr-particle-no wpr-jarallax-no wpr-parallax-no wpr-sticky-section-no e-con e-parent\" data-id=\"360297a\" data-element_type=\"container\" data-e-type=\"container\">\n\t\t\t\t\t<div class=\"e-con-inner\">\n\t\t\t\t<div class=\"elementor-element elementor-element-0d78654 elementor-widget elementor-widget-text-editor\" data-id=\"0d78654\" data-element_type=\"widget\" data-e-type=\"widget\" data-widget_type=\"text-editor.default\">\n\t\t\t\t<div class=\"elementor-widget-container\">\n\t\t\t\t\t\t\t\t\t<p>Autorizado por la Administraci\u00f3n Estatal de Supervisi\u00f3n del Mercado.<\/p><p>Certificado ISO, Certificado de tableros de part\u00edculas, Certificado de MDF, Certificado de madera contrachapada.<\/p><p>1. Embalaje de espuma y cart\u00f3n<\/p><p>Cuando termine la producci\u00f3n de los muebles, embalaremos cada pieza de los muebles con papel de espuma y cart\u00f3n.<\/p><p>2. Mantenimiento de almacenes<\/p><p>Si terminamos la producci\u00f3n y esperar a que el pago del saldo personalizado, vamos a mantener todas las partes en nuestro almac\u00e9n de seguridad.<\/p><p>3. Contenedor de carga<\/p><p>cargaremos el contenedor herm\u00e9ticamente y confirmaremos la seguridad 100% Y tomaremos fotos para el cliente.<\/p><p>Nadie mejor que nosotros para llevar su pedido de principio a fin. Gracias a la tecnolog\u00eda y a a\u00f1os de experiencia, hemos agilizado el proceso de fabricaci\u00f3n de productos para nuestras l\u00edneas de Puertas y Ventanas, Armarios de Cocina y Ba\u00f1o y Armarios, asegur\u00e1ndole calidad y cantidad. Ofrecemos el plazo de entrega m\u00e1s r\u00e1pido del sector, a todos los rincones del mundo.<\/p>\t\t\t\t\t\t\t\t<\/div>\n\t\t\t\t<\/div>\n\t\t\t\t\t<\/div>\n\t\t\t\t<\/div>\n\t\t<div class=\"elementor-element elementor-element-90921bf e-flex e-con-boxed wpr-particle-no wpr-jarallax-no wpr-parallax-no wpr-sticky-section-no e-con e-parent\" data-id=\"90921bf\" data-element_type=\"container\" data-e-type=\"container\">\n\t\t\t\t\t<div class=\"e-con-inner\">\n\t\t\t\t<div class=\"elementor-element elementor-element-2fc39f3 elementor-widget elementor-widget-spacer\" data-id=\"2fc39f3\" data-element_type=\"widget\" data-e-type=\"widget\" data-widget_type=\"spacer.default\">\n\t\t\t\t<div class=\"elementor-widget-container\">\n\t\t\t\t\t\t\t<div class=\"elementor-spacer\">\n\t\t\t<div class=\"elementor-spacer-inner\"><\/div>\n\t\t<\/div>\n\t\t\t\t\t\t<\/div>\n\t\t\t\t<\/div>\n\t\t\t\t\t<\/div>\n\t\t\t\t<\/div>\n\t\t\t\t<\/div>","protected":false},"excerpt":{"rendered":"<p>Our certifications Authorized by the State Administration of market supervision. ISO Certificate, Particle Board Certificate, MDF Certificate, Plywood Certificate. 1. Foam and Carton packing When finish furniture production.we will pack every furniture part by foam paper and carton. 2. Warehouse keeping If we finish production and wait for custom balance payment,we will keep every part in our warehouse safety. 3. Loading container we will load the container tightly and confirm the safety 100% And we will take photos for customer. No one is better able to take your order from start to finish. Using technology and years of experience, we\u2019ve streamlined the product manufacturing process for our Door &amp; Window, Kitchen &amp; Bathroom Cabinets and Wardrobe lines, assuring you both quality and quantity. We provide the quickest delivery time in the industry, to every corner in the world.<\/p>","protected":false},"author":1,"featured_media":0,"parent":0,"menu_order":0,"comment_status":"closed","ping_status":"closed","template":"","meta":{"_eb_attr":"","footnotes":""},"class_list":["post-507","page","type-page","status-publish","hentry"],"_links":{"self":[{"href":"https:\/\/www.hanseluk.com\/es_do\/wp-json\/wp\/v2\/pages\/507","targetHints":{"allow":["GET"]}}],"collection":[{"href":"https:\/\/www.hanseluk.com\/es_do\/wp-json\/wp\/v2\/pages"}],"about":[{"href":"https:\/\/www.hanseluk.com\/es_do\/wp-json\/wp\/v2\/types\/page"}],"author":[{"embeddable":true,"href":"https:\/\/www.hanseluk.com\/es_do\/wp-json\/wp\/v2\/users\/1"}],"replies":[{"embeddable":true,"href":"https:\/\/www.hanseluk.com\/es_do\/wp-json\/wp\/v2\/comments?post=507"}],"version-history":[{"count":0,"href":"https:\/\/www.hanseluk.com\/es_do\/wp-json\/wp\/v2\/pages\/507\/revisions"}],"wp:attachment":[{"href":"https:\/\/www.hanseluk.com\/es_do\/wp-json\/wp\/v2\/media?parent=507"}],"curies":[{"name":"wp","href":"https:\/\/api.w.org\/{rel}","templated":true}]}}