{"id":12185,"date":"2025-10-08T16:56:03","date_gmt":"2025-10-08T08:56:03","guid":{"rendered":"https:\/\/www.hanseluk.com\/?post_type=product&#038;p=12185"},"modified":"2025-10-09T09:43:24","modified_gmt":"2025-10-09T01:43:24","slug":"sleek-and-modern-dark-grey-kitchen-cabinets-with-golden-accents-2","status":"publish","type":"product","link":"https:\/\/www.hanseluk.com\/es_do\/elegantes-y-modernos-armarios-de-cocina-gris-oscuro-con-detalles-dorados-2\/","title":{"rendered":"Elegantes y modernos armarios de cocina en gris oscuro con toques dorados"},"content":{"rendered":"<p><span style=\"color: #000000;\"><img fetchpriority=\"high\" decoding=\"async\" class=\"alignleft wp-image-6161\" src=\"https:\/\/www.cabinetworldinc.com\/wp-content\/uploads\/2024\/12\/1-13-300x225.jpg\" alt=\"\" width=\"500\" height=\"375\" title=\"\"><\/span><\/p>\n<p>&nbsp;<\/p>\n<p>&nbsp;<\/p>\n<p><span style=\"color: #000000;\">Concepto de dise\u00f1o<\/span><br \/>\n<span style=\"color: #000000;\">El concepto de dise\u00f1o de esta cocina se centra en la elegancia y sofisticaci\u00f3n de los armarios de cocina de color gris oscuro. Los tonos grises profundos proporcionan un aspecto moderno y refinado, perfectamente complementado con sutiles acentos dorados que a\u00f1aden un toque de lujo. El dise\u00f1o minimalista se realza con l\u00edneas limpias y electrodom\u00e9sticos integrados, creando un ambiente de cocina fluido y con estilo que destila elegancia contempor\u00e1nea.<\/span><br \/>\n<span style=\"color: #000000;\">Paleta de colores y tratamiento de superficies<\/span><br \/>\n<span style=\"color: #000000;\">Los armarios de cocina de color gris oscuro tienen un acabado liso mate que confiere a la cocina un aspecto elegante y pulido. Los tonos oscuros crean un llamativo contraste con el suelo claro y el salpicadero, mientras que los detalles dorados aportan un toque c\u00e1lido y lujoso. El acabado mate no s\u00f3lo realza el atractivo visual, sino que tambi\u00e9n hace que los armarios sean resistentes a las huellas dactilares y f\u00e1ciles de mantener, garantizando un aspecto impecable con el paso del tiempo.<\/span><\/p>\n<p>&nbsp;<\/p>\n<p>&nbsp;<\/p>\n<p>&nbsp;<\/p>\n<p>&nbsp;<\/p>\n<p><span style=\"color: #000000;\"><img decoding=\"async\" class=\"alignright wp-image-6162\" src=\"https:\/\/www.cabinetworldinc.com\/wp-content\/uploads\/2024\/12\/2-15-300x225.jpg\" alt=\"\" width=\"400\" height=\"300\" title=\"\"><\/span><\/p>\n<p>&nbsp;<\/p>\n<p><span style=\"color: #000000;\">Concepto de dise\u00f1o<\/span><br \/>\n<span style=\"color: #000000;\">El concepto de dise\u00f1o de esta cocina se centra en la elegancia y sofisticaci\u00f3n de los armarios de cocina de color gris oscuro. Los tonos grises profundos proporcionan un aspecto moderno y refinado, perfectamente complementado con sutiles acentos dorados que a\u00f1aden un toque de lujo. El dise\u00f1o minimalista se realza con l\u00edneas limpias y electrodom\u00e9sticos integrados, creando un ambiente de cocina fluido y con estilo que destila elegancia contempor\u00e1nea.<\/span><br \/>\n<span style=\"color: #000000;\">Paleta de colores y tratamiento de superficies<\/span><br \/>\n<span style=\"color: #000000;\">Los armarios de cocina de color gris oscuro tienen un acabado liso mate que confiere a la cocina un aspecto elegante y pulido. Los tonos oscuros crean un llamativo contraste con el suelo claro y el salpicadero, mientras que los detalles dorados aportan un toque c\u00e1lido y lujoso. El acabado mate no s\u00f3lo realza el atractivo visual, sino que tambi\u00e9n hace que los armarios sean resistentes a las huellas dactilares y f\u00e1ciles de mantener, garantizando un aspecto impecable con el paso del tiempo.<\/span><\/p>\n<p>&nbsp;<\/p>\n<p>&nbsp;<\/p>\n<p>&nbsp;<\/p>\n<p>&nbsp;<\/p>\n<p><span style=\"color: #000000;\"><img decoding=\"async\" class=\"size-medium wp-image-6163 alignleft\" src=\"https:\/\/www.cabinetworldinc.com\/wp-content\/uploads\/2024\/12\/3-9-300x225.jpg\" alt=\"\" width=\"300\" height=\"225\" title=\"\"><\/span><\/p>\n<p>&nbsp;<\/p>\n<p>&nbsp;<\/p>\n<p><span style=\"color: #000000;\">Funcionalidad y ergonom\u00eda<\/span><br \/>\n<span style=\"color: #000000;\">Los armarios de cocina de color gris oscuro se han dise\u00f1ado pensando tanto en la est\u00e9tica como en la funcionalidad. La disposici\u00f3n garantiza que todos los elementos esenciales est\u00e9n al alcance de la mano, mientras que las estanter\u00edas abiertas ofrecen opciones adicionales de almacenamiento y exposici\u00f3n. El dise\u00f1o sin tiradores de los armarios facilita su uso y crea un aspecto elegante y moderno. La integraci\u00f3n de detalles dorados a\u00f1ade un toque de lujo, mientras que los tonos grises oscuros crean un ambiente tranquilo y sofisticado, perfecto tanto para el uso diario como para recibir invitados.<\/span><\/p>","protected":false},"excerpt":{"rendered":"<p>&nbsp; &nbsp; Concepto de dise\u00f1o El concepto de dise\u00f1o de esta cocina se centra en la elegancia y sofisticaci\u00f3n de los armarios de cocina de color gris oscuro. Los tonos grises profundos proporcionan un aspecto moderno y refinado, perfectamente complementado con sutiles acentos dorados que a\u00f1aden un toque de lujo. El dise\u00f1o minimalista se realza con l\u00edneas limpias y electrodom\u00e9sticos integrados, creando un ambiente de cocina fluido y con estilo que destila elegancia contempor\u00e1nea. Paleta de colores y tratamiento de superficies Los armarios de cocina de color gris oscuro est\u00e1n acabados con una superficie lisa mate, que confiere a la cocina un aspecto elegante y pulido. Los tonos oscuros crean un llamativo contraste con el suelo claro y el salpicadero, mientras que los detalles dorados aportan un toque c\u00e1lido y lujoso. El acabado mate no s\u00f3lo realza el atractivo visual, sino que tambi\u00e9n hace que los armarios sean resistentes a las huellas dactilares y f\u00e1ciles de mantener, garantizando un aspecto impecable con el paso del tiempo.           Concepto de dise\u00f1o El concepto de dise\u00f1o de esta cocina se centra en la elegancia y sofisticaci\u00f3n de los armarios de cocina de color gris oscuro. Los tonos grises profundos proporcionan un aspecto moderno y refinado, perfectamente complementado con sutiles acentos dorados que a\u00f1aden un toque de lujo. El dise\u00f1o minimalista se realza con l\u00edneas limpias y electrodom\u00e9sticos integrados, creando un ambiente de cocina fluido y con estilo que destila elegancia contempor\u00e1nea. Paleta de colores y tratamiento de superficies Los armarios de cocina de color gris oscuro est\u00e1n acabados con una superficie lisa mate, que confiere a la cocina un aspecto elegante y pulido. Los tonos oscuros crean un llamativo contraste con el suelo claro y el salpicadero, mientras que los detalles dorados aportan un toque c\u00e1lido y lujoso. El acabado mate no s\u00f3lo realza el atractivo visual, sino que tambi\u00e9n hace que los armarios sean resistentes a las huellas dactilares y f\u00e1ciles de mantener, garantizando un aspecto impecable con el paso del tiempo.             Funcionalidad y ergonom\u00eda Los armarios de cocina gris oscuro se han dise\u00f1ado pensando tanto en la est\u00e9tica como en la funcionalidad. La disposici\u00f3n garantiza que todos los elementos esenciales est\u00e9n al alcance de la mano, mientras que las estanter\u00edas abiertas ofrecen opciones adicionales de almacenamiento y exposici\u00f3n. El dise\u00f1o sin tiradores de los armarios facilita su uso y crea un aspecto elegante y moderno. La integraci\u00f3n de detalles dorados a\u00f1ade un toque de lujo, mientras que los tonos grises oscuros crean un ambiente tranquilo y sofisticado, perfecto tanto para el uso diario como para recibir invitados.<\/p>","protected":false},"featured_media":12198,"template":"","meta":{"_eb_attr":""},"product_brand":[],"product_cat":[115,129,135],"product_tag":[127],"class_list":{"0":"post-12185","1":"product","2":"type-product","3":"status-publish","4":"has-post-thumbnail","6":"product_cat-cabinets","7":"product_cat-kitchen-cabinet-2","8":"product_cat-melamine-kitchen-cabinets-2","9":"product_tag-two-fold-details-page","11":"first","12":"instock","13":"shipping-taxable","14":"product-type-simple"},"_links":{"self":[{"href":"https:\/\/www.hanseluk.com\/es_do\/wp-json\/wp\/v2\/product\/12185","targetHints":{"allow":["GET"]}}],"collection":[{"href":"https:\/\/www.hanseluk.com\/es_do\/wp-json\/wp\/v2\/product"}],"about":[{"href":"https:\/\/www.hanseluk.com\/es_do\/wp-json\/wp\/v2\/types\/product"}],"version-history":[{"count":0,"href":"https:\/\/www.hanseluk.com\/es_do\/wp-json\/wp\/v2\/product\/12185\/revisions"}],"wp:featuredmedia":[{"embeddable":true,"href":"https:\/\/www.hanseluk.com\/es_do\/wp-json\/wp\/v2\/media\/12198"}],"wp:attachment":[{"href":"https:\/\/www.hanseluk.com\/es_do\/wp-json\/wp\/v2\/media?parent=12185"}],"wp:term":[{"taxonomy":"product_brand","embeddable":true,"href":"https:\/\/www.hanseluk.com\/es_do\/wp-json\/wp\/v2\/product_brand?post=12185"},{"taxonomy":"product_cat","embeddable":true,"href":"https:\/\/www.hanseluk.com\/es_do\/wp-json\/wp\/v2\/product_cat?post=12185"},{"taxonomy":"product_tag","embeddable":true,"href":"https:\/\/www.hanseluk.com\/es_do\/wp-json\/wp\/v2\/product_tag?post=12185"}],"curies":[{"name":"wp","href":"https:\/\/api.w.org\/{rel}","templated":true}]}}