{"id":11957,"date":"2025-10-08T15:19:40","date_gmt":"2025-10-08T07:19:40","guid":{"rendered":"https:\/\/www.hanseluk.com\/?post_type=product&#038;p=11957"},"modified":"2025-10-09T09:46:08","modified_gmt":"2025-10-09T01:46:08","slug":"modern-black-lacquer-sliding-door-wardrobe-with-glass-doors","status":"publish","type":"product","link":"https:\/\/www.hanseluk.com\/es_es\/armario-moderno-de-puertas-correderas-lacado-en-negro-con-puertas-de-cristal\/","title":{"rendered":"Armario moderno lacado negro con puertas correderas y puertas de cristal"},"content":{"rendered":"<p><span style=\"color: #000000;\"><img fetchpriority=\"high\" decoding=\"async\" class=\"alignleft wp-image-6542\" src=\"https:\/\/www.cabinetworldinc.com\/wp-content\/uploads\/2024\/12\/1-58-300x225.jpg\" alt=\"\" width=\"400\" height=\"300\" title=\"\"><\/span><\/p>\n<p>&nbsp;<\/p>\n<p>&nbsp;<\/p>\n<p><span style=\"color: #000000;\">Concepto de dise\u00f1o:<\/span><br \/>\n<span style=\"color: #000000;\">Nuestro moderno armario de puertas correderas lacado en negro con puertas de cristal personifica la fusi\u00f3n de elegancia y modernidad. Este armario presenta un llamativo acabado lacado en negro combinado con puertas de cristal que dejan entrever su ordenado interior, lo que lo convierte en una pieza destacada en cualquier dormitorio moderno.<\/span><\/p>\n<p><span style=\"color: #000000;\">Paleta de colores y tratamiento de superficies:<\/span><br \/>\n<span style=\"color: #000000;\">El acabado lacado en negro del armario proporciona una textura profunda y rica que llama la atenci\u00f3n a la vez que combina sin esfuerzo con otros elementos decorativos. Los paneles de cristal se incorporan a las puertas correderas para realzar el atractivo visual y hacer que el contenido sea f\u00e1cilmente visible, a\u00f1adiendo funcionalidad y elegancia.<\/span><\/p>\n<p>&nbsp;<\/p>\n<p>&nbsp;<\/p>\n<p>&nbsp;<\/p>\n<p>&nbsp;<\/p>\n<p><span style=\"color: #000000;\"><img decoding=\"async\" class=\"alignright wp-image-6543\" src=\"https:\/\/www.cabinetworldinc.com\/wp-content\/uploads\/2024\/12\/2-60-300x169.jpg\" alt=\"\" width=\"500\" height=\"282\" title=\"\"><\/span><\/p>\n<p>&nbsp;<\/p>\n<p><span style=\"color: #000000;\">Configuraci\u00f3n espacial:<\/span><br \/>\n<span style=\"color: #000000;\">Dise\u00f1ado pensando en la eficiencia del espacio, el mecanismo de la puerta corredera permite un f\u00e1cil acceso sin necesidad de espacio adicional para el paso de la puerta. La distribuci\u00f3n interior est\u00e1 cuidadosamente pensada con una combinaci\u00f3n de espacios para colgar, estantes y cajones, lo que facilita el almacenamiento organizado de una amplia gama de prendas y accesorios.<\/span><\/p>\n<p><span style=\"color: #000000;\">Materiales y artesan\u00eda:<\/span><br \/>\n<span style=\"color: #000000;\">Construido con materiales de alta calidad, el robusto armario est\u00e1 pensado para durar. El lacado negro se aplica cuidadosamente para garantizar un acabado suave y duradero que resiste los ara\u00f1azos y la decoloraci\u00f3n. Las puertas de cristal son de vidrio templado de seguridad, que es a la vez elegante y resistente.<\/span><\/p>\n<p>&nbsp;<\/p>\n<p>&nbsp;<\/p>\n<p>&nbsp;<\/p>\n<p><span style=\"color: #000000;\"><img decoding=\"async\" class=\"size-medium wp-image-6544 alignleft\" src=\"https:\/\/www.cabinetworldinc.com\/wp-content\/uploads\/2024\/12\/3-50-300x225.jpg\" alt=\"\" width=\"300\" height=\"225\" title=\"\"><\/span><\/p>\n<p>&nbsp;<\/p>\n<p><span style=\"color: #000000;\">Funcionalidad y ergonom\u00eda:<\/span><br \/>\n<span style=\"color: #000000;\">Este dise\u00f1o de armario prioriza la funcionalidad con su puerta corredera, que no s\u00f3lo ahorra espacio, sino que tambi\u00e9n proporciona una experiencia de uso sin complicaciones. El dise\u00f1o ergon\u00f3mico garantiza que todas las zonas del armario sean accesibles, lo que facilita mantener sus pertenencias organizadas y al alcance de la mano. La incorporaci\u00f3n de puertas de cristal mejora la usabilidad al permitirle ver el contenido sin abrir las puertas, lo que resulta especialmente \u00fatil para las ma\u00f1anas ajetreadas.<\/span><\/p>","protected":false},"excerpt":{"rendered":"<p>&nbsp; &nbsp; Concepto de dise\u00f1o: Nuestro moderno armario de puertas correderas lacado en negro con puertas de cristal personifica la fusi\u00f3n de elegancia y modernidad. Este armario presenta un llamativo acabado lacado en negro combinado con puertas de cristal que dejan entrever el ordenado interior, convirti\u00e9ndolo en una pieza destacada en cualquier dormitorio moderno. Paleta de colores y tratamiento de la superficie: El acabado lacado en negro del armario proporciona una textura profunda y rica que llama la atenci\u00f3n a la vez que combina sin esfuerzo con otros elementos decorativos. Los paneles de cristal se incorporan a las puertas correderas para realzar el atractivo visual y hacer que el contenido sea f\u00e1cilmente visible, a\u00f1adiendo funcionalidad y elegancia.           Configuraci\u00f3n espacial: Dise\u00f1ado pensando en la eficiencia del espacio, el mecanismo de la puerta corredera permite un f\u00e1cil acceso sin necesidad de espacio adicional para el paso de la puerta. La distribuci\u00f3n interior est\u00e1 cuidadosamente pensada con una combinaci\u00f3n de espacios para colgar, estantes y cajones, lo que facilita el almacenamiento organizado de una amplia gama de prendas y accesorios. Materiales y fabricaci\u00f3n: Construido con materiales de alta calidad, el armario est\u00e1 pensado para durar. El lacado negro se aplica cuidadosamente para garantizar un acabado suave y duradero que resiste los ara\u00f1azos y la decoloraci\u00f3n. Las puertas de cristal son de vidrio templado de seguridad, que es a la vez elegante y resistente.         Funcionalidad y ergonom\u00eda: Este dise\u00f1o de armario prioriza la funcionalidad con su caracter\u00edstica de puerta corredera, que no s\u00f3lo ahorra espacio, sino que tambi\u00e9n proporciona una experiencia de usuario sin complicaciones. El dise\u00f1o ergon\u00f3mico garantiza que todas las zonas del armario sean accesibles, lo que facilita mantener sus pertenencias organizadas y al alcance de la mano. La incorporaci\u00f3n de puertas de cristal mejora la usabilidad al permitirle ver el contenido sin abrir las puertas, lo que resulta especialmente \u00fatil para las ma\u00f1anas ajetreadas.<\/p>","protected":false},"featured_media":11980,"template":"","meta":{"_eb_attr":""},"product_brand":[],"product_cat":[128,115],"product_tag":[127],"class_list":{"0":"post-11957","1":"product","2":"type-product","3":"status-publish","4":"has-post-thumbnail","6":"product_cat-bedroom-wardrobe-2","7":"product_cat-cabinets","8":"product_tag-two-fold-details-page","10":"first","11":"instock","12":"shipping-taxable","13":"product-type-simple"},"_links":{"self":[{"href":"https:\/\/www.hanseluk.com\/es_es\/wp-json\/wp\/v2\/product\/11957","targetHints":{"allow":["GET"]}}],"collection":[{"href":"https:\/\/www.hanseluk.com\/es_es\/wp-json\/wp\/v2\/product"}],"about":[{"href":"https:\/\/www.hanseluk.com\/es_es\/wp-json\/wp\/v2\/types\/product"}],"version-history":[{"count":0,"href":"https:\/\/www.hanseluk.com\/es_es\/wp-json\/wp\/v2\/product\/11957\/revisions"}],"wp:featuredmedia":[{"embeddable":true,"href":"https:\/\/www.hanseluk.com\/es_es\/wp-json\/wp\/v2\/media\/11980"}],"wp:attachment":[{"href":"https:\/\/www.hanseluk.com\/es_es\/wp-json\/wp\/v2\/media?parent=11957"}],"wp:term":[{"taxonomy":"product_brand","embeddable":true,"href":"https:\/\/www.hanseluk.com\/es_es\/wp-json\/wp\/v2\/product_brand?post=11957"},{"taxonomy":"product_cat","embeddable":true,"href":"https:\/\/www.hanseluk.com\/es_es\/wp-json\/wp\/v2\/product_cat?post=11957"},{"taxonomy":"product_tag","embeddable":true,"href":"https:\/\/www.hanseluk.com\/es_es\/wp-json\/wp\/v2\/product_tag?post=11957"}],"curies":[{"name":"wp","href":"https:\/\/api.w.org\/{rel}","templated":true}]}}