{"id":12031,"date":"2025-10-08T15:52:13","date_gmt":"2025-10-08T07:52:13","guid":{"rendered":"https:\/\/www.hanseluk.com\/?post_type=product&#038;p=12031"},"modified":"2025-10-09T09:45:04","modified_gmt":"2025-10-09T01:45:04","slug":"minimalism-white-l-shaped-walk-in-closet","status":"publish","type":"product","link":"https:\/\/www.hanseluk.com\/es_es\/minimalismo-blanco-en-forma-de-l-vestidor\/","title":{"rendered":"Minimalismo Armario en L Blanco"},"content":{"rendered":"<p><span style=\"color: #000000;\"><img fetchpriority=\"high\" decoding=\"async\" class=\"size-medium wp-image-6512 alignleft\" src=\"https:\/\/www.cabinetworldinc.com\/wp-content\/uploads\/2024\/12\/1-53-300x225.jpg\" alt=\"\" width=\"300\" height=\"225\" title=\"\"><\/span><\/p>\n<p>&nbsp;<\/p>\n<p><span style=\"color: #000000;\">Concepto de dise\u00f1o:<\/span><br \/>\n<span style=\"color: #000000;\">El vestidor Minimalism blanco en forma de L es un modelo de simplicidad y eficiencia modernas. Su dise\u00f1o en forma de L es ideal para aprovechar los espacios de esquina, que a menudo quedan infrautilizados, mientras que el acabado en blanco realza la sensaci\u00f3n de amplitud y luminosidad en cualquier habitaci\u00f3n, encarnando el esp\u00edritu minimalista.<\/span><br \/>\n<span style=\"color: #000000;\">Paleta de colores y tratamiento de superficies:<\/span><br \/>\n<span style=\"color: #000000;\">Este armario presenta un acabado blanco n\u00edtido que no s\u00f3lo ilumina el espacio, sino que tambi\u00e9n aporta una sensaci\u00f3n de calma y limpieza. Las superficies est\u00e1n tratadas para que sean duraderas y f\u00e1ciles de mantener, resistentes a manchas y ara\u00f1azos, lo que resulta esencial para conservar el aspecto impecable del armario.<\/span><\/p>\n<p>&nbsp;<\/p>\n<p>&nbsp;<\/p>\n<p>&nbsp;<\/p>\n<p>&nbsp;<\/p>\n<p><span style=\"color: #000000;\"><img decoding=\"async\" class=\"size-medium wp-image-6513 alignright\" src=\"https:\/\/www.cabinetworldinc.com\/wp-content\/uploads\/2024\/12\/2-55-219x300.jpg\" alt=\"\" width=\"219\" height=\"300\" title=\"\"><\/span><\/p>\n<p>&nbsp;<\/p>\n<p>&nbsp;<\/p>\n<p><span style=\"color: #000000;\">Configuraci\u00f3n espacial:<\/span><br \/>\n<span style=\"color: #000000;\">La configuraci\u00f3n en forma de L de este vestidor aprovecha al m\u00e1ximo el espacio disponible, proporcionando amplias opciones de almacenamiento sin abrumar la habitaci\u00f3n. Incluye secciones bien organizadas para colgar prendas, estanter\u00edas para prendas dobladas y cajones para accesorios, todos ellos dise\u00f1ados para ser f\u00e1cilmente accesibles.<\/span><\/p>\n<p><span style=\"color: #000000;\">Materiales y artesan\u00eda:<\/span><br \/>\n<span style=\"color: #000000;\">Fabricado con materiales de alta calidad, el vestidor est\u00e1 hecho para durar y mantener su atractivo est\u00e9tico. La artesan\u00eda es evidente en la construcci\u00f3n sin costuras y el acabado liso de los paneles y accesorios, asegurando que el armario no s\u00f3lo se ve elegante, pero tambi\u00e9n es pr\u00e1ctico para el uso diario.<\/span><\/p>\n<p>&nbsp;<\/p>\n<p>&nbsp;<\/p>\n<p>&nbsp;<\/p>\n<p>&nbsp;<\/p>\n<p><span style=\"color: #000000;\"><img decoding=\"async\" class=\"size-medium wp-image-6514 alignleft\" src=\"https:\/\/www.cabinetworldinc.com\/wp-content\/uploads\/2024\/12\/3-45-163x300.jpg\" alt=\"\" width=\"163\" height=\"300\" title=\"\"><\/span><\/p>\n<p>&nbsp;<\/p>\n<p>&nbsp;<\/p>\n<p>&nbsp;<\/p>\n<p>&nbsp;<\/p>\n<p><span style=\"color: #000000;\">Funcionalidad y ergonom\u00eda:<\/span><br \/>\n<span style=\"color: #000000;\">Dise\u00f1ado con la funcionalidad en su n\u00facleo, el armario minimalista blanco en forma de L cuenta con un dise\u00f1o ergon\u00f3mico que mejora la experiencia del usuario. La disposici\u00f3n de los estantes, cajones y espacios para colgar est\u00e1 estrat\u00e9gicamente planificada para ofrecer un acceso f\u00e1cil y un almacenamiento eficiente, simplificando la tarea de organizar y encontrar la ropa y los accesorios. Este cuidado dise\u00f1o garantiza que el armario sea tan funcional como bonito, convirti\u00e9ndolo en un valioso complemento para cualquier hogar moderno.<\/span><\/p>","protected":false},"excerpt":{"rendered":"<p>&nbsp; Concepto de dise\u00f1o: El vestidor en forma de L blanco Minimalism es un modelo de simplicidad y eficiencia modernas. Su dise\u00f1o en forma de L es ideal para aprovechar los espacios de esquina, que a menudo quedan infrautilizados, mientras que el acabado en blanco realza la sensaci\u00f3n de amplitud y luminosidad en cualquier habitaci\u00f3n, encarnando el esp\u00edritu minimalista. Paleta de colores y tratamiento de superficies: Este armario presenta un acabado blanco n\u00edtido que no s\u00f3lo ilumina el espacio, sino que tambi\u00e9n aporta una sensaci\u00f3n de calma y limpieza. Las superficies est\u00e1n tratadas para que sean duraderas y f\u00e1ciles de mantener, resistentes a manchas y ara\u00f1azos, lo que es esencial para preservar el aspecto impecable del armario.             Configuraci\u00f3n espacial: La configuraci\u00f3n en forma de L de este vestidor aprovecha al m\u00e1ximo el espacio disponible, proporcionando amplias opciones de almacenamiento sin abrumar la habitaci\u00f3n. Incluye secciones bien organizadas para colgar prendas, estanter\u00edas para art\u00edculos doblados y cajones para accesorios, todos ellos dise\u00f1ados para ser f\u00e1cilmente accesibles. Materiales y fabricaci\u00f3n: Construido con materiales de alta calidad, el vestidor est\u00e1 hecho para durar y mantener su atractivo est\u00e9tico. La artesan\u00eda es evidente en la construcci\u00f3n sin costuras y el acabado liso de los paneles y accesorios, asegurando que el armario no s\u00f3lo se ve elegante, pero tambi\u00e9n es pr\u00e1ctico para el uso diario.                 Funcionalidad y ergonom\u00eda: Dise\u00f1ado con la funcionalidad en su n\u00facleo, el armario minimalista blanco en forma de L cuenta con una disposici\u00f3n ergon\u00f3mica que mejora la experiencia del usuario. La disposici\u00f3n de los estantes, cajones y espacios para colgar est\u00e1 estrat\u00e9gicamente planificada para ofrecer un acceso f\u00e1cil y un almacenamiento eficiente, simplificando la tarea de organizar y encontrar la ropa y los accesorios. Este cuidado dise\u00f1o garantiza que el armario sea tan funcional como bonito, convirti\u00e9ndolo en un valioso complemento para cualquier hogar moderno.<\/p>","protected":false},"featured_media":12065,"template":"","meta":{"_eb_attr":""},"product_brand":[],"product_cat":[128,115],"product_tag":[127],"class_list":{"0":"post-12031","1":"product","2":"type-product","3":"status-publish","4":"has-post-thumbnail","6":"product_cat-bedroom-wardrobe-2","7":"product_cat-cabinets","8":"product_tag-two-fold-details-page","10":"first","11":"instock","12":"shipping-taxable","13":"product-type-simple"},"_links":{"self":[{"href":"https:\/\/www.hanseluk.com\/es_es\/wp-json\/wp\/v2\/product\/12031","targetHints":{"allow":["GET"]}}],"collection":[{"href":"https:\/\/www.hanseluk.com\/es_es\/wp-json\/wp\/v2\/product"}],"about":[{"href":"https:\/\/www.hanseluk.com\/es_es\/wp-json\/wp\/v2\/types\/product"}],"version-history":[{"count":0,"href":"https:\/\/www.hanseluk.com\/es_es\/wp-json\/wp\/v2\/product\/12031\/revisions"}],"wp:featuredmedia":[{"embeddable":true,"href":"https:\/\/www.hanseluk.com\/es_es\/wp-json\/wp\/v2\/media\/12065"}],"wp:attachment":[{"href":"https:\/\/www.hanseluk.com\/es_es\/wp-json\/wp\/v2\/media?parent=12031"}],"wp:term":[{"taxonomy":"product_brand","embeddable":true,"href":"https:\/\/www.hanseluk.com\/es_es\/wp-json\/wp\/v2\/product_brand?post=12031"},{"taxonomy":"product_cat","embeddable":true,"href":"https:\/\/www.hanseluk.com\/es_es\/wp-json\/wp\/v2\/product_cat?post=12031"},{"taxonomy":"product_tag","embeddable":true,"href":"https:\/\/www.hanseluk.com\/es_es\/wp-json\/wp\/v2\/product_tag?post=12031"}],"curies":[{"name":"wp","href":"https:\/\/api.w.org\/{rel}","templated":true}]}}