{"id":3,"date":"2024-05-13T14:25:47","date_gmt":"2024-05-13T06:25:47","guid":{"rendered":"https:\/\/hanseluk.com\/?page_id=3"},"modified":"2025-09-26T16:24:58","modified_gmt":"2025-09-26T08:24:58","slug":"privacy-policy","status":"publish","type":"page","link":"https:\/\/www.hanseluk.com\/fr\/politique-de-confidentialite\/","title":{"rendered":"Politique de confidentialit\u00e9"},"content":{"rendered":"<div data-elementor-type=\"wp-page\" data-elementor-id=\"3\" class=\"elementor elementor-3\" data-elementor-post-type=\"page\">\n\t\t\t\t<div class=\"elementor-element elementor-element-d28c612 e-flex e-con-boxed wpr-particle-no wpr-jarallax-no wpr-parallax-no wpr-sticky-section-no e-con e-parent\" data-id=\"d28c612\" data-element_type=\"container\" data-e-type=\"container\">\n\t\t\t\t\t<div class=\"e-con-inner\">\n\t\t\t\t<div class=\"elementor-element elementor-element-15f9bd9 elementor-widget elementor-widget-heading\" data-id=\"15f9bd9\" data-element_type=\"widget\" data-e-type=\"widget\" data-widget_type=\"heading.default\">\n\t\t\t\t<div class=\"elementor-widget-container\">\n\t\t\t\t\t<h2 class=\"elementor-heading-title elementor-size-default\">Politique de confidentialit\u00e9<\/h2>\t\t\t\t<\/div>\n\t\t\t\t<\/div>\n\t\t\t\t<div class=\"elementor-element elementor-element-791a08d elementor-widget-divider--view-line elementor-widget elementor-widget-divider\" data-id=\"791a08d\" data-element_type=\"widget\" data-e-type=\"widget\" data-widget_type=\"divider.default\">\n\t\t\t\t<div class=\"elementor-widget-container\">\n\t\t\t\t\t\t\t<div class=\"elementor-divider\">\n\t\t\t<span class=\"elementor-divider-separator\">\n\t\t\t\t\t\t<\/span>\n\t\t<\/div>\n\t\t\t\t\t\t<\/div>\n\t\t\t\t<\/div>\n\t\t\t\t\t<\/div>\n\t\t\t\t<\/div>\n\t\t<div class=\"elementor-element elementor-element-4aba94d e-flex e-con-boxed wpr-particle-no wpr-jarallax-no wpr-parallax-no wpr-sticky-section-no e-con e-parent\" data-id=\"4aba94d\" data-element_type=\"container\" data-e-type=\"container\">\n\t\t\t\t\t<div class=\"e-con-inner\">\n\t\t\t\t<div class=\"elementor-element elementor-element-35b8a49 elementor-widget elementor-widget-spacer\" data-id=\"35b8a49\" data-element_type=\"widget\" data-e-type=\"widget\" data-widget_type=\"spacer.default\">\n\t\t\t\t<div class=\"elementor-widget-container\">\n\t\t\t\t\t\t\t<div class=\"elementor-spacer\">\n\t\t\t<div class=\"elementor-spacer-inner\"><\/div>\n\t\t<\/div>\n\t\t\t\t\t\t<\/div>\n\t\t\t\t<\/div>\n\t\t\t\t<div class=\"elementor-element elementor-element-46d9b00 elementor-widget elementor-widget-heading\" data-id=\"46d9b00\" data-element_type=\"widget\" data-e-type=\"widget\" data-widget_type=\"heading.default\">\n\t\t\t\t<div class=\"elementor-widget-container\">\n\t\t\t\t\t<h2 class=\"elementor-heading-title elementor-size-default\">Politique de confidentialit\u00e9<\/h2>\t\t\t\t<\/div>\n\t\t\t\t<\/div>\n\t\t\t\t<div class=\"elementor-element elementor-element-8309ba7 elementor-widget elementor-widget-text-editor\" data-id=\"8309ba7\" data-element_type=\"widget\" data-e-type=\"widget\" data-widget_type=\"text-editor.default\">\n\t\t\t\t<div class=\"elementor-widget-container\">\n\t\t\t\t\t\t\t\t\t<p>Votre vie priv\u00e9e est importante pour nous. La politique de Hanse Furniture est de respecter votre vie priv\u00e9e et de se conformer \u00e0 toutes les lois et r\u00e9glementations applicables concernant les informations personnelles que nous pouvons recueillir \u00e0 votre sujet, y compris sur notre site Web, https:\/\/www.hanseluk.com\/ et d'autres sites que nous poss\u00e9dons et exploitons. Cette page est utilis\u00e9e pour informer les visiteurs du site web de nos politiques en mati\u00e8re de collecte, d'utilisation et de divulgation des informations personnelles si quelqu'un d\u00e9cide d'utiliser notre service. Si vous choisissez d'utiliser notre service, vous acceptez la collecte et l'utilisation d'informations en relation avec cette politique. Les informations personnelles que nous recueillons sont utilis\u00e9es pour fournir et am\u00e9liorer le service. Les termes utilis\u00e9s dans la pr\u00e9sente politique de confidentialit\u00e9 ont la m\u00eame signification que dans nos conditions g\u00e9n\u00e9rales, accessibles \u00e0 l'adresse www.hanseluk.com, sauf d\u00e9finition contraire dans la pr\u00e9sente politique de confidentialit\u00e9.<\/p>\t\t\t\t\t\t\t\t<\/div>\n\t\t\t\t<\/div>\n\t\t\t\t<div class=\"elementor-element elementor-element-b6b277d elementor-widget elementor-widget-heading\" data-id=\"b6b277d\" data-element_type=\"widget\" data-e-type=\"widget\" data-widget_type=\"heading.default\">\n\t\t\t\t<div class=\"elementor-widget-container\">\n\t\t\t\t\t<h2 class=\"elementor-heading-title elementor-size-default\">Collecte et utilisation des informations<\/h2>\t\t\t\t<\/div>\n\t\t\t\t<\/div>\n\t\t\t\t<div class=\"elementor-element elementor-element-642fbaf elementor-widget elementor-widget-text-editor\" data-id=\"642fbaf\" data-element_type=\"widget\" data-e-type=\"widget\" data-widget_type=\"text-editor.default\">\n\t\t\t\t<div class=\"elementor-widget-container\">\n\t\t\t\t\t\t\t\t\t<p>Nous pouvons recueillir des informations personnelles lorsque vous effectuez l'une des op\u00e9rations suivantes sur notre site web :<\/p><p>- S'inscrire pour recevoir des mises \u00e0 jour de notre part par courrier \u00e9lectronique ou par les canaux de m\u00e9dias sociaux<\/p><p>- T\u00e9l\u00e9charger ou commander une brochure, ou prendre un rendez-vous avec notre designer<\/p><p>- Utiliser un appareil mobile ou un navigateur web pour acc\u00e9der \u00e0 notre contenu<\/p><p>- Nous contacter par courriel, par les m\u00e9dias sociaux ou par toute autre technologie similaire.<\/p><p>- Lorsque vous nous mentionnez sur les m\u00e9dias sociaux<\/p><p>- Pour vous contacter et communiquer avec vous<\/p><p>Nous pouvons \u00e9galement collecter des informations sensibles afin de nous assurer que nous respectons nos obligations l\u00e9gales, \u00e0 savoir<\/p><p>- les informations que vous nous fournissez en remplissant des formulaires sur notre site web<\/p><p>- Dans le cadre de la fourniture de nos produits<\/p><p>- Si vous nous contactez, nous pouvons conserver une trace de cette correspondance<\/p><p>- Nous pouvons \u00e9galement vous demander de r\u00e9pondre \u00e0 des enqu\u00eates que nous utilisons \u00e0 des fins de recherche, bien que vous ne soyez pas oblig\u00e9 d'y r\u00e9pondre<\/p><p>- les d\u00e9tails de vos visites sur nos sites web, y compris, mais sans s'y limiter, les donn\u00e9es de trafic, les donn\u00e9es de localisation, les weblogs et autres donn\u00e9es de communication, que cela soit n\u00e9cessaire \u00e0 des fins de facturation ou autres et les ressources auxquelles vous acc\u00e9dez<\/p><p>lorsque nous avons une raison l\u00e9gitime de le faire. Dans ce cas, nous ne collectons que les informations personnelles qui sont raisonnablement n\u00e9cessaires pour vous fournir nos services. Nous pouvons collecter, conserver, utiliser et divulguer des informations aux fins suivantes, et les informations personnelles ne seront pas trait\u00e9es d'une mani\u00e8re incompatible avec ces objectifs : Sachez que nous pouvons combiner les informations que nous recueillons \u00e0 votre sujet avec des informations g\u00e9n\u00e9rales ou des donn\u00e9es de recherche que nous recevons d'autres sources fiables.<\/p>\t\t\t\t\t\t\t\t<\/div>\n\t\t\t\t<\/div>\n\t\t\t\t<div class=\"elementor-element elementor-element-023e197 elementor-widget elementor-widget-heading\" data-id=\"023e197\" data-element_type=\"widget\" data-e-type=\"widget\" data-widget_type=\"heading.default\">\n\t\t\t\t<div class=\"elementor-widget-container\">\n\t\t\t\t\t<h2 class=\"elementor-heading-title elementor-size-default\">Donn\u00e9es du journal<\/h2>\t\t\t\t<\/div>\n\t\t\t\t<\/div>\n\t\t\t\t<div class=\"elementor-element elementor-element-e74839f elementor-widget elementor-widget-text-editor\" data-id=\"e74839f\" data-element_type=\"widget\" data-e-type=\"widget\" data-widget_type=\"text-editor.default\">\n\t\t\t\t<div class=\"elementor-widget-container\">\n\t\t\t\t\t\t\t\t\t<p>Lorsque vous visitez notre site web, nos serveurs peuvent collecter automatiquement des informations que votre navigateur nous envoie et qui sont appel\u00e9es \"donn\u00e9es de journal\". Il peut s'agir de l'adresse IP (Internet Protocol) de votre appareil, du type et de la version de votre navigateur, des pages que vous visitez, de l'heure et de la date de votre visite, du temps pass\u00e9 sur chaque page, d'autres d\u00e9tails concernant votre visite, de d\u00e9tails techniques li\u00e9s aux erreurs que vous pouvez rencontrer, ainsi que d'autres statistiques.<\/p>\t\t\t\t\t\t\t\t<\/div>\n\t\t\t\t<\/div>\n\t\t\t\t<div class=\"elementor-element elementor-element-c37ac67 elementor-widget elementor-widget-heading\" data-id=\"c37ac67\" data-element_type=\"widget\" data-e-type=\"widget\" data-widget_type=\"heading.default\">\n\t\t\t\t<div class=\"elementor-widget-container\">\n\t\t\t\t\t<h2 class=\"elementor-heading-title elementor-size-default\">Cookies<\/h2>\t\t\t\t<\/div>\n\t\t\t\t<\/div>\n\t\t\t\t<div class=\"elementor-element elementor-element-17db6ae elementor-widget elementor-widget-text-editor\" data-id=\"17db6ae\" data-element_type=\"widget\" data-e-type=\"widget\" data-widget_type=\"text-editor.default\">\n\t\t\t\t<div class=\"elementor-widget-container\">\n\t\t\t\t\t\t\t\t\t<p>Nous utilisons des \"cookies\" pour collecter des informations sur vous et votre activit\u00e9 sur notre site. Un cookie est un petit \u00e9l\u00e9ment de donn\u00e9es que notre site web stocke sur votre ordinateur et auquel il acc\u00e8de \u00e0 chaque fois que vous le visitez, afin que nous puissions comprendre comment vous utilisez notre site. Cela nous aide \u00e0 vous proposer un contenu bas\u00e9 sur les pr\u00e9f\u00e9rences que vous avez sp\u00e9cifi\u00e9es, afin d'am\u00e9liorer notre service. Vous avez la possibilit\u00e9 d'accepter ou de refuser ces cookies et de savoir quand un cookie est envoy\u00e9 \u00e0 votre ordinateur. Si vous choisissez de refuser nos cookies, il se peut que vous ne puissiez pas utiliser certaines parties de notre service.<\/p>\t\t\t\t\t\t\t\t<\/div>\n\t\t\t\t<\/div>\n\t\t\t\t<div class=\"elementor-element elementor-element-1304644 elementor-widget elementor-widget-heading\" data-id=\"1304644\" data-element_type=\"widget\" data-e-type=\"widget\" data-widget_type=\"heading.default\">\n\t\t\t\t<div class=\"elementor-widget-container\">\n\t\t\t\t\t<h2 class=\"elementor-heading-title elementor-size-default\">S\u00e9curit\u00e9<\/h2>\t\t\t\t<\/div>\n\t\t\t\t<\/div>\n\t\t\t\t<div class=\"elementor-element elementor-element-8823ff1 elementor-widget elementor-widget-text-editor\" data-id=\"8823ff1\" data-element_type=\"widget\" data-e-type=\"widget\" data-widget_type=\"text-editor.default\">\n\t\t\t\t<div class=\"elementor-widget-container\">\n\t\t\t\t\t\t\t\t\t<p>Toutes les informations que vous nous fournissez sont stock\u00e9es sur nos serveurs s\u00e9curis\u00e9s. Lorsque nous collectons et traitons des informations personnelles, et tant que nous conservons ces informations, nous les prot\u00e9geons par des moyens commercialement acceptables afin d'\u00e9viter la perte et le vol, ainsi que l'acc\u00e8s, la divulgation, la copie, l'utilisation ou la modification non autoris\u00e9s. Nous appr\u00e9cions la confiance que vous nous accordez en nous fournissant vos informations personnelles et nous nous effor\u00e7ons donc d'utiliser des moyens commercialement acceptables pour les prot\u00e9ger. Bien que nous fassions de notre mieux pour prot\u00e9ger les informations personnelles que vous nous fournissez, nous vous informons qu'aucune m\u00e9thode de transmission ou de stockage \u00e9lectronique n'est 100% s\u00fbre et que personne ne peut garantir une s\u00e9curit\u00e9 absolue des donn\u00e9es. Nous nous conformerons aux lois qui nous sont applicables en cas de violation des donn\u00e9es. Vous \u00eates responsable du choix de tout mot de passe et de son niveau de s\u00e9curit\u00e9 global, garantissant la s\u00e9curit\u00e9 de vos propres informations dans le cadre de nos services.<\/p>\t\t\t\t\t\t\t\t<\/div>\n\t\t\t\t<\/div>\n\t\t\t\t<div class=\"elementor-element elementor-element-81580c3 elementor-widget elementor-widget-heading\" data-id=\"81580c3\" data-element_type=\"widget\" data-e-type=\"widget\" data-widget_type=\"heading.default\">\n\t\t\t\t<div class=\"elementor-widget-container\">\n\t\t\t\t\t<h2 class=\"elementor-heading-title elementor-size-default\">Modifications de la pr\u00e9sente politique de confidentialit\u00e9<\/h2>\t\t\t\t<\/div>\n\t\t\t\t<\/div>\n\t\t\t\t<div class=\"elementor-element elementor-element-1e0fb12 elementor-widget elementor-widget-text-editor\" data-id=\"1e0fb12\" data-element_type=\"widget\" data-e-type=\"widget\" data-widget_type=\"text-editor.default\">\n\t\t\t\t<div class=\"elementor-widget-container\">\n\t\t\t\t\t\t\t\t\t<p>Nous pouvons mettre \u00e0 jour notre politique de protection de la vie priv\u00e9e non r\u00e9guli\u00e8rement, afin de refl\u00e9ter les mises \u00e0 jour de nos processus commerciaux, les pratiques acceptables actuelles ou les changements l\u00e9gislatifs ou r\u00e9glementaires. Nous vous conseillons donc de consulter r\u00e9guli\u00e8rement cette page pour prendre connaissance des \u00e9ventuelles modifications. Nous vous informerons de toute modification en publiant la nouvelle politique de confidentialit\u00e9 sur cette page. Ces modifications entrent en vigueur imm\u00e9diatement apr\u00e8s leur publication sur cette page. Si la loi l'exige, nous vous demanderons votre autorisation ou vous donnerons la possibilit\u00e9 d'accepter ou de refuser, selon le cas, toute nouvelle utilisation de vos informations personnelles.<\/p>\t\t\t\t\t\t\t\t<\/div>\n\t\t\t\t<\/div>\n\t\t\t\t<div class=\"elementor-element elementor-element-7d49ffa elementor-widget elementor-widget-heading\" data-id=\"7d49ffa\" data-element_type=\"widget\" data-e-type=\"widget\" data-widget_type=\"heading.default\">\n\t\t\t\t<div class=\"elementor-widget-container\">\n\t\t\t\t\t<h2 class=\"elementor-heading-title elementor-size-default\">Contact US<\/h2>\t\t\t\t<\/div>\n\t\t\t\t<\/div>\n\t\t\t\t<div class=\"elementor-element elementor-element-e8eecb4 elementor-widget elementor-widget-text-editor\" data-id=\"e8eecb4\" data-element_type=\"widget\" data-e-type=\"widget\" data-widget_type=\"text-editor.default\">\n\t\t\t\t<div class=\"elementor-widget-container\">\n\t\t\t\t\t\t\t\t\t<p>Pour toute question ou pr\u00e9occupation concernant votre vie priv\u00e9e, n'h\u00e9sitez pas \u00e0 nous contacter aux coordonn\u00e9es suivantes :<\/p><p>Par courrier \u00e9lectronique : cabinetworldinc@gmail.com<\/p><p>Par t\u00e9l\u00e9phone : +86 15711976867<\/p>\t\t\t\t\t\t\t\t<\/div>\n\t\t\t\t<\/div>\n\t\t\t\t\t<\/div>\n\t\t\t\t<\/div>\n\t\t\t\t<\/div>","protected":false},"excerpt":{"rendered":"<p>Privacy Policy Privacy Policy Your privacy is important to us. Hanse Furniture\u2019s policy to respect your privacy and comply with any applicable law and regulation regarding any personal information we may collect about you, including across our website, https:\/\/www.hanseluk.com\/ and other sites we own and operate. This page is used to inform website visitors regarding our policies with the collection, use, and disclosure of Personal Information if anyone decided to use our Service. If you choose to use our Service, then you agree to the collection and use of information in relation to this policy. The Personal Information that we collect is used for providing and improving the Service. We will not use or share your information with except as described in this Privacy Policy.The terms used in this Privacy Policy have the same meanings as in our Terms and Conditions, which is accessible at www.hanseluk.com unless otherwise defined in this Privacy Policy. Information Collection and Use We may collect personal information from you when you do any of the following on our website: \u2022 Sign up to receive updates from us via email or social media channels \u2022 Downloading or ordering a brochure, or booking a design appointment with our designer \u2022 Use a mobile device or web browser to access our content \u2022 Contact us via email, social media, or on any similar technologies \u2022 When you mention us on social media \u2022 To contact and communicate with you We may also collect sensitive information, to ensure we comply with our legal requirements, which are: \u2022 Information that you provide to us by filling in forms on our website \u2022 In the course of supplying our goods to you \u2022 If you contact us, we may keep a record of that correspondence \u2022 We may also ask you to complete surveys that we use for research purposes, although you do not have to respond to them \u2022 Details of your visits to our websites including, but not limited to, traffic data, location data, weblogs, and other communication data, whether this is required for our own billing purposes or otherwise and the resources that you access When we have a legitimate reason for doing so. In which instance, we only collect personal information that is reasonably necessary to provide our services to you.We may collect, hold, use, and disclose information for the following purposes, and personal information will not be further processed in a manner that is incompatible with these purposes: Please be aware that we may combine information we collect about you with general information or research data we receive from other trusted sources. Log Data When you visit our website, our servers may automatically collect information that your browser sends to us which is called Log Data. It may include your device\u2019s Internet Protocol (IP) address, your browser type and version, the pages you visit, the time and date of your visit, the time spent on each page, other details about your visit, and technical details that occur in conjunction with any errors you may encounter, and other statistics.Please be aware that while this information may not be personally identifying by itself, it may be possible to combine it with other data to personally identify individual persons. Cookies We use \u201ccookies\u201d to collect information about you and your activity across our site. A cookie is a small piece of data that our website stores on your computer, and accesses each time you visit, so we can understand how you use our site. This helps us serve you content based on preferences you have specified, to improve our Service. You have the option to either accept or refuse these cookies, and know when a cookie is being sent to your computer. If you choose to refuse our cookies, you may not be able to use some portions of our Service. Security All information you provide to us is stored on our secure servers. When we collect and process personal information, and while we retain this information, we will protect it within commercially acceptable means to prevent loss and theft, as well as unauthorized access, disclosure, copying, use, or modification. We value your trust in providing us your Personal Information, thus we are striving to use commercially acceptable means of protecting it. Although we will do our best to protect the personal information you provide to us, we advise that no method of electronic transmission or storage is 100% secure, and no one can guarantee absolute data security. We will comply with laws applicable to us in respect of any data breach. You are responsible for selecting any password and its overall security strength, ensuring the security of your own information within the bounds of our services. Changes to This Privacy Policy We may update our Privacy Policy not regularly, to reflect updates to our business processes, current acceptable practices, or legislative or regulatory changes. Thus, we advise you to review this page periodically for any changes. We will notify you of any changes by posting the new Privacy Policy on this page. These changes are effective immediately, after they are posted on this page. If required by law, we will get your permission or give you the opportunity to opt in to or opt out of, as applicable, any new uses of your personal information. Contact US For any questions or concerns regarding your privacy, please do not hesitate to contact us by the following details: By email: cabinetworldinc@gmail.com By phone: +86 15711976867<\/p>","protected":false},"author":1,"featured_media":0,"parent":0,"menu_order":0,"comment_status":"closed","ping_status":"closed","template":"","meta":{"_eb_attr":"","footnotes":""},"class_list":["post-3","page","type-page","status-publish","hentry"],"_links":{"self":[{"href":"https:\/\/www.hanseluk.com\/fr\/wp-json\/wp\/v2\/pages\/3","targetHints":{"allow":["GET"]}}],"collection":[{"href":"https:\/\/www.hanseluk.com\/fr\/wp-json\/wp\/v2\/pages"}],"about":[{"href":"https:\/\/www.hanseluk.com\/fr\/wp-json\/wp\/v2\/types\/page"}],"author":[{"embeddable":true,"href":"https:\/\/www.hanseluk.com\/fr\/wp-json\/wp\/v2\/users\/1"}],"replies":[{"embeddable":true,"href":"https:\/\/www.hanseluk.com\/fr\/wp-json\/wp\/v2\/comments?post=3"}],"version-history":[{"count":0,"href":"https:\/\/www.hanseluk.com\/fr\/wp-json\/wp\/v2\/pages\/3\/revisions"}],"wp:attachment":[{"href":"https:\/\/www.hanseluk.com\/fr\/wp-json\/wp\/v2\/media?parent=3"}],"curies":[{"name":"wp","href":"https:\/\/api.w.org\/{rel}","templated":true}]}}