{"id":6745,"date":"2025-03-21T16:52:43","date_gmt":"2025-03-21T08:52:43","guid":{"rendered":"https:\/\/www.hanseluk.com\/?page_id=6745"},"modified":"2025-07-24T09:58:45","modified_gmt":"2025-07-24T01:58:45","slug":"tornabuoni-suites-collection","status":"publish","type":"page","link":"https:\/\/www.hanseluk.com\/fr\/collection-de-suites-tornabuoni\/","title":{"rendered":"Projet de collection de suites Tornabuoni"},"content":{"rendered":"<div data-elementor-type=\"wp-page\" data-elementor-id=\"6745\" class=\"elementor elementor-6745\" data-elementor-post-type=\"page\">\n\t\t\t\t<div class=\"elementor-element elementor-element-5631c9d e-flex e-con-boxed wpr-particle-no wpr-jarallax-no wpr-parallax-no wpr-sticky-section-no e-con e-parent\" data-id=\"5631c9d\" data-element_type=\"container\" data-e-type=\"container\" data-settings=\"{&quot;background_background&quot;:&quot;classic&quot;}\">\n\t\t\t\t\t<div class=\"e-con-inner\">\n\t\t\t\t\t<\/div>\n\t\t\t\t<\/div>\n\t\t<div class=\"elementor-element elementor-element-49855e5 e-flex e-con-boxed wpr-particle-no wpr-jarallax-no wpr-parallax-no wpr-sticky-section-no e-con e-parent\" data-id=\"49855e5\" data-element_type=\"container\" data-e-type=\"container\">\n\t\t\t\t\t<div class=\"e-con-inner\">\n\t\t\t\t<div class=\"elementor-element elementor-element-44fc7d5 elementor-widget elementor-widget-spacer\" data-id=\"44fc7d5\" data-element_type=\"widget\" data-e-type=\"widget\" data-widget_type=\"spacer.default\">\n\t\t\t\t<div class=\"elementor-widget-container\">\n\t\t\t\t\t\t\t<div class=\"elementor-spacer\">\n\t\t\t<div class=\"elementor-spacer-inner\"><\/div>\n\t\t<\/div>\n\t\t\t\t\t\t<\/div>\n\t\t\t\t<\/div>\n\t\t\t\t\t<\/div>\n\t\t\t\t<\/div>\n\t\t<div class=\"elementor-element elementor-element-a2b7b0d e-flex e-con-boxed wpr-particle-no wpr-jarallax-no wpr-parallax-no wpr-sticky-section-no e-con e-parent\" data-id=\"a2b7b0d\" data-element_type=\"container\" data-e-type=\"container\">\n\t\t\t\t\t<div class=\"e-con-inner\">\n\t\t<div class=\"elementor-element elementor-element-d00d42c e-con-full e-flex wpr-particle-no wpr-jarallax-no wpr-parallax-no wpr-sticky-section-no e-con e-child\" data-id=\"d00d42c\" data-element_type=\"container\" data-e-type=\"container\">\n\t\t\t\t<div class=\"elementor-element elementor-element-732605c elementor-widget elementor-widget-heading\" data-id=\"732605c\" data-element_type=\"widget\" data-e-type=\"widget\" data-widget_type=\"heading.default\">\n\t\t\t\t<div class=\"elementor-widget-container\">\n\t\t\t\t\t<h2 class=\"elementor-heading-title elementor-size-default\">Collection Tornabuoni Suites<\/h2>\t\t\t\t<\/div>\n\t\t\t\t<\/div>\n\t\t\t\t<\/div>\n\t\t<div class=\"elementor-element elementor-element-7d93961 e-con-full e-flex wpr-particle-no wpr-jarallax-no wpr-parallax-no wpr-sticky-section-no e-con e-child\" data-id=\"7d93961\" data-element_type=\"container\" data-e-type=\"container\">\n\t\t\t\t<div class=\"elementor-element elementor-element-3f5e9bd elementor-widget elementor-widget-text-editor\" data-id=\"3f5e9bd\" data-element_type=\"widget\" data-e-type=\"widget\" data-widget_type=\"text-editor.default\">\n\t\t\t\t<div class=\"elementor-widget-container\">\n\t\t\t\t\t\t\t\t\t<p>La Tornabuoni Suites Collection occupe les derniers \u00e9tages du Palazzo Alamanni, datant du XVe si\u00e8cle, qui surplombe litt\u00e9ralement l'\u00e9litisme florentin et le centre du shopping international pour le Made In Italy. Les Tornabuoni Suites Collection, de qualit\u00e9 sup\u00e9rieure, \u00e9l\u00e9gamment meubl\u00e9es et bien \u00e9quip\u00e9es, offrent un environnement relaxant pour une r\u00e9sidence tranquille et exclusive.<\/p>\t\t\t\t\t\t\t\t<\/div>\n\t\t\t\t<\/div>\n\t\t\t\t<\/div>\n\t\t\t\t\t<\/div>\n\t\t\t\t<\/div>\n\t\t<div class=\"elementor-element elementor-element-2399128 e-flex e-con-boxed wpr-particle-no wpr-jarallax-no wpr-parallax-no wpr-sticky-section-no e-con e-parent\" data-id=\"2399128\" data-element_type=\"container\" data-e-type=\"container\">\n\t\t\t\t\t<div class=\"e-con-inner\">\n\t\t\t\t<div class=\"elementor-element elementor-element-ed5122c elementor-widget elementor-widget-spacer\" data-id=\"ed5122c\" data-element_type=\"widget\" data-e-type=\"widget\" data-widget_type=\"spacer.default\">\n\t\t\t\t<div class=\"elementor-widget-container\">\n\t\t\t\t\t\t\t<div class=\"elementor-spacer\">\n\t\t\t<div class=\"elementor-spacer-inner\"><\/div>\n\t\t<\/div>\n\t\t\t\t\t\t<\/div>\n\t\t\t\t<\/div>\n\t\t\t\t\t<\/div>\n\t\t\t\t<\/div>\n\t\t<div class=\"elementor-element elementor-element-576cf52 e-flex e-con-boxed wpr-particle-no wpr-jarallax-no wpr-parallax-no wpr-sticky-section-no e-con e-parent\" data-id=\"576cf52\" data-element_type=\"container\" data-e-type=\"container\">\n\t\t\t\t\t<div class=\"e-con-inner\">\n\t\t<div class=\"elementor-element elementor-element-f12513e e-flex e-con-boxed wpr-particle-no wpr-jarallax-no wpr-parallax-no wpr-sticky-section-no e-con e-child\" data-id=\"f12513e\" data-element_type=\"container\" data-e-type=\"container\">\n\t\t\t\t\t<div class=\"e-con-inner\">\n\t\t\t\t<div class=\"elementor-element elementor-element-40327ed elementor-widget elementor-widget-image\" data-id=\"40327ed\" data-element_type=\"widget\" data-e-type=\"widget\" data-widget_type=\"image.default\">\n\t\t\t\t<div class=\"elementor-widget-container\">\n\t\t\t\t\t\t\t\t\t\t\t\t\t\t\t<img fetchpriority=\"high\" decoding=\"async\" width=\"1920\" height=\"1277\" src=\"https:\/\/www.hanseluk.com\/wp-content\/uploads\/2025\/03\/Tornabuoni-Suites-Tosconova-03.jpg\" class=\"attachment-full size-full wp-image-6752\" alt=\"\" srcset=\"https:\/\/www.hanseluk.com\/wp-content\/uploads\/2025\/03\/Tornabuoni-Suites-Tosconova-03.jpg 1920w, https:\/\/www.hanseluk.com\/wp-content\/uploads\/2025\/03\/Tornabuoni-Suites-Tosconova-03-300x200.jpg 300w, https:\/\/www.hanseluk.com\/wp-content\/uploads\/2025\/03\/Tornabuoni-Suites-Tosconova-03-150x100.jpg 150w, https:\/\/www.hanseluk.com\/wp-content\/uploads\/2025\/03\/Tornabuoni-Suites-Tosconova-03-768x511.jpg 768w, https:\/\/www.hanseluk.com\/wp-content\/uploads\/2025\/03\/Tornabuoni-Suites-Tosconova-03-1536x1022.jpg 1536w, https:\/\/www.hanseluk.com\/wp-content\/uploads\/2025\/03\/Tornabuoni-Suites-Tosconova-03-600x399.jpg 600w\" sizes=\"(max-width: 1920px) 100vw, 1920px\" title=\"\">\t\t\t\t\t\t\t\t\t\t\t\t\t\t\t<\/div>\n\t\t\t\t<\/div>\n\t\t\t\t\t<\/div>\n\t\t\t\t<\/div>\n\t\t<div class=\"elementor-element elementor-element-f2a7976 e-flex e-con-boxed wpr-particle-no wpr-jarallax-no wpr-parallax-no wpr-sticky-section-no e-con e-child\" data-id=\"f2a7976\" data-element_type=\"container\" data-e-type=\"container\">\n\t\t\t\t\t<div class=\"e-con-inner\">\n\t\t\t\t<div class=\"elementor-element elementor-element-7d2918a elementor-widget elementor-widget-image\" data-id=\"7d2918a\" data-element_type=\"widget\" data-e-type=\"widget\" data-widget_type=\"image.default\">\n\t\t\t\t<div class=\"elementor-widget-container\">\n\t\t\t\t\t\t\t\t\t\t\t\t\t\t\t<img decoding=\"async\" width=\"1920\" height=\"1277\" src=\"https:\/\/www.hanseluk.com\/wp-content\/uploads\/2025\/03\/Tornabuoni-Suites-Tosconova-02.jpg\" class=\"attachment-full size-full wp-image-6753\" alt=\"\" srcset=\"https:\/\/www.hanseluk.com\/wp-content\/uploads\/2025\/03\/Tornabuoni-Suites-Tosconova-02.jpg 1920w, https:\/\/www.hanseluk.com\/wp-content\/uploads\/2025\/03\/Tornabuoni-Suites-Tosconova-02-300x200.jpg 300w, https:\/\/www.hanseluk.com\/wp-content\/uploads\/2025\/03\/Tornabuoni-Suites-Tosconova-02-150x100.jpg 150w, https:\/\/www.hanseluk.com\/wp-content\/uploads\/2025\/03\/Tornabuoni-Suites-Tosconova-02-768x511.jpg 768w, https:\/\/www.hanseluk.com\/wp-content\/uploads\/2025\/03\/Tornabuoni-Suites-Tosconova-02-1536x1022.jpg 1536w, https:\/\/www.hanseluk.com\/wp-content\/uploads\/2025\/03\/Tornabuoni-Suites-Tosconova-02-600x399.jpg 600w\" sizes=\"(max-width: 1920px) 100vw, 1920px\" title=\"\">\t\t\t\t\t\t\t\t\t\t\t\t\t\t\t<\/div>\n\t\t\t\t<\/div>\n\t\t\t\t\t<\/div>\n\t\t\t\t<\/div>\n\t\t\t\t\t<\/div>\n\t\t\t\t<\/div>\n\t\t<div class=\"elementor-element elementor-element-b904eb6 e-flex e-con-boxed wpr-particle-no wpr-jarallax-no wpr-parallax-no wpr-sticky-section-no e-con e-parent\" data-id=\"b904eb6\" data-element_type=\"container\" data-e-type=\"container\">\n\t\t\t\t\t<div class=\"e-con-inner\">\n\t\t<div class=\"elementor-element elementor-element-bba5ca9 e-con-full e-flex wpr-particle-no wpr-jarallax-no wpr-parallax-no wpr-sticky-section-no e-con e-child\" data-id=\"bba5ca9\" data-element_type=\"container\" data-e-type=\"container\">\n\t\t\t\t<div class=\"elementor-element elementor-element-f58614e elementor-widget elementor-widget-image\" data-id=\"f58614e\" data-element_type=\"widget\" data-e-type=\"widget\" data-widget_type=\"image.default\">\n\t\t\t\t<div class=\"elementor-widget-container\">\n\t\t\t\t\t\t\t\t\t\t\t\t\t\t\t<img decoding=\"async\" width=\"1920\" height=\"1902\" src=\"https:\/\/www.hanseluk.com\/wp-content\/uploads\/2025\/03\/Tornabuoni-Suites-Tosconova-04.jpg\" class=\"attachment-full size-full wp-image-6754\" alt=\"\" srcset=\"https:\/\/www.hanseluk.com\/wp-content\/uploads\/2025\/03\/Tornabuoni-Suites-Tosconova-04.jpg 1920w, https:\/\/www.hanseluk.com\/wp-content\/uploads\/2025\/03\/Tornabuoni-Suites-Tosconova-04-300x297.jpg 300w, https:\/\/www.hanseluk.com\/wp-content\/uploads\/2025\/03\/Tornabuoni-Suites-Tosconova-04-150x150.jpg 150w, https:\/\/www.hanseluk.com\/wp-content\/uploads\/2025\/03\/Tornabuoni-Suites-Tosconova-04-768x761.jpg 768w, https:\/\/www.hanseluk.com\/wp-content\/uploads\/2025\/03\/Tornabuoni-Suites-Tosconova-04-1536x1522.jpg 1536w, https:\/\/www.hanseluk.com\/wp-content\/uploads\/2025\/03\/Tornabuoni-Suites-Tosconova-04-600x594.jpg 600w, https:\/\/www.hanseluk.com\/wp-content\/uploads\/2025\/03\/Tornabuoni-Suites-Tosconova-04-100x100.jpg 100w\" sizes=\"(max-width: 1920px) 100vw, 1920px\" title=\"\">\t\t\t\t\t\t\t\t\t\t\t\t\t\t\t<\/div>\n\t\t\t\t<\/div>\n\t\t\t\t<div class=\"elementor-element elementor-element-1608315 elementor-widget elementor-widget-image\" data-id=\"1608315\" data-element_type=\"widget\" data-e-type=\"widget\" data-widget_type=\"image.default\">\n\t\t\t\t<div class=\"elementor-widget-container\">\n\t\t\t\t\t\t\t\t\t\t\t\t\t\t\t<img loading=\"lazy\" decoding=\"async\" width=\"800\" height=\"464\" src=\"https:\/\/www.hanseluk.com\/wp-content\/uploads\/2025\/03\/Tornabuoni-Suites-Tosconova-06-1.jpg\" class=\"attachment-large size-large wp-image-6758\" alt=\"\" srcset=\"https:\/\/www.hanseluk.com\/wp-content\/uploads\/2025\/03\/Tornabuoni-Suites-Tosconova-06-1.jpg 1920w, https:\/\/www.hanseluk.com\/wp-content\/uploads\/2025\/03\/Tornabuoni-Suites-Tosconova-06-1-300x174.jpg 300w, https:\/\/www.hanseluk.com\/wp-content\/uploads\/2025\/03\/Tornabuoni-Suites-Tosconova-06-1-150x87.jpg 150w, https:\/\/www.hanseluk.com\/wp-content\/uploads\/2025\/03\/Tornabuoni-Suites-Tosconova-06-1-768x445.jpg 768w, https:\/\/www.hanseluk.com\/wp-content\/uploads\/2025\/03\/Tornabuoni-Suites-Tosconova-06-1-1536x890.jpg 1536w, https:\/\/www.hanseluk.com\/wp-content\/uploads\/2025\/03\/Tornabuoni-Suites-Tosconova-06-1-600x348.jpg 600w\" sizes=\"(max-width: 800px) 100vw, 800px\" title=\"\">\t\t\t\t\t\t\t\t\t\t\t\t\t\t\t<\/div>\n\t\t\t\t<\/div>\n\t\t\t\t<div class=\"elementor-element elementor-element-50a2267 elementor-widget elementor-widget-image\" data-id=\"50a2267\" data-element_type=\"widget\" data-e-type=\"widget\" data-widget_type=\"image.default\">\n\t\t\t\t<div class=\"elementor-widget-container\">\n\t\t\t\t\t\t\t\t\t\t\t\t\t\t\t<img loading=\"lazy\" decoding=\"async\" width=\"1920\" height=\"1277\" src=\"https:\/\/www.hanseluk.com\/wp-content\/uploads\/2025\/03\/Tornabuoni-Suites-Tosconova-08.jpg\" class=\"attachment-full size-full wp-image-6756\" alt=\"\" srcset=\"https:\/\/www.hanseluk.com\/wp-content\/uploads\/2025\/03\/Tornabuoni-Suites-Tosconova-08.jpg 1920w, https:\/\/www.hanseluk.com\/wp-content\/uploads\/2025\/03\/Tornabuoni-Suites-Tosconova-08-300x200.jpg 300w, https:\/\/www.hanseluk.com\/wp-content\/uploads\/2025\/03\/Tornabuoni-Suites-Tosconova-08-150x100.jpg 150w, https:\/\/www.hanseluk.com\/wp-content\/uploads\/2025\/03\/Tornabuoni-Suites-Tosconova-08-768x511.jpg 768w, https:\/\/www.hanseluk.com\/wp-content\/uploads\/2025\/03\/Tornabuoni-Suites-Tosconova-08-1536x1022.jpg 1536w, https:\/\/www.hanseluk.com\/wp-content\/uploads\/2025\/03\/Tornabuoni-Suites-Tosconova-08-600x399.jpg 600w\" sizes=\"(max-width: 1920px) 100vw, 1920px\" title=\"\">\t\t\t\t\t\t\t\t\t\t\t\t\t\t\t<\/div>\n\t\t\t\t<\/div>\n\t\t\t\t<div class=\"elementor-element elementor-element-95952b6 elementor-widget elementor-widget-image\" data-id=\"95952b6\" data-element_type=\"widget\" data-e-type=\"widget\" data-widget_type=\"image.default\">\n\t\t\t\t<div class=\"elementor-widget-container\">\n\t\t\t\t\t\t\t\t\t\t\t\t\t\t\t<img loading=\"lazy\" decoding=\"async\" width=\"1500\" height=\"1920\" src=\"https:\/\/www.hanseluk.com\/wp-content\/uploads\/2025\/03\/Tornabuoni-Suites-Tosconova-11.jpg\" class=\"attachment-full size-full wp-image-6760\" alt=\"\" srcset=\"https:\/\/www.hanseluk.com\/wp-content\/uploads\/2025\/03\/Tornabuoni-Suites-Tosconova-11.jpg 1500w, https:\/\/www.hanseluk.com\/wp-content\/uploads\/2025\/03\/Tornabuoni-Suites-Tosconova-11-234x300.jpg 234w, https:\/\/www.hanseluk.com\/wp-content\/uploads\/2025\/03\/Tornabuoni-Suites-Tosconova-11-117x150.jpg 117w, https:\/\/www.hanseluk.com\/wp-content\/uploads\/2025\/03\/Tornabuoni-Suites-Tosconova-11-768x983.jpg 768w, https:\/\/www.hanseluk.com\/wp-content\/uploads\/2025\/03\/Tornabuoni-Suites-Tosconova-11-1200x1536.jpg 1200w, https:\/\/www.hanseluk.com\/wp-content\/uploads\/2025\/03\/Tornabuoni-Suites-Tosconova-11-600x768.jpg 600w\" sizes=\"(max-width: 1500px) 100vw, 1500px\" title=\"\">\t\t\t\t\t\t\t\t\t\t\t\t\t\t\t<\/div>\n\t\t\t\t<\/div>\n\t\t<div class=\"elementor-element elementor-element-6341b8d e-flex e-con-boxed wpr-particle-no wpr-jarallax-no wpr-parallax-no wpr-sticky-section-no e-con e-child\" data-id=\"6341b8d\" data-element_type=\"container\" data-e-type=\"container\" data-settings=\"{&quot;background_background&quot;:&quot;classic&quot;}\">\n\t\t\t\t\t<div class=\"e-con-inner\">\n\t\t\t\t<div class=\"elementor-element elementor-element-02fae79 e-transform elementor-widget elementor-widget-text-editor\" data-id=\"02fae79\" data-element_type=\"widget\" data-e-type=\"widget\" data-settings=\"{&quot;_transform_scale_effect&quot;:{&quot;unit&quot;:&quot;px&quot;,&quot;size&quot;:1.1999999999999999555910790149937383830547332763671875,&quot;sizes&quot;:[]},&quot;_transform_scale_effect_tablet&quot;:{&quot;unit&quot;:&quot;px&quot;,&quot;size&quot;:&quot;&quot;,&quot;sizes&quot;:[]},&quot;_transform_scale_effect_mobile&quot;:{&quot;unit&quot;:&quot;px&quot;,&quot;size&quot;:&quot;&quot;,&quot;sizes&quot;:[]}}\" data-widget_type=\"text-editor.default\">\n\t\t\t\t<div class=\"elementor-widget-container\">\n\t\t\t\t\t\t\t\t\t<h2>Meubles Hanse<\/h2>\t\t\t\t\t\t\t\t<\/div>\n\t\t\t\t<\/div>\n\t\t\t\t\t<\/div>\n\t\t\t\t<\/div>\n\t\t\t\t<\/div>\n\t\t<div class=\"elementor-element elementor-element-23aa104 e-con-full e-flex wpr-particle-no wpr-jarallax-no wpr-parallax-no wpr-sticky-section-no e-con e-child\" data-id=\"23aa104\" data-element_type=\"container\" data-e-type=\"container\">\n\t\t\t\t<div class=\"elementor-element elementor-element-3a90949 elementor-widget elementor-widget-image\" data-id=\"3a90949\" data-element_type=\"widget\" data-e-type=\"widget\" data-widget_type=\"image.default\">\n\t\t\t\t<div class=\"elementor-widget-container\">\n\t\t\t\t\t\t\t\t\t\t\t\t\t\t\t<img loading=\"lazy\" decoding=\"async\" width=\"1164\" height=\"1920\" src=\"https:\/\/www.hanseluk.com\/wp-content\/uploads\/2025\/03\/Tornabuoni-Suites-Tosconova-07.jpg\" class=\"attachment-full size-full wp-image-6757\" alt=\"\" srcset=\"https:\/\/www.hanseluk.com\/wp-content\/uploads\/2025\/03\/Tornabuoni-Suites-Tosconova-07.jpg 1164w, https:\/\/www.hanseluk.com\/wp-content\/uploads\/2025\/03\/Tornabuoni-Suites-Tosconova-07-182x300.jpg 182w, https:\/\/www.hanseluk.com\/wp-content\/uploads\/2025\/03\/Tornabuoni-Suites-Tosconova-07-91x150.jpg 91w, https:\/\/www.hanseluk.com\/wp-content\/uploads\/2025\/03\/Tornabuoni-Suites-Tosconova-07-768x1267.jpg 768w, https:\/\/www.hanseluk.com\/wp-content\/uploads\/2025\/03\/Tornabuoni-Suites-Tosconova-07-931x1536.jpg 931w, https:\/\/www.hanseluk.com\/wp-content\/uploads\/2025\/03\/Tornabuoni-Suites-Tosconova-07-600x990.jpg 600w\" sizes=\"(max-width: 1164px) 100vw, 1164px\" title=\"\">\t\t\t\t\t\t\t\t\t\t\t\t\t\t\t<\/div>\n\t\t\t\t<\/div>\n\t\t\t\t<div class=\"elementor-element elementor-element-18a745c elementor-widget elementor-widget-image\" data-id=\"18a745c\" data-element_type=\"widget\" data-e-type=\"widget\" data-widget_type=\"image.default\">\n\t\t\t\t<div class=\"elementor-widget-container\">\n\t\t\t\t\t\t\t\t\t\t\t\t\t\t\t<img loading=\"lazy\" decoding=\"async\" width=\"1620\" height=\"1920\" src=\"https:\/\/www.hanseluk.com\/wp-content\/uploads\/2025\/03\/Tornabuoni-Suites-Tosconova-05.jpg\" class=\"attachment-full size-full wp-image-6759\" alt=\"\" srcset=\"https:\/\/www.hanseluk.com\/wp-content\/uploads\/2025\/03\/Tornabuoni-Suites-Tosconova-05.jpg 1620w, https:\/\/www.hanseluk.com\/wp-content\/uploads\/2025\/03\/Tornabuoni-Suites-Tosconova-05-253x300.jpg 253w, https:\/\/www.hanseluk.com\/wp-content\/uploads\/2025\/03\/Tornabuoni-Suites-Tosconova-05-127x150.jpg 127w, https:\/\/www.hanseluk.com\/wp-content\/uploads\/2025\/03\/Tornabuoni-Suites-Tosconova-05-768x910.jpg 768w, https:\/\/www.hanseluk.com\/wp-content\/uploads\/2025\/03\/Tornabuoni-Suites-Tosconova-05-1296x1536.jpg 1296w, https:\/\/www.hanseluk.com\/wp-content\/uploads\/2025\/03\/Tornabuoni-Suites-Tosconova-05-600x711.jpg 600w\" sizes=\"(max-width: 1620px) 100vw, 1620px\" title=\"\">\t\t\t\t\t\t\t\t\t\t\t\t\t\t\t<\/div>\n\t\t\t\t<\/div>\n\t\t\t\t<div class=\"elementor-element elementor-element-4e74ff4 elementor-widget elementor-widget-image\" data-id=\"4e74ff4\" data-element_type=\"widget\" data-e-type=\"widget\" data-widget_type=\"image.default\">\n\t\t\t\t<div class=\"elementor-widget-container\">\n\t\t\t\t\t\t\t\t\t\t\t\t\t\t\t<img loading=\"lazy\" decoding=\"async\" width=\"1568\" height=\"1920\" src=\"https:\/\/www.hanseluk.com\/wp-content\/uploads\/2025\/03\/Tornabuoni-Suites-Tosconova-09.jpg\" class=\"attachment-full size-full wp-image-6761\" alt=\"\" srcset=\"https:\/\/www.hanseluk.com\/wp-content\/uploads\/2025\/03\/Tornabuoni-Suites-Tosconova-09.jpg 1568w, https:\/\/www.hanseluk.com\/wp-content\/uploads\/2025\/03\/Tornabuoni-Suites-Tosconova-09-245x300.jpg 245w, https:\/\/www.hanseluk.com\/wp-content\/uploads\/2025\/03\/Tornabuoni-Suites-Tosconova-09-123x150.jpg 123w, https:\/\/www.hanseluk.com\/wp-content\/uploads\/2025\/03\/Tornabuoni-Suites-Tosconova-09-768x940.jpg 768w, https:\/\/www.hanseluk.com\/wp-content\/uploads\/2025\/03\/Tornabuoni-Suites-Tosconova-09-1254x1536.jpg 1254w, https:\/\/www.hanseluk.com\/wp-content\/uploads\/2025\/03\/Tornabuoni-Suites-Tosconova-09-600x735.jpg 600w\" sizes=\"(max-width: 1568px) 100vw, 1568px\" title=\"\">\t\t\t\t\t\t\t\t\t\t\t\t\t\t\t<\/div>\n\t\t\t\t<\/div>\n\t\t\t\t<\/div>\n\t\t\t\t\t<\/div>\n\t\t\t\t<\/div>\n\t\t<div class=\"elementor-element elementor-element-1096d4e e-flex e-con-boxed wpr-particle-no wpr-jarallax-no wpr-parallax-no wpr-sticky-section-no e-con e-parent\" data-id=\"1096d4e\" data-element_type=\"container\" data-e-type=\"container\">\n\t\t\t\t\t<div class=\"e-con-inner\">\n\t\t\t\t<div class=\"elementor-element elementor-element-25a00f1 elementor-widget elementor-widget-spacer\" data-id=\"25a00f1\" data-element_type=\"widget\" data-e-type=\"widget\" data-widget_type=\"spacer.default\">\n\t\t\t\t<div class=\"elementor-widget-container\">\n\t\t\t\t\t\t\t<div class=\"elementor-spacer\">\n\t\t\t<div class=\"elementor-spacer-inner\"><\/div>\n\t\t<\/div>\n\t\t\t\t\t\t<\/div>\n\t\t\t\t<\/div>\n\t\t\t\t\t<\/div>\n\t\t\t\t<\/div>\n\t\t<div class=\"elementor-element elementor-element-ff75d71 e-flex e-con-boxed wpr-particle-no wpr-jarallax-no wpr-parallax-no wpr-sticky-section-no e-con e-parent\" data-id=\"ff75d71\" data-element_type=\"container\" data-e-type=\"container\">\n\t\t\t\t\t<div class=\"e-con-inner\">\n\t\t\t\t<div class=\"elementor-element elementor-element-e5cb408 elementor-widget elementor-widget-spacer\" data-id=\"e5cb408\" data-element_type=\"widget\" data-e-type=\"widget\" data-widget_type=\"spacer.default\">\n\t\t\t\t<div class=\"elementor-widget-container\">\n\t\t\t\t\t\t\t<div class=\"elementor-spacer\">\n\t\t\t<div class=\"elementor-spacer-inner\"><\/div>\n\t\t<\/div>\n\t\t\t\t\t\t<\/div>\n\t\t\t\t<\/div>\n\t\t\t\t\t<\/div>\n\t\t\t\t<\/div>\n\t\t\t\t<\/div>","protected":false},"excerpt":{"rendered":"<p>Tornabuoni Suites Collection The Tornabuoni Suites Collection occupies the top floors of the 15th century Palazzo Alamanni, which literally overlooks Florentine elitism and the center of international shopping for Made In Italy. The Tornabuoni Suites Collection far superior quality and elegant furnished and well-appointed, provide a relaxing environment for a quiet and exclusive resedency. Hanse\u00a0 Furniture<\/p>","protected":false},"author":1,"featured_media":0,"parent":0,"menu_order":0,"comment_status":"closed","ping_status":"closed","template":"","meta":{"_eb_attr":"","footnotes":""},"class_list":["post-6745","page","type-page","status-publish","hentry"],"_links":{"self":[{"href":"https:\/\/www.hanseluk.com\/fr\/wp-json\/wp\/v2\/pages\/6745","targetHints":{"allow":["GET"]}}],"collection":[{"href":"https:\/\/www.hanseluk.com\/fr\/wp-json\/wp\/v2\/pages"}],"about":[{"href":"https:\/\/www.hanseluk.com\/fr\/wp-json\/wp\/v2\/types\/page"}],"author":[{"embeddable":true,"href":"https:\/\/www.hanseluk.com\/fr\/wp-json\/wp\/v2\/users\/1"}],"replies":[{"embeddable":true,"href":"https:\/\/www.hanseluk.com\/fr\/wp-json\/wp\/v2\/comments?post=6745"}],"version-history":[{"count":0,"href":"https:\/\/www.hanseluk.com\/fr\/wp-json\/wp\/v2\/pages\/6745\/revisions"}],"wp:attachment":[{"href":"https:\/\/www.hanseluk.com\/fr\/wp-json\/wp\/v2\/media?parent=6745"}],"curies":[{"name":"wp","href":"https:\/\/api.w.org\/{rel}","templated":true}]}}