{"id":6811,"date":"2025-03-24T09:31:43","date_gmt":"2025-03-24T01:31:43","guid":{"rendered":"https:\/\/www.hanseluk.com\/?page_id=6811"},"modified":"2025-09-26T15:10:17","modified_gmt":"2025-09-26T07:10:17","slug":"grand-hotel-dei-doge","status":"publish","type":"page","link":"https:\/\/www.hanseluk.com\/fr\/grand-hotel-dei-doge\/","title":{"rendered":"Projet Grand H\u00f4tel dei Dogi"},"content":{"rendered":"<div data-elementor-type=\"wp-page\" data-elementor-id=\"6811\" class=\"elementor elementor-6811\" data-elementor-post-type=\"page\">\n\t\t\t\t<div class=\"elementor-element elementor-element-ac7a323 e-flex e-con-boxed wpr-particle-no wpr-jarallax-no wpr-parallax-no wpr-sticky-section-no e-con e-parent\" data-id=\"ac7a323\" data-element_type=\"container\" data-e-type=\"container\" data-settings=\"{&quot;background_background&quot;:&quot;classic&quot;}\">\n\t\t\t\t\t<div class=\"e-con-inner\">\n\t\t\t\t<div class=\"elementor-element elementor-element-6ca922f e-transform elementor-widget elementor-widget-heading\" data-id=\"6ca922f\" data-element_type=\"widget\" data-e-type=\"widget\" data-settings=\"{&quot;_transform_translateX_effect&quot;:{&quot;unit&quot;:&quot;px&quot;,&quot;size&quot;:-207,&quot;sizes&quot;:[]},&quot;_transform_translateX_effect_tablet&quot;:{&quot;unit&quot;:&quot;custom&quot;,&quot;size&quot;:&quot;&quot;,&quot;sizes&quot;:[]},&quot;_transform_translateX_effect_mobile&quot;:{&quot;unit&quot;:&quot;custom&quot;,&quot;size&quot;:&quot;&quot;,&quot;sizes&quot;:[]},&quot;_transform_translateY_effect&quot;:{&quot;unit&quot;:&quot;px&quot;,&quot;size&quot;:756,&quot;sizes&quot;:[]},&quot;_transform_translateY_effect_tablet&quot;:{&quot;unit&quot;:&quot;custom&quot;,&quot;size&quot;:&quot;&quot;,&quot;sizes&quot;:[]},&quot;_transform_translateY_effect_mobile&quot;:{&quot;unit&quot;:&quot;custom&quot;,&quot;size&quot;:&quot;&quot;,&quot;sizes&quot;:[]}}\" data-widget_type=\"heading.default\">\n\t\t\t\t<div class=\"elementor-widget-container\">\n\t\t\t\t\t<h2 class=\"elementor-heading-title elementor-size-default\">Grand H\u00f4tel dei Dogi<\/h2>\t\t\t\t<\/div>\n\t\t\t\t<\/div>\n\t\t\t\t\t<\/div>\n\t\t\t\t<\/div>\n\t\t<div class=\"elementor-element elementor-element-f976955 e-flex e-con-boxed wpr-particle-no wpr-jarallax-no wpr-parallax-no wpr-sticky-section-no e-con e-parent\" data-id=\"f976955\" data-element_type=\"container\" data-e-type=\"container\">\n\t\t\t\t\t<div class=\"e-con-inner\">\n\t\t\t\t<div class=\"elementor-element elementor-element-3c9237a elementor-widget elementor-widget-spacer\" data-id=\"3c9237a\" data-element_type=\"widget\" data-e-type=\"widget\" data-widget_type=\"spacer.default\">\n\t\t\t\t<div class=\"elementor-widget-container\">\n\t\t\t\t\t\t\t<div class=\"elementor-spacer\">\n\t\t\t<div class=\"elementor-spacer-inner\"><\/div>\n\t\t<\/div>\n\t\t\t\t\t\t<\/div>\n\t\t\t\t<\/div>\n\t\t\t\t\t<\/div>\n\t\t\t\t<\/div>\n\t\t<div class=\"elementor-element elementor-element-490486c e-flex e-con-boxed wpr-particle-no wpr-jarallax-no wpr-parallax-no wpr-sticky-section-no e-con e-parent\" data-id=\"490486c\" data-element_type=\"container\" data-e-type=\"container\">\n\t\t\t\t\t<div class=\"e-con-inner\">\n\t\t<div class=\"elementor-element elementor-element-86ccef3 e-con-full e-flex wpr-particle-no wpr-jarallax-no wpr-parallax-no wpr-sticky-section-no e-con e-child\" data-id=\"86ccef3\" data-element_type=\"container\" data-e-type=\"container\">\n\t\t\t\t<div class=\"elementor-element elementor-element-bf9d433 elementor-widget__width-initial elementor-widget elementor-widget-heading\" data-id=\"bf9d433\" data-element_type=\"widget\" data-e-type=\"widget\" data-widget_type=\"heading.default\">\n\t\t\t\t<div class=\"elementor-widget-container\">\n\t\t\t\t\t<h1 class=\"elementor-heading-title elementor-size-default\">Grand H\u00f4tel dei Dogi<\/h1>\t\t\t\t<\/div>\n\t\t\t\t<\/div>\n\t\t\t\t<\/div>\n\t\t<div class=\"elementor-element elementor-element-6ccad74 e-con-full e-flex wpr-particle-no wpr-jarallax-no wpr-parallax-no wpr-sticky-section-no e-con e-child\" data-id=\"6ccad74\" data-element_type=\"container\" data-e-type=\"container\">\n\t\t\t\t<div class=\"elementor-element elementor-element-2cbc509 elementor-widget elementor-widget-text-editor\" data-id=\"2cbc509\" data-element_type=\"widget\" data-e-type=\"widget\" data-widget_type=\"text-editor.default\">\n\t\t\t\t<div class=\"elementor-widget-container\">\n\t\t\t\t\t\t\t\t\t<p>Le Grand H\u00f4tel dei Dogi de Venise est empreint d'un authentique sentiment de noblesse d\u00fb \u00e0 ses origines du XVIe si\u00e8cle, doubl\u00e9 d'une attitude moderne \u00e0 l'\u00e9gard de la vie. L'h\u00f4tel s'int\u00e8gre harmonieusement dans son environnement et s'enrichit de meubles sign\u00e9s Tosconova. Venise est une ville diff\u00e9rente de toutes les autres. Elle abrite des \u00e9l\u00e9ments artistiques et architecturaux uniques dans le panorama mondial. La particularit\u00e9 du territoire de Venise en fait une ville au charme indescriptible, l'un des endroits \u00e0 visiter au moins une fois dans sa vie.<\/p>\t\t\t\t\t\t\t\t<\/div>\n\t\t\t\t<\/div>\n\t\t\t\t<\/div>\n\t\t\t\t\t<\/div>\n\t\t\t\t<\/div>\n\t\t<div class=\"elementor-element elementor-element-5d64898 e-flex e-con-boxed wpr-particle-no wpr-jarallax-no wpr-parallax-no wpr-sticky-section-no e-con e-parent\" data-id=\"5d64898\" data-element_type=\"container\" data-e-type=\"container\">\n\t\t\t\t\t<div class=\"e-con-inner\">\n\t\t<div class=\"elementor-element elementor-element-cb4772e e-flex e-con-boxed wpr-particle-no wpr-jarallax-no wpr-parallax-no wpr-sticky-section-no e-con e-child\" data-id=\"cb4772e\" data-element_type=\"container\" data-e-type=\"container\">\n\t\t\t\t\t<div class=\"e-con-inner\">\n\t\t\t\t<div class=\"elementor-element elementor-element-b4631df elementor-widget elementor-widget-image\" data-id=\"b4631df\" data-element_type=\"widget\" data-e-type=\"widget\" data-widget_type=\"image.default\">\n\t\t\t\t<div class=\"elementor-widget-container\">\n\t\t\t\t\t\t\t\t\t\t\t\t\t\t\t<img fetchpriority=\"high\" decoding=\"async\" width=\"1200\" height=\"775\" src=\"https:\/\/www.hanseluk.com\/wp-content\/uploads\/2025\/03\/Grand-Hotel-Dei-Dogi-Tosconova-02.jpeg\" class=\"attachment-full size-full wp-image-6815\" alt=\"\" srcset=\"https:\/\/www.hanseluk.com\/wp-content\/uploads\/2025\/03\/Grand-Hotel-Dei-Dogi-Tosconova-02.jpeg 1200w, https:\/\/www.hanseluk.com\/wp-content\/uploads\/2025\/03\/Grand-Hotel-Dei-Dogi-Tosconova-02-300x194.jpeg 300w, https:\/\/www.hanseluk.com\/wp-content\/uploads\/2025\/03\/Grand-Hotel-Dei-Dogi-Tosconova-02-150x97.jpeg 150w, https:\/\/www.hanseluk.com\/wp-content\/uploads\/2025\/03\/Grand-Hotel-Dei-Dogi-Tosconova-02-768x496.jpeg 768w, https:\/\/www.hanseluk.com\/wp-content\/uploads\/2025\/03\/Grand-Hotel-Dei-Dogi-Tosconova-02-600x388.jpeg 600w\" sizes=\"(max-width: 1200px) 100vw, 1200px\" title=\"\">\t\t\t\t\t\t\t\t\t\t\t\t\t\t\t<\/div>\n\t\t\t\t<\/div>\n\t\t\t\t\t<\/div>\n\t\t\t\t<\/div>\n\t\t<div class=\"elementor-element elementor-element-0816f5c e-con-full e-flex wpr-particle-no wpr-jarallax-no wpr-parallax-no wpr-sticky-section-no e-con e-child\" data-id=\"0816f5c\" data-element_type=\"container\" data-e-type=\"container\">\n\t\t\t\t<div class=\"elementor-element elementor-element-e04bfa5 elementor-widget elementor-widget-image\" data-id=\"e04bfa5\" data-element_type=\"widget\" data-e-type=\"widget\" data-widget_type=\"image.default\">\n\t\t\t\t<div class=\"elementor-widget-container\">\n\t\t\t\t\t\t\t\t\t\t\t\t\t\t\t<img decoding=\"async\" width=\"1200\" height=\"772\" src=\"https:\/\/www.hanseluk.com\/wp-content\/uploads\/2025\/03\/Grand-Hotel-Dei-Dogi-Tosconova-03.jpeg\" class=\"attachment-full size-full wp-image-6816\" alt=\"\" srcset=\"https:\/\/www.hanseluk.com\/wp-content\/uploads\/2025\/03\/Grand-Hotel-Dei-Dogi-Tosconova-03.jpeg 1200w, https:\/\/www.hanseluk.com\/wp-content\/uploads\/2025\/03\/Grand-Hotel-Dei-Dogi-Tosconova-03-300x193.jpeg 300w, https:\/\/www.hanseluk.com\/wp-content\/uploads\/2025\/03\/Grand-Hotel-Dei-Dogi-Tosconova-03-150x97.jpeg 150w, https:\/\/www.hanseluk.com\/wp-content\/uploads\/2025\/03\/Grand-Hotel-Dei-Dogi-Tosconova-03-768x494.jpeg 768w, https:\/\/www.hanseluk.com\/wp-content\/uploads\/2025\/03\/Grand-Hotel-Dei-Dogi-Tosconova-03-600x386.jpeg 600w\" sizes=\"(max-width: 1200px) 100vw, 1200px\" title=\"\">\t\t\t\t\t\t\t\t\t\t\t\t\t\t\t<\/div>\n\t\t\t\t<\/div>\n\t\t\t\t<\/div>\n\t\t\t\t\t<\/div>\n\t\t\t\t<\/div>\n\t\t<div class=\"elementor-element elementor-element-06fe3c9 e-flex e-con-boxed wpr-particle-no wpr-jarallax-no wpr-parallax-no wpr-sticky-section-no e-con e-parent\" data-id=\"06fe3c9\" data-element_type=\"container\" data-e-type=\"container\">\n\t\t\t\t\t<div class=\"e-con-inner\">\n\t\t\t\t<div class=\"elementor-element elementor-element-c8b4b60 elementor-widget elementor-widget-image\" data-id=\"c8b4b60\" data-element_type=\"widget\" data-e-type=\"widget\" data-widget_type=\"image.default\">\n\t\t\t\t<div class=\"elementor-widget-container\">\n\t\t\t\t\t\t\t\t\t\t\t\t\t\t\t<img decoding=\"async\" width=\"880\" height=\"950\" src=\"https:\/\/www.hanseluk.com\/wp-content\/uploads\/2025\/03\/Grand-Hotel-Dei-Dogi-Tosconova-04.jpeg\" class=\"attachment-full size-full wp-image-6820\" alt=\"\" srcset=\"https:\/\/www.hanseluk.com\/wp-content\/uploads\/2025\/03\/Grand-Hotel-Dei-Dogi-Tosconova-04.jpeg 880w, https:\/\/www.hanseluk.com\/wp-content\/uploads\/2025\/03\/Grand-Hotel-Dei-Dogi-Tosconova-04-278x300.jpeg 278w, https:\/\/www.hanseluk.com\/wp-content\/uploads\/2025\/03\/Grand-Hotel-Dei-Dogi-Tosconova-04-139x150.jpeg 139w, https:\/\/www.hanseluk.com\/wp-content\/uploads\/2025\/03\/Grand-Hotel-Dei-Dogi-Tosconova-04-768x829.jpeg 768w, https:\/\/www.hanseluk.com\/wp-content\/uploads\/2025\/03\/Grand-Hotel-Dei-Dogi-Tosconova-04-600x648.jpeg 600w\" sizes=\"(max-width: 880px) 100vw, 880px\" title=\"\">\t\t\t\t\t\t\t\t\t\t\t\t\t\t\t<\/div>\n\t\t\t\t<\/div>\n\t\t\t\t\t<\/div>\n\t\t\t\t<\/div>\n\t\t<div class=\"elementor-element elementor-element-27b1567 e-flex e-con-boxed wpr-particle-no wpr-jarallax-no wpr-parallax-no wpr-sticky-section-no e-con e-parent\" data-id=\"27b1567\" data-element_type=\"container\" data-e-type=\"container\">\n\t\t\t\t\t<div class=\"e-con-inner\">\n\t\t\t\t<div class=\"elementor-element elementor-element-82dbdf1 elementor-widget elementor-widget-spacer\" data-id=\"82dbdf1\" data-element_type=\"widget\" data-e-type=\"widget\" data-widget_type=\"spacer.default\">\n\t\t\t\t<div class=\"elementor-widget-container\">\n\t\t\t\t\t\t\t<div class=\"elementor-spacer\">\n\t\t\t<div class=\"elementor-spacer-inner\"><\/div>\n\t\t<\/div>\n\t\t\t\t\t\t<\/div>\n\t\t\t\t<\/div>\n\t\t\t\t\t<\/div>\n\t\t\t\t<\/div>\n\t\t\t\t<\/div>","protected":false},"excerpt":{"rendered":"<p>Grand Hotel dei Dogi Grand Hotel dei Dogi The Grand Hotel dei Dogi of Venice carries with it an authentic sense of nobility from its 16th-century origins, coupled with a modern attitude to life. The hotel is harmoniously fits into its surroundings, and is enriched through furniture by Tosconova. Venice is a city different from all the others. It hosts unique artistic and architectural elements in the world panorama. The peculiarity of Venice\u2019s territory make it a city of indescribable charm, one of those places to visit at least once in a lifetime.<\/p>","protected":false},"author":1,"featured_media":0,"parent":0,"menu_order":0,"comment_status":"closed","ping_status":"closed","template":"","meta":{"_eb_attr":"","footnotes":""},"class_list":["post-6811","page","type-page","status-publish","hentry"],"_links":{"self":[{"href":"https:\/\/www.hanseluk.com\/fr\/wp-json\/wp\/v2\/pages\/6811","targetHints":{"allow":["GET"]}}],"collection":[{"href":"https:\/\/www.hanseluk.com\/fr\/wp-json\/wp\/v2\/pages"}],"about":[{"href":"https:\/\/www.hanseluk.com\/fr\/wp-json\/wp\/v2\/types\/page"}],"author":[{"embeddable":true,"href":"https:\/\/www.hanseluk.com\/fr\/wp-json\/wp\/v2\/users\/1"}],"replies":[{"embeddable":true,"href":"https:\/\/www.hanseluk.com\/fr\/wp-json\/wp\/v2\/comments?post=6811"}],"version-history":[{"count":0,"href":"https:\/\/www.hanseluk.com\/fr\/wp-json\/wp\/v2\/pages\/6811\/revisions"}],"wp:attachment":[{"href":"https:\/\/www.hanseluk.com\/fr\/wp-json\/wp\/v2\/media?parent=6811"}],"curies":[{"name":"wp","href":"https:\/\/api.w.org\/{rel}","templated":true}]}}