{"id":6832,"date":"2025-03-24T09:49:52","date_gmt":"2025-03-24T01:49:52","guid":{"rendered":"https:\/\/www.hanseluk.com\/?page_id=6832"},"modified":"2025-09-26T16:12:55","modified_gmt":"2025-09-26T08:12:55","slug":"nh-collection-firenze-palazzo-gaddi","status":"publish","type":"page","link":"https:\/\/www.hanseluk.com\/fr\/nh-collection-firenze-palazzo-gaddi\/","title":{"rendered":"NH Collection Firenze Palazzo Gaddi"},"content":{"rendered":"<div data-elementor-type=\"wp-page\" data-elementor-id=\"6832\" class=\"elementor elementor-6832\" data-elementor-post-type=\"page\">\n\t\t\t\t<div class=\"elementor-element elementor-element-a3a9b80 e-flex e-con-boxed wpr-particle-no wpr-jarallax-no wpr-parallax-no wpr-sticky-section-no e-con e-parent\" data-id=\"a3a9b80\" data-element_type=\"container\" data-e-type=\"container\" data-settings=\"{&quot;background_background&quot;:&quot;classic&quot;}\">\n\t\t\t\t\t<div class=\"e-con-inner\">\n\t\t\t\t\t<\/div>\n\t\t\t\t<\/div>\n\t\t<div class=\"elementor-element elementor-element-ff4ce3d e-flex e-con-boxed wpr-particle-no wpr-jarallax-no wpr-parallax-no wpr-sticky-section-no e-con e-parent\" data-id=\"ff4ce3d\" data-element_type=\"container\" data-e-type=\"container\">\n\t\t\t\t\t<div class=\"e-con-inner\">\n\t\t\t\t<div class=\"elementor-element elementor-element-6b05ca2 elementor-widget elementor-widget-spacer\" data-id=\"6b05ca2\" data-element_type=\"widget\" data-e-type=\"widget\" data-widget_type=\"spacer.default\">\n\t\t\t\t<div class=\"elementor-widget-container\">\n\t\t\t\t\t\t\t<div class=\"elementor-spacer\">\n\t\t\t<div class=\"elementor-spacer-inner\"><\/div>\n\t\t<\/div>\n\t\t\t\t\t\t<\/div>\n\t\t\t\t<\/div>\n\t\t\t\t\t<\/div>\n\t\t\t\t<\/div>\n\t\t<div class=\"elementor-element elementor-element-099c071 e-flex e-con-boxed wpr-particle-no wpr-jarallax-no wpr-parallax-no wpr-sticky-section-no e-con e-parent\" data-id=\"099c071\" data-element_type=\"container\" data-e-type=\"container\">\n\t\t\t\t\t<div class=\"e-con-inner\">\n\t\t<div class=\"elementor-element elementor-element-b1e13f5 e-con-full e-flex wpr-particle-no wpr-jarallax-no wpr-parallax-no wpr-sticky-section-no e-con e-child\" data-id=\"b1e13f5\" data-element_type=\"container\" data-e-type=\"container\">\n\t\t\t\t<div class=\"elementor-element elementor-element-5fa23bf elementor-widget elementor-widget-heading\" data-id=\"5fa23bf\" data-element_type=\"widget\" data-e-type=\"widget\" data-widget_type=\"heading.default\">\n\t\t\t\t<div class=\"elementor-widget-container\">\n\t\t\t\t\t<h2 class=\"elementor-heading-title elementor-size-default\">NH Collection Firenze Palazzo Gaddi<\/h2>\t\t\t\t<\/div>\n\t\t\t\t<\/div>\n\t\t\t\t<\/div>\n\t\t<div class=\"elementor-element elementor-element-a7cbb23 e-con-full e-flex wpr-particle-no wpr-jarallax-no wpr-parallax-no wpr-sticky-section-no e-con e-child\" data-id=\"a7cbb23\" data-element_type=\"container\" data-e-type=\"container\">\n\t\t\t\t<div class=\"elementor-element elementor-element-8016e93 elementor-widget elementor-widget-text-editor\" data-id=\"8016e93\" data-element_type=\"widget\" data-e-type=\"widget\" data-widget_type=\"text-editor.default\">\n\t\t\t\t<div class=\"elementor-widget-container\">\n\t\t\t\t\t\t\t\t\t<p>Respirez l'atmosph\u00e8re de la Renaissance \u00e0 l'h\u00f4tel Palazzo Gaddi : un b\u00e2timent historique exclusif au c\u0153ur de Florence. Le Palazzo Gaddi occupe le palais Renaissance lui-m\u00eame, datant de 1596 et \u00e9quip\u00e9 de salons traditionnels dans le style baroque florentin. Situ\u00e9 \u00e0 400 m\u00e8tres du D\u00f4me de Florence, il dispose d'un toit-terrasse d'o\u00f9 vous pourrez admirer de magnifiques vues sur la ville.<\/p>\t\t\t\t\t\t\t\t<\/div>\n\t\t\t\t<\/div>\n\t\t\t\t<\/div>\n\t\t\t\t\t<\/div>\n\t\t\t\t<\/div>\n\t\t<div class=\"elementor-element elementor-element-942e1d2 e-flex e-con-boxed wpr-particle-no wpr-jarallax-no wpr-parallax-no wpr-sticky-section-no e-con e-parent\" data-id=\"942e1d2\" data-element_type=\"container\" data-e-type=\"container\">\n\t\t\t\t\t<div class=\"e-con-inner\">\n\t\t\t\t<div class=\"elementor-element elementor-element-83ca523 elementor-widget elementor-widget-spacer\" data-id=\"83ca523\" data-element_type=\"widget\" data-e-type=\"widget\" data-widget_type=\"spacer.default\">\n\t\t\t\t<div class=\"elementor-widget-container\">\n\t\t\t\t\t\t\t<div class=\"elementor-spacer\">\n\t\t\t<div class=\"elementor-spacer-inner\"><\/div>\n\t\t<\/div>\n\t\t\t\t\t\t<\/div>\n\t\t\t\t<\/div>\n\t\t\t\t\t<\/div>\n\t\t\t\t<\/div>\n\t\t<div class=\"elementor-element elementor-element-77a7bc8 e-flex e-con-boxed wpr-particle-no wpr-jarallax-no wpr-parallax-no wpr-sticky-section-no e-con e-parent\" data-id=\"77a7bc8\" data-element_type=\"container\" data-e-type=\"container\">\n\t\t\t\t\t<div class=\"e-con-inner\">\n\t\t<div class=\"elementor-element elementor-element-a878cf5 e-flex e-con-boxed wpr-particle-no wpr-jarallax-no wpr-parallax-no wpr-sticky-section-no e-con e-child\" data-id=\"a878cf5\" data-element_type=\"container\" data-e-type=\"container\">\n\t\t\t\t\t<div class=\"e-con-inner\">\n\t\t\t\t<div class=\"elementor-element elementor-element-f316aa6 elementor-widget elementor-widget-image\" data-id=\"f316aa6\" data-element_type=\"widget\" data-e-type=\"widget\" data-widget_type=\"image.default\">\n\t\t\t\t<div class=\"elementor-widget-container\">\n\t\t\t\t\t\t\t\t\t\t\t\t\t\t\t<img fetchpriority=\"high\" decoding=\"async\" width=\"1600\" height=\"1067\" src=\"https:\/\/www.hanseluk.com\/wp-content\/uploads\/2025\/03\/Palazzo-Gaddi-Tosconova-02.jpeg\" class=\"attachment-full size-full wp-image-6836\" alt=\"\" srcset=\"https:\/\/www.hanseluk.com\/wp-content\/uploads\/2025\/03\/Palazzo-Gaddi-Tosconova-02.jpeg 1600w, https:\/\/www.hanseluk.com\/wp-content\/uploads\/2025\/03\/Palazzo-Gaddi-Tosconova-02-300x200.jpeg 300w, https:\/\/www.hanseluk.com\/wp-content\/uploads\/2025\/03\/Palazzo-Gaddi-Tosconova-02-150x100.jpeg 150w, https:\/\/www.hanseluk.com\/wp-content\/uploads\/2025\/03\/Palazzo-Gaddi-Tosconova-02-768x512.jpeg 768w, https:\/\/www.hanseluk.com\/wp-content\/uploads\/2025\/03\/Palazzo-Gaddi-Tosconova-02-1536x1024.jpeg 1536w, https:\/\/www.hanseluk.com\/wp-content\/uploads\/2025\/03\/Palazzo-Gaddi-Tosconova-02-600x400.jpeg 600w\" sizes=\"(max-width: 1600px) 100vw, 1600px\" title=\"\">\t\t\t\t\t\t\t\t\t\t\t\t\t\t\t<\/div>\n\t\t\t\t<\/div>\n\t\t\t\t<div class=\"elementor-element elementor-element-83caba4 elementor-widget elementor-widget-image\" data-id=\"83caba4\" data-element_type=\"widget\" data-e-type=\"widget\" data-widget_type=\"image.default\">\n\t\t\t\t<div class=\"elementor-widget-container\">\n\t\t\t\t\t\t\t\t\t\t\t\t\t\t\t<img decoding=\"async\" width=\"1600\" height=\"1067\" src=\"https:\/\/www.hanseluk.com\/wp-content\/uploads\/2025\/03\/Palazzo-Gaddi-Tosconova-01-1.jpeg\" class=\"attachment-full size-full wp-image-6835\" alt=\"\" srcset=\"https:\/\/www.hanseluk.com\/wp-content\/uploads\/2025\/03\/Palazzo-Gaddi-Tosconova-01-1.jpeg 1600w, https:\/\/www.hanseluk.com\/wp-content\/uploads\/2025\/03\/Palazzo-Gaddi-Tosconova-01-1-300x200.jpeg 300w, https:\/\/www.hanseluk.com\/wp-content\/uploads\/2025\/03\/Palazzo-Gaddi-Tosconova-01-1-150x100.jpeg 150w, https:\/\/www.hanseluk.com\/wp-content\/uploads\/2025\/03\/Palazzo-Gaddi-Tosconova-01-1-768x512.jpeg 768w, https:\/\/www.hanseluk.com\/wp-content\/uploads\/2025\/03\/Palazzo-Gaddi-Tosconova-01-1-1536x1024.jpeg 1536w, https:\/\/www.hanseluk.com\/wp-content\/uploads\/2025\/03\/Palazzo-Gaddi-Tosconova-01-1-600x400.jpeg 600w\" sizes=\"(max-width: 1600px) 100vw, 1600px\" title=\"\">\t\t\t\t\t\t\t\t\t\t\t\t\t\t\t<\/div>\n\t\t\t\t<\/div>\n\t\t\t\t\t<\/div>\n\t\t\t\t<\/div>\n\t\t\t\t\t<\/div>\n\t\t\t\t<\/div>\n\t\t<div class=\"elementor-element elementor-element-adfd6ae e-flex e-con-boxed wpr-particle-no wpr-jarallax-no wpr-parallax-no wpr-sticky-section-no e-con e-parent\" data-id=\"adfd6ae\" data-element_type=\"container\" data-e-type=\"container\">\n\t\t\t\t\t<div class=\"e-con-inner\">\n\t\t\t\t<div class=\"elementor-element elementor-element-52787dc elementor-widget elementor-widget-spacer\" data-id=\"52787dc\" data-element_type=\"widget\" data-e-type=\"widget\" data-widget_type=\"spacer.default\">\n\t\t\t\t<div class=\"elementor-widget-container\">\n\t\t\t\t\t\t\t<div class=\"elementor-spacer\">\n\t\t\t<div class=\"elementor-spacer-inner\"><\/div>\n\t\t<\/div>\n\t\t\t\t\t\t<\/div>\n\t\t\t\t<\/div>\n\t\t\t\t\t<\/div>\n\t\t\t\t<\/div>\n\t\t<div class=\"elementor-element elementor-element-aa79ae5 e-flex e-con-boxed wpr-particle-no wpr-jarallax-no wpr-parallax-no wpr-sticky-section-no e-con e-parent\" data-id=\"aa79ae5\" data-element_type=\"container\" data-e-type=\"container\">\n\t\t\t\t\t<div class=\"e-con-inner\">\n\t\t\t\t<div class=\"elementor-element elementor-element-ed3d4dc elementor-widget elementor-widget-spacer\" data-id=\"ed3d4dc\" data-element_type=\"widget\" data-e-type=\"widget\" data-widget_type=\"spacer.default\">\n\t\t\t\t<div class=\"elementor-widget-container\">\n\t\t\t\t\t\t\t<div class=\"elementor-spacer\">\n\t\t\t<div class=\"elementor-spacer-inner\"><\/div>\n\t\t<\/div>\n\t\t\t\t\t\t<\/div>\n\t\t\t\t<\/div>\n\t\t\t\t\t<\/div>\n\t\t\t\t<\/div>\n\t\t\t\t<\/div>","protected":false},"excerpt":{"rendered":"<p>NH Collection Firenze Palazzo Gaddi Breathe the atmosphere of Renaissance in Palazzo Gaddi Hotel: a historic exclusive building in the heart of Florence. Palazzo Gaddi occupies the Renaissance palace itself, dating back to 1596 and equipped with traditional lounges in Florentine baroque style . Located 400 m. far from Florence Dome, it offers a rooftop terrace where you will enjoy wonderful views on the city .<\/p>","protected":false},"author":1,"featured_media":0,"parent":0,"menu_order":0,"comment_status":"closed","ping_status":"closed","template":"","meta":{"_eb_attr":"","footnotes":""},"class_list":["post-6832","page","type-page","status-publish","hentry"],"_links":{"self":[{"href":"https:\/\/www.hanseluk.com\/fr\/wp-json\/wp\/v2\/pages\/6832","targetHints":{"allow":["GET"]}}],"collection":[{"href":"https:\/\/www.hanseluk.com\/fr\/wp-json\/wp\/v2\/pages"}],"about":[{"href":"https:\/\/www.hanseluk.com\/fr\/wp-json\/wp\/v2\/types\/page"}],"author":[{"embeddable":true,"href":"https:\/\/www.hanseluk.com\/fr\/wp-json\/wp\/v2\/users\/1"}],"replies":[{"embeddable":true,"href":"https:\/\/www.hanseluk.com\/fr\/wp-json\/wp\/v2\/comments?post=6832"}],"version-history":[{"count":0,"href":"https:\/\/www.hanseluk.com\/fr\/wp-json\/wp\/v2\/pages\/6832\/revisions"}],"wp:attachment":[{"href":"https:\/\/www.hanseluk.com\/fr\/wp-json\/wp\/v2\/media?parent=6832"}],"curies":[{"name":"wp","href":"https:\/\/api.w.org\/{rel}","templated":true}]}}