{"id":7040,"date":"2025-03-24T14:36:15","date_gmt":"2025-03-24T06:36:15","guid":{"rendered":"https:\/\/www.hanseluk.com\/?page_id=7040"},"modified":"2025-09-26T14:56:47","modified_gmt":"2025-09-26T06:56:47","slug":"castello-bonaria-spa-resort","status":"publish","type":"page","link":"https:\/\/www.hanseluk.com\/fr\/castello-bonaria-spa-resort\/","title":{"rendered":"Ch\u00e2teau Bonaria"},"content":{"rendered":"<div data-elementor-type=\"wp-page\" data-elementor-id=\"7040\" class=\"elementor elementor-7040\" data-elementor-post-type=\"page\">\n\t\t\t\t<div class=\"elementor-element elementor-element-e1ab09a e-flex e-con-boxed wpr-particle-no wpr-jarallax-no wpr-parallax-no wpr-sticky-section-no e-con e-parent\" data-id=\"e1ab09a\" data-element_type=\"container\" data-e-type=\"container\" data-settings=\"{&quot;background_background&quot;:&quot;classic&quot;}\">\n\t\t\t\t\t<div class=\"e-con-inner\">\n\t\t\t\t\t<\/div>\n\t\t\t\t<\/div>\n\t\t<div class=\"elementor-element elementor-element-3562df4 e-flex e-con-boxed wpr-particle-no wpr-jarallax-no wpr-parallax-no wpr-sticky-section-no e-con e-parent\" data-id=\"3562df4\" data-element_type=\"container\" data-e-type=\"container\">\n\t\t\t\t\t<div class=\"e-con-inner\">\n\t\t\t\t<div class=\"elementor-element elementor-element-9cbc164 elementor-widget elementor-widget-spacer\" data-id=\"9cbc164\" data-element_type=\"widget\" data-e-type=\"widget\" data-widget_type=\"spacer.default\">\n\t\t\t\t<div class=\"elementor-widget-container\">\n\t\t\t\t\t\t\t<div class=\"elementor-spacer\">\n\t\t\t<div class=\"elementor-spacer-inner\"><\/div>\n\t\t<\/div>\n\t\t\t\t\t\t<\/div>\n\t\t\t\t<\/div>\n\t\t\t\t\t<\/div>\n\t\t\t\t<\/div>\n\t\t<div class=\"elementor-element elementor-element-a225cfa e-flex e-con-boxed wpr-particle-no wpr-jarallax-no wpr-parallax-no wpr-sticky-section-no e-con e-parent\" data-id=\"a225cfa\" data-element_type=\"container\" data-e-type=\"container\">\n\t\t\t\t\t<div class=\"e-con-inner\">\n\t\t<div class=\"elementor-element elementor-element-561b60b e-con-full e-flex wpr-particle-no wpr-jarallax-no wpr-parallax-no wpr-sticky-section-no e-con e-child\" data-id=\"561b60b\" data-element_type=\"container\" data-e-type=\"container\">\n\t\t\t\t<div class=\"elementor-element elementor-element-49c9194 elementor-widget elementor-widget-heading\" data-id=\"49c9194\" data-element_type=\"widget\" data-e-type=\"widget\" data-widget_type=\"heading.default\">\n\t\t\t\t<div class=\"elementor-widget-container\">\n\t\t\t\t\t<h1 class=\"elementor-heading-title elementor-size-default\">Ch\u00e2teau Bonaria<\/h1>\t\t\t\t<\/div>\n\t\t\t\t<\/div>\n\t\t\t\t<\/div>\n\t\t<div class=\"elementor-element elementor-element-256799a e-con-full e-flex wpr-particle-no wpr-jarallax-no wpr-parallax-no wpr-sticky-section-no e-con e-child\" data-id=\"256799a\" data-element_type=\"container\" data-e-type=\"container\">\n\t\t\t\t<div class=\"elementor-element elementor-element-5272042 elementor-widget elementor-widget-text-editor\" data-id=\"5272042\" data-element_type=\"widget\" data-e-type=\"widget\" data-widget_type=\"text-editor.default\">\n\t\t\t\t<div class=\"elementor-widget-container\">\n\t\t\t\t\t\t\t\t\t<div class=\"entry-header py-0 py-md-5\"><div class=\"container\"><div class=\"d-flex flex-column flex-md-row align-items-center post-resume\"><div class=\"post-resume__excerpt\"><div class=\"post-resume-inner ms-0\">Nich\u00e9 parmi les vignobles et les oliveraies, le ch\u00e2teau de Bonaria domine les douces pentes qui, de Campiglia Marittima, se d\u00e9gradent vers la mer. Un lieu sp\u00e9cial et exclusif, entour\u00e9 par la campagne toscane, construit au XIXe si\u00e8cle comme pavillon de chasse par le riche propri\u00e9taire terrien Carlo Boldrini et r\u00e9cemment r\u00e9nov\u00e9 pour donner vie \u00e0 un h\u00f4tel de luxe au c\u0153ur de l'Alta Maremma.<\/div><\/div><\/div><\/div><\/div>\t\t\t\t\t\t\t\t<\/div>\n\t\t\t\t<\/div>\n\t\t\t\t<\/div>\n\t\t\t\t\t<\/div>\n\t\t\t\t<\/div>\n\t\t<div class=\"elementor-element elementor-element-0c00e24 e-flex e-con-boxed wpr-particle-no wpr-jarallax-no wpr-parallax-no wpr-sticky-section-no e-con e-parent\" data-id=\"0c00e24\" data-element_type=\"container\" data-e-type=\"container\">\n\t\t\t\t\t<div class=\"e-con-inner\">\n\t\t\t\t<div class=\"elementor-element elementor-element-7cd7a48 elementor-widget elementor-widget-spacer\" data-id=\"7cd7a48\" data-element_type=\"widget\" data-e-type=\"widget\" data-widget_type=\"spacer.default\">\n\t\t\t\t<div class=\"elementor-widget-container\">\n\t\t\t\t\t\t\t<div class=\"elementor-spacer\">\n\t\t\t<div class=\"elementor-spacer-inner\"><\/div>\n\t\t<\/div>\n\t\t\t\t\t\t<\/div>\n\t\t\t\t<\/div>\n\t\t\t\t\t<\/div>\n\t\t\t\t<\/div>\n\t\t<div class=\"elementor-element elementor-element-c7236ba e-flex e-con-boxed wpr-particle-no wpr-jarallax-no wpr-parallax-no wpr-sticky-section-no e-con e-parent\" data-id=\"c7236ba\" data-element_type=\"container\" data-e-type=\"container\">\n\t\t\t\t\t<div class=\"e-con-inner\">\n\t\t<div class=\"elementor-element elementor-element-a5cc923 e-flex e-con-boxed wpr-particle-no wpr-jarallax-no wpr-parallax-no wpr-sticky-section-no e-con e-child\" data-id=\"a5cc923\" data-element_type=\"container\" data-e-type=\"container\">\n\t\t\t\t\t<div class=\"e-con-inner\">\n\t\t\t\t<div class=\"elementor-element elementor-element-09cb335 elementor-widget elementor-widget-image\" data-id=\"09cb335\" data-element_type=\"widget\" data-e-type=\"widget\" data-widget_type=\"image.default\">\n\t\t\t\t<div class=\"elementor-widget-container\">\n\t\t\t\t\t\t\t\t\t\t\t\t\t\t\t<img fetchpriority=\"high\" decoding=\"async\" width=\"1280\" height=\"893\" src=\"https:\/\/www.hanseluk.com\/wp-content\/uploads\/2025\/03\/Castello-Bonaria-Tosconova-02-1.jpg\" class=\"attachment-full size-full wp-image-7043\" alt=\"\" srcset=\"https:\/\/www.hanseluk.com\/wp-content\/uploads\/2025\/03\/Castello-Bonaria-Tosconova-02-1.jpg 1280w, https:\/\/www.hanseluk.com\/wp-content\/uploads\/2025\/03\/Castello-Bonaria-Tosconova-02-1-300x209.jpg 300w, https:\/\/www.hanseluk.com\/wp-content\/uploads\/2025\/03\/Castello-Bonaria-Tosconova-02-1-150x105.jpg 150w, https:\/\/www.hanseluk.com\/wp-content\/uploads\/2025\/03\/Castello-Bonaria-Tosconova-02-1-768x536.jpg 768w, https:\/\/www.hanseluk.com\/wp-content\/uploads\/2025\/03\/Castello-Bonaria-Tosconova-02-1-600x419.jpg 600w\" sizes=\"(max-width: 1280px) 100vw, 1280px\" title=\"\">\t\t\t\t\t\t\t\t\t\t\t\t\t\t\t<\/div>\n\t\t\t\t<\/div>\n\t\t\t\t\t<\/div>\n\t\t\t\t<\/div>\n\t\t<div class=\"elementor-element elementor-element-d9b8e97 e-flex e-con-boxed wpr-particle-no wpr-jarallax-no wpr-parallax-no wpr-sticky-section-no e-con e-child\" data-id=\"d9b8e97\" data-element_type=\"container\" data-e-type=\"container\">\n\t\t\t\t\t<div class=\"e-con-inner\">\n\t\t\t\t<div class=\"elementor-element elementor-element-5dd298a elementor-widget elementor-widget-image\" data-id=\"5dd298a\" data-element_type=\"widget\" data-e-type=\"widget\" data-widget_type=\"image.default\">\n\t\t\t\t<div class=\"elementor-widget-container\">\n\t\t\t\t\t\t\t\t\t\t\t\t\t\t\t<img decoding=\"async\" width=\"1280\" height=\"856\" src=\"https:\/\/www.hanseluk.com\/wp-content\/uploads\/2025\/03\/Castello-Bonaria-Tosconova-05.jpg\" class=\"attachment-full size-full wp-image-7033\" alt=\"\" srcset=\"https:\/\/www.hanseluk.com\/wp-content\/uploads\/2025\/03\/Castello-Bonaria-Tosconova-05.jpg 1280w, https:\/\/www.hanseluk.com\/wp-content\/uploads\/2025\/03\/Castello-Bonaria-Tosconova-05-300x201.jpg 300w, https:\/\/www.hanseluk.com\/wp-content\/uploads\/2025\/03\/Castello-Bonaria-Tosconova-05-150x100.jpg 150w, https:\/\/www.hanseluk.com\/wp-content\/uploads\/2025\/03\/Castello-Bonaria-Tosconova-05-768x514.jpg 768w, https:\/\/www.hanseluk.com\/wp-content\/uploads\/2025\/03\/Castello-Bonaria-Tosconova-05-600x401.jpg 600w\" sizes=\"(max-width: 1280px) 100vw, 1280px\" title=\"\">\t\t\t\t\t\t\t\t\t\t\t\t\t\t\t<\/div>\n\t\t\t\t<\/div>\n\t\t\t\t\t<\/div>\n\t\t\t\t<\/div>\n\t\t\t\t\t<\/div>\n\t\t\t\t<\/div>\n\t\t<div class=\"elementor-element elementor-element-9cfe60a e-flex e-con-boxed wpr-particle-no wpr-jarallax-no wpr-parallax-no wpr-sticky-section-no e-con e-parent\" data-id=\"9cfe60a\" data-element_type=\"container\" data-e-type=\"container\">\n\t\t\t\t\t<div class=\"e-con-inner\">\n\t\t\t\t<div class=\"elementor-element elementor-element-d128cde elementor-widget elementor-widget-image\" data-id=\"d128cde\" data-element_type=\"widget\" data-e-type=\"widget\" data-widget_type=\"image.default\">\n\t\t\t\t<div class=\"elementor-widget-container\">\n\t\t\t\t\t\t\t\t\t\t\t\t\t\t\t<img decoding=\"async\" width=\"1280\" height=\"1469\" src=\"https:\/\/www.hanseluk.com\/wp-content\/uploads\/2025\/03\/Castello-Bonaria-Tosconova-04.jpg\" class=\"attachment-full size-full wp-image-7044\" alt=\"\" srcset=\"https:\/\/www.hanseluk.com\/wp-content\/uploads\/2025\/03\/Castello-Bonaria-Tosconova-04.jpg 1280w, https:\/\/www.hanseluk.com\/wp-content\/uploads\/2025\/03\/Castello-Bonaria-Tosconova-04-261x300.jpg 261w, https:\/\/www.hanseluk.com\/wp-content\/uploads\/2025\/03\/Castello-Bonaria-Tosconova-04-131x150.jpg 131w, https:\/\/www.hanseluk.com\/wp-content\/uploads\/2025\/03\/Castello-Bonaria-Tosconova-04-768x881.jpg 768w, https:\/\/www.hanseluk.com\/wp-content\/uploads\/2025\/03\/Castello-Bonaria-Tosconova-04-600x689.jpg 600w\" sizes=\"(max-width: 1280px) 100vw, 1280px\" title=\"\">\t\t\t\t\t\t\t\t\t\t\t\t\t\t\t<\/div>\n\t\t\t\t<\/div>\n\t\t\t\t\t<\/div>\n\t\t\t\t<\/div>\n\t\t<div class=\"elementor-element elementor-element-c7f72bc e-flex e-con-boxed wpr-particle-no wpr-jarallax-no wpr-parallax-no wpr-sticky-section-no e-con e-parent\" data-id=\"c7f72bc\" data-element_type=\"container\" data-e-type=\"container\">\n\t\t\t\t\t<div class=\"e-con-inner\">\n\t\t<div class=\"elementor-element elementor-element-5a5afdf e-flex e-con-boxed wpr-particle-no wpr-jarallax-no wpr-parallax-no wpr-sticky-section-no e-con e-child\" data-id=\"5a5afdf\" data-element_type=\"container\" data-e-type=\"container\">\n\t\t\t\t\t<div class=\"e-con-inner\">\n\t\t\t\t<div class=\"elementor-element elementor-element-76162ea elementor-widget elementor-widget-image\" data-id=\"76162ea\" data-element_type=\"widget\" data-e-type=\"widget\" data-widget_type=\"image.default\">\n\t\t\t\t<div class=\"elementor-widget-container\">\n\t\t\t\t\t\t\t\t\t\t\t\t\t\t\t<img loading=\"lazy\" decoding=\"async\" width=\"1280\" height=\"1167\" src=\"https:\/\/www.hanseluk.com\/wp-content\/uploads\/2025\/03\/Castello-Bonaria-Tosconova-03.jpg\" class=\"attachment-full size-full wp-image-7045\" alt=\"\" srcset=\"https:\/\/www.hanseluk.com\/wp-content\/uploads\/2025\/03\/Castello-Bonaria-Tosconova-03.jpg 1280w, https:\/\/www.hanseluk.com\/wp-content\/uploads\/2025\/03\/Castello-Bonaria-Tosconova-03-300x274.jpg 300w, https:\/\/www.hanseluk.com\/wp-content\/uploads\/2025\/03\/Castello-Bonaria-Tosconova-03-150x137.jpg 150w, https:\/\/www.hanseluk.com\/wp-content\/uploads\/2025\/03\/Castello-Bonaria-Tosconova-03-768x700.jpg 768w, https:\/\/www.hanseluk.com\/wp-content\/uploads\/2025\/03\/Castello-Bonaria-Tosconova-03-600x547.jpg 600w\" sizes=\"(max-width: 1280px) 100vw, 1280px\" title=\"\">\t\t\t\t\t\t\t\t\t\t\t\t\t\t\t<\/div>\n\t\t\t\t<\/div>\n\t\t\t\t\t<\/div>\n\t\t\t\t<\/div>\n\t\t<div class=\"elementor-element elementor-element-ce1c2ea e-flex e-con-boxed wpr-particle-no wpr-jarallax-no wpr-parallax-no wpr-sticky-section-no e-con e-child\" data-id=\"ce1c2ea\" data-element_type=\"container\" data-e-type=\"container\">\n\t\t\t\t\t<div class=\"e-con-inner\">\n\t\t\t\t<div class=\"elementor-element elementor-element-74d88ab elementor-widget elementor-widget-image\" data-id=\"74d88ab\" data-element_type=\"widget\" data-e-type=\"widget\" data-widget_type=\"image.default\">\n\t\t\t\t<div class=\"elementor-widget-container\">\n\t\t\t\t\t\t\t\t\t\t\t\t\t\t\t<img loading=\"lazy\" decoding=\"async\" width=\"1200\" height=\"1200\" src=\"https:\/\/www.hanseluk.com\/wp-content\/uploads\/2025\/03\/Castello-Bonaria-Tosconova-06-1.jpg\" class=\"attachment-full size-full wp-image-7046\" alt=\"\" srcset=\"https:\/\/www.hanseluk.com\/wp-content\/uploads\/2025\/03\/Castello-Bonaria-Tosconova-06-1.jpg 1200w, https:\/\/www.hanseluk.com\/wp-content\/uploads\/2025\/03\/Castello-Bonaria-Tosconova-06-1-300x300.jpg 300w, https:\/\/www.hanseluk.com\/wp-content\/uploads\/2025\/03\/Castello-Bonaria-Tosconova-06-1-150x150.jpg 150w, https:\/\/www.hanseluk.com\/wp-content\/uploads\/2025\/03\/Castello-Bonaria-Tosconova-06-1-768x768.jpg 768w, https:\/\/www.hanseluk.com\/wp-content\/uploads\/2025\/03\/Castello-Bonaria-Tosconova-06-1-600x600.jpg 600w, https:\/\/www.hanseluk.com\/wp-content\/uploads\/2025\/03\/Castello-Bonaria-Tosconova-06-1-100x100.jpg 100w\" sizes=\"(max-width: 1200px) 100vw, 1200px\" title=\"\">\t\t\t\t\t\t\t\t\t\t\t\t\t\t\t<\/div>\n\t\t\t\t<\/div>\n\t\t\t\t\t<\/div>\n\t\t\t\t<\/div>\n\t\t\t\t\t<\/div>\n\t\t\t\t<\/div>\n\t\t<div class=\"elementor-element elementor-element-3ee04aa e-flex e-con-boxed wpr-particle-no wpr-jarallax-no wpr-parallax-no wpr-sticky-section-no e-con e-parent\" data-id=\"3ee04aa\" data-element_type=\"container\" data-e-type=\"container\">\n\t\t\t\t\t<div class=\"e-con-inner\">\n\t\t\t\t<div class=\"elementor-element elementor-element-2beed75 elementor-widget elementor-widget-spacer\" data-id=\"2beed75\" data-element_type=\"widget\" data-e-type=\"widget\" data-widget_type=\"spacer.default\">\n\t\t\t\t<div class=\"elementor-widget-container\">\n\t\t\t\t\t\t\t<div class=\"elementor-spacer\">\n\t\t\t<div class=\"elementor-spacer-inner\"><\/div>\n\t\t<\/div>\n\t\t\t\t\t\t<\/div>\n\t\t\t\t<\/div>\n\t\t\t\t\t<\/div>\n\t\t\t\t<\/div>\n\t\t<div class=\"elementor-element elementor-element-7a462e9 e-flex e-con-boxed wpr-particle-no wpr-jarallax-no wpr-parallax-no wpr-sticky-section-no e-con e-parent\" data-id=\"7a462e9\" data-element_type=\"container\" data-e-type=\"container\">\n\t\t\t\t\t<div class=\"e-con-inner\">\n\t\t\t\t<div class=\"elementor-element elementor-element-379cc2b elementor-widget elementor-widget-spacer\" data-id=\"379cc2b\" data-element_type=\"widget\" data-e-type=\"widget\" data-widget_type=\"spacer.default\">\n\t\t\t\t<div class=\"elementor-widget-container\">\n\t\t\t\t\t\t\t<div class=\"elementor-spacer\">\n\t\t\t<div class=\"elementor-spacer-inner\"><\/div>\n\t\t<\/div>\n\t\t\t\t\t\t<\/div>\n\t\t\t\t<\/div>\n\t\t\t\t\t<\/div>\n\t\t\t\t<\/div>\n\t\t\t\t<\/div>","protected":false},"excerpt":{"rendered":"<p>Castello Bonaria Nestled among vineyards and olive groves, Bonaria Castle dominates the sweet slopes that from Campiglia Marittima degrade towards the sea. A special, exclusive place, surrounded by the Tuscan countryside, built in XIX century as a hunting lodge by the rich landowner Carlo Boldrini and recently renovated to give life to a luxury hotel in the Alta Maremma heart.<\/p>","protected":false},"author":1,"featured_media":0,"parent":0,"menu_order":0,"comment_status":"closed","ping_status":"closed","template":"","meta":{"_eb_attr":"","footnotes":""},"class_list":["post-7040","page","type-page","status-publish","hentry"],"_links":{"self":[{"href":"https:\/\/www.hanseluk.com\/fr\/wp-json\/wp\/v2\/pages\/7040","targetHints":{"allow":["GET"]}}],"collection":[{"href":"https:\/\/www.hanseluk.com\/fr\/wp-json\/wp\/v2\/pages"}],"about":[{"href":"https:\/\/www.hanseluk.com\/fr\/wp-json\/wp\/v2\/types\/page"}],"author":[{"embeddable":true,"href":"https:\/\/www.hanseluk.com\/fr\/wp-json\/wp\/v2\/users\/1"}],"replies":[{"embeddable":true,"href":"https:\/\/www.hanseluk.com\/fr\/wp-json\/wp\/v2\/comments?post=7040"}],"version-history":[{"count":0,"href":"https:\/\/www.hanseluk.com\/fr\/wp-json\/wp\/v2\/pages\/7040\/revisions"}],"wp:attachment":[{"href":"https:\/\/www.hanseluk.com\/fr\/wp-json\/wp\/v2\/media?parent=7040"}],"curies":[{"name":"wp","href":"https:\/\/api.w.org\/{rel}","templated":true}]}}