{"id":11969,"date":"2025-10-08T15:19:41","date_gmt":"2025-10-08T07:19:41","guid":{"rendered":"https:\/\/www.hanseluk.com\/?post_type=product&#038;p=11969"},"modified":"2025-10-09T09:46:05","modified_gmt":"2025-10-09T01:46:05","slug":"sleek-and-functional-bedroom-closet-ideas-for-modern-homes","status":"publish","type":"product","link":"https:\/\/www.hanseluk.com\/fr\/idees-darmoires-de-chambre-a-coucher-elegantes-et-fonctionnelles-pour-les-maisons-modernes\/","title":{"rendered":"Id\u00e9es de placards de chambre \u00e9l\u00e9gants et fonctionnels pour les maisons modernes"},"content":{"rendered":"<p><span style=\"color: #000000;\"><img fetchpriority=\"high\" decoding=\"async\" class=\"alignleft wp-image-6623\" src=\"https:\/\/www.cabinetworldinc.com\/wp-content\/uploads\/2024\/12\/1-72-300x225.jpg\" alt=\"\" width=\"400\" height=\"300\" title=\"\"><\/span><\/p>\n<p>&nbsp;<\/p>\n<p><span style=\"color: #000000;\">Concept de design<\/span><br \/>\n<span style=\"color: #000000;\">Cette conception de placard de chambre adopte une approche minimaliste, combinant \u00e0 la fois l'espace de rangement et l'espace de toilettage personnel en une seule unit\u00e9 coh\u00e9sive. Les armoires blanches et \u00e9pur\u00e9es s'int\u00e8grent parfaitement au d\u00e9cor de la pi\u00e8ce, cr\u00e9ant un environnement calme et organis\u00e9. L'inclusion d'un meuble-lavabo ajoute une touche personnelle, rendant l'espace \u00e0 la fois fonctionnel et accueillant, id\u00e9al pour les chambres \u00e0 coucher modernes.<\/span><\/p>\n<p><span style=\"color: #000000;\">Palette de couleurs et traitement de surface<\/span><br \/>\n<span style=\"color: #000000;\">L'armoire de la chambre \u00e0 coucher est d'un blanc immacul\u00e9, ce qui renforce la luminosit\u00e9 de la pi\u00e8ce et lui conf\u00e8re une sensation de fra\u00eecheur et d'a\u00e9ration. Le traitement de surface mat garantit un aspect \u00e9l\u00e9gant et moderne tout en offrant une r\u00e9sistance \u00e0 l'usure quotidienne. L'utilisation subtile de poign\u00e9es m\u00e9talliques ajoute une touche sophistiqu\u00e9e, compl\u00e9tant l'esth\u00e9tique minimaliste g\u00e9n\u00e9rale.<\/span><\/p>\n<p>&nbsp;<\/p>\n<p>&nbsp;<\/p>\n<p>&nbsp;<\/p>\n<p>&nbsp;<\/p>\n<p><span style=\"color: #000000;\"><img decoding=\"async\" class=\"alignright wp-image-6624\" src=\"https:\/\/www.cabinetworldinc.com\/wp-content\/uploads\/2024\/12\/2-74-300x225.jpg\" alt=\"\" width=\"400\" height=\"300\" title=\"\"><\/span><\/p>\n<p>&nbsp;<\/p>\n<p><span style=\"color: #000000;\">Configuration spatiale<\/span><br \/>\n<span style=\"color: #000000;\">La conception maximise l'efficacit\u00e9 du rangement, avec des armoires hautes dot\u00e9es de compartiments en hauteur et d'un meuble-lavabo central. Ce placard de chambre \u00e0 coucher offre suffisamment d'espace pour les v\u00eatements, les accessoires et les objets personnels, le tout \u00e0 port\u00e9e de main. L'agencement est soigneusement planifi\u00e9 pour conserver une apparence \u00e9pur\u00e9e, tirant le meilleur parti des dimensions de la pi\u00e8ce tout en garantissant une apparence d\u00e9gag\u00e9e.<\/span><\/p>\n<p><span style=\"color: #000000;\">Mat\u00e9riaux et ex\u00e9cution<\/span><br \/>\n<span style=\"color: #000000;\">Construite en MDF durable, l'armoire de la chambre \u00e0 coucher offre une performance durable et une facilit\u00e9 d'entretien. La finition blanche et lisse de l'armoire ne rehausse pas seulement l'attrait visuel, mais offre \u00e9galement une qualit\u00e9 tactile que les finitions synth\u00e9tiques ne peuvent \u00e9galer. La pr\u00e9cision de l'ex\u00e9cution est \u00e9vidente dans les joints sans soudure et les portes parfaitement align\u00e9es, refl\u00e9tant un haut niveau de qualit\u00e9.<\/span><\/p>\n<p>&nbsp;<\/p>\n<p>&nbsp;<\/p>\n<p>&nbsp;<\/p>\n<p>&nbsp;<\/p>\n<p><span style=\"color: #000000;\"><img decoding=\"async\" class=\"size-medium wp-image-6625 alignleft\" src=\"https:\/\/www.cabinetworldinc.com\/wp-content\/uploads\/2024\/12\/3-64-300x225.jpg\" alt=\"\" width=\"300\" height=\"225\" title=\"\"><\/span><\/p>\n<p>&nbsp;<\/p>\n<p>&nbsp;<\/p>\n<p><span style=\"color: #000000;\">Fonctionnalit\u00e9 et ergonomie<\/span><br \/>\n<span style=\"color: #000000;\">Cette conception de placard de chambre n'est pas seulement une question de rangement, mais aussi d'am\u00e9lioration de la fonctionnalit\u00e9 de la pi\u00e8ce. Le bureau int\u00e9gr\u00e9 est positionn\u00e9 de mani\u00e8re ergonomique pour offrir un espace de travail confortable, id\u00e9al pour les longues s\u00e9ances d'\u00e9tude. L'agencement du placard a \u00e9t\u00e9 con\u00e7u de mani\u00e8re \u00e0 faciliter l'acc\u00e8s \u00e0 toutes les zones, ce qui favorise un environnement organis\u00e9 et sans encombrement.<\/span><\/p>","protected":false},"excerpt":{"rendered":"<p>&nbsp; Concept de conception Cette conception de placard de chambre adopte une approche minimaliste, combinant \u00e0 la fois l'espace de rangement et l'espace de toilettage personnel en une seule unit\u00e9 coh\u00e9sive. Les armoires blanches et \u00e9pur\u00e9es s'int\u00e8grent parfaitement au d\u00e9cor de la pi\u00e8ce, cr\u00e9ant un environnement calme et organis\u00e9. L'inclusion d'un meuble-lavabo ajoute une touche personnelle, rendant l'espace \u00e0 la fois fonctionnel et accueillant, id\u00e9al pour les chambres \u00e0 coucher modernes. Palette de couleurs et traitement de surface L'armoire de la chambre \u00e0 coucher est d'un blanc immacul\u00e9, ce qui renforce la luminosit\u00e9 de la pi\u00e8ce et lui conf\u00e8re une sensation de fra\u00eecheur et d'a\u00e9ration. Le traitement de surface mat garantit un aspect \u00e9l\u00e9gant et moderne tout en offrant une r\u00e9sistance \u00e0 l'usure quotidienne. L'utilisation subtile de poign\u00e9es m\u00e9talliques ajoute une touche sophistiqu\u00e9e, compl\u00e9tant l'esth\u00e9tique minimaliste g\u00e9n\u00e9rale.           Configuration spatiale La conception maximise l'efficacit\u00e9 du rangement, avec des armoires hautes dot\u00e9es de compartiments en hauteur et d'un meuble-lavabo central. Ce placard de chambre \u00e0 coucher offre suffisamment d'espace pour les v\u00eatements, les accessoires et les objets personnels, tous \u00e0 port\u00e9e de main. L'agencement est soigneusement planifi\u00e9 pour maintenir une apparence \u00e9pur\u00e9e, tirant le meilleur parti des dimensions de la pi\u00e8ce tout en garantissant une apparence d\u00e9gag\u00e9e. Mat\u00e9riaux et ex\u00e9cution Construite en MDF durable, l'armoire de chambre \u00e0 coucher offre une performance durable et une facilit\u00e9 d'entretien. Le fini blanc lisse de l'armoire rehausse non seulement l'attrait visuel, mais procure \u00e9galement une qualit\u00e9 tactile que les finis synth\u00e9tiques ne peuvent \u00e9galer. La pr\u00e9cision de l'ex\u00e9cution est \u00e9vidente dans les joints sans soudure et les portes parfaitement align\u00e9es, ce qui t\u00e9moigne d'un haut niveau de qualit\u00e9.             Fonctionnalit\u00e9 et ergonomie La conception de ce placard de chambre n'est pas seulement une question de rangement, mais aussi d'am\u00e9lioration de la fonctionnalit\u00e9 de la pi\u00e8ce. Le bureau int\u00e9gr\u00e9 est positionn\u00e9 de mani\u00e8re ergonomique pour offrir un espace de travail confortable, id\u00e9al pour les longues s\u00e9ances d'\u00e9tude. L'agencement du placard a \u00e9t\u00e9 con\u00e7u de mani\u00e8re \u00e0 faciliter l'acc\u00e8s \u00e0 toutes les zones, ce qui favorise un environnement organis\u00e9 et sans encombrement.<\/p>","protected":false},"featured_media":12004,"template":"","meta":{"_eb_attr":""},"product_brand":[],"product_cat":[128,115],"product_tag":[127],"class_list":{"0":"post-11969","1":"product","2":"type-product","3":"status-publish","4":"has-post-thumbnail","6":"product_cat-bedroom-wardrobe-2","7":"product_cat-cabinets","8":"product_tag-two-fold-details-page","10":"first","11":"instock","12":"shipping-taxable","13":"product-type-simple"},"_links":{"self":[{"href":"https:\/\/www.hanseluk.com\/fr\/wp-json\/wp\/v2\/product\/11969","targetHints":{"allow":["GET"]}}],"collection":[{"href":"https:\/\/www.hanseluk.com\/fr\/wp-json\/wp\/v2\/product"}],"about":[{"href":"https:\/\/www.hanseluk.com\/fr\/wp-json\/wp\/v2\/types\/product"}],"version-history":[{"count":0,"href":"https:\/\/www.hanseluk.com\/fr\/wp-json\/wp\/v2\/product\/11969\/revisions"}],"wp:featuredmedia":[{"embeddable":true,"href":"https:\/\/www.hanseluk.com\/fr\/wp-json\/wp\/v2\/media\/12004"}],"wp:attachment":[{"href":"https:\/\/www.hanseluk.com\/fr\/wp-json\/wp\/v2\/media?parent=11969"}],"wp:term":[{"taxonomy":"product_brand","embeddable":true,"href":"https:\/\/www.hanseluk.com\/fr\/wp-json\/wp\/v2\/product_brand?post=11969"},{"taxonomy":"product_cat","embeddable":true,"href":"https:\/\/www.hanseluk.com\/fr\/wp-json\/wp\/v2\/product_cat?post=11969"},{"taxonomy":"product_tag","embeddable":true,"href":"https:\/\/www.hanseluk.com\/fr\/wp-json\/wp\/v2\/product_tag?post=11969"}],"curies":[{"name":"wp","href":"https:\/\/api.w.org\/{rel}","templated":true}]}}