{"id":12121,"date":"2025-10-08T16:49:35","date_gmt":"2025-10-08T08:49:35","guid":{"rendered":"https:\/\/www.hanseluk.com\/?post_type=product&#038;p=12121"},"modified":"2025-10-09T09:44:17","modified_gmt":"2025-10-09T01:44:17","slug":"modern-l-shaped-light-white-lacquer-laminate-kitchen-cabinets","status":"publish","type":"product","link":"https:\/\/www.hanseluk.com\/fr\/armoires-de-cuisine-modernes-en-forme-de-l-laquees-blanc-clair-en-stratifie\/","title":{"rendered":"Armoires de cuisine modernes en L en stratifi\u00e9 laqu\u00e9 blanc clair"},"content":{"rendered":"<p><span style=\"color: #000000;\"><img fetchpriority=\"high\" decoding=\"async\" class=\"alignleft wp-image-6065\" src=\"https:\/\/www.cabinetworldinc.com\/wp-content\/uploads\/2024\/12\/1-5-300x225.jpg\" alt=\"\" width=\"600\" height=\"450\" title=\"\"><\/span><\/p>\n<p>&nbsp;<\/p>\n<p><span style=\"color: #000000;\">Conception du produit<\/span><br \/>\n<span style=\"color: #000000;\">Cette cuisine moderne incarne l'\u00e9l\u00e9gance \u00e9pur\u00e9e avec ses armoires de cuisine blanc clair qui donnent une impression de s\u00e9r\u00e9nit\u00e9 et d'espace. La finition laqu\u00e9e des armoires leur conf\u00e8re un \u00e9clat brillant qui refl\u00e8te la lumi\u00e8re, renfor\u00e7ant ainsi la sensation d'a\u00e9ration de la cuisine. Les lignes droites et \u00e9pur\u00e9es et les surfaces sans ornement mettent en valeur le design minimaliste, offrant un environnement sans encombrement qui est \u00e0 la fois \u00e9l\u00e9gant et contemporain.<\/span><\/p>\n<p><span style=\"color: #000000;\">Harmonie des couleurs<\/span><br \/>\n<span style=\"color: #000000;\">Le blanc clair des armoires s'associe \u00e0 la lumi\u00e8re naturelle pour cr\u00e9er une atmosph\u00e8re douce et accueillante, semblable \u00e0 la douce lueur d'un lever de soleil. La finition laqu\u00e9e ne se contente pas d'amplifier la luminosit\u00e9 du blanc, elle offre \u00e9galement une durabilit\u00e9 et une facilit\u00e9 d'entretien. Cette palette de couleurs immacul\u00e9es s'accorde parfaitement avec les principes du design moderne, d\u00e9gageant un aspect chic et coh\u00e9rent.<\/span><\/p>\n<p><span style=\"color: #000000;\">Int\u00e9grit\u00e9 mat\u00e9rielle<\/span><br \/>\n<span style=\"color: #000000;\">Fabriqu\u00e9es \u00e0 partir de panneaux de particules r\u00e9sistants, les armoires sont con\u00e7ues pour durer tout en conservant un aspect l\u00e9ger. La finition laqu\u00e9e contribue non seulement \u00e0 l'attrait visuel avec sa fa\u00e7ade brillante, mais sert \u00e9galement de barri\u00e8re robuste contre les rigueurs de l'utilisation quotidienne de la cuisine.<\/span><\/p>\n<p>&nbsp;<\/p>\n<p>&nbsp;<\/p>\n<p>&nbsp;<\/p>\n<p><span style=\"color: #000000;\"><img decoding=\"async\" class=\"size-medium wp-image-6066 alignright\" src=\"https:\/\/www.cabinetworldinc.com\/wp-content\/uploads\/2024\/12\/2-6-300x225.jpg\" alt=\"\" width=\"300\" height=\"225\" title=\"\"><\/span><\/p>\n<p>&nbsp;<\/p>\n<p><span style=\"color: #000000;\">Disposition de la structure<\/span><br \/>\n<span style=\"color: #000000;\">La disposition en L de la cuisine t\u00e9moigne d'une planification efficace de l'espace, permettant une circulation fluide des activit\u00e9s dans la cuisine. Cette configuration est id\u00e9ale pour le style de vie moderne, car elle offre un grand espace de travail pour la pr\u00e9paration et un coin repas int\u00e9gr\u00e9 qui encourage les interactions sociales.<\/span><br \/>\n<span style=\"color: #000000;\">Conception centr\u00e9e sur l'homme<\/span><br \/>\n<span style=\"color: #000000;\">La cuisine a \u00e9t\u00e9 con\u00e7ue dans un souci de confort et d'efficacit\u00e9 pour l'utilisateur. Les armoires de cuisine blanc clair offrent un grand espace de rangement, minimisant le d\u00e9sordre et maximisant l'accessibilit\u00e9. La section centrale en forme de L abrite astucieusement les appareils \u00e9lectrom\u00e9nagers et les zones de pr\u00e9paration, favorisant ainsi un flux de travail pratique. Cette cuisine moderne est un m\u00e9lange harmonieux de forme et de fonction, cr\u00e9ant un espace accueillant qui r\u00e9pond aux besoins des foyers d'aujourd'hui.<\/span><\/p>","protected":false},"excerpt":{"rendered":"<p>&nbsp; Conception du produit Cette cuisine moderne incarne l'\u00e9l\u00e9gance \u00e9pur\u00e9e avec ses armoires de cuisine blanc clair qui donnent une impression de s\u00e9r\u00e9nit\u00e9 et d'espace. La finition laqu\u00e9e des armoires leur conf\u00e8re un \u00e9clat brillant qui refl\u00e8te la lumi\u00e8re, renfor\u00e7ant ainsi la sensation d'a\u00e9ration de la cuisine. Les lignes droites et \u00e9pur\u00e9es et les surfaces sans ornement mettent en valeur le design minimaliste, offrant un environnement sans encombrement qui est \u00e0 la fois \u00e9l\u00e9gant et contemporain. Harmonie des couleurs Le blanc clair des armoires s'associe \u00e0 la lumi\u00e8re naturelle pour cr\u00e9er une atmosph\u00e8re douce et accueillante, semblable \u00e0 la douce lueur d'un lever de soleil. La finition laqu\u00e9e ne se contente pas d'amplifier la luminosit\u00e9 du blanc, elle offre \u00e9galement une durabilit\u00e9 et une facilit\u00e9 d'entretien. Cette palette de couleurs immacul\u00e9es s'accorde parfaitement avec les principes du design moderne, d\u00e9gageant un aspect chic et coh\u00e9rent. Int\u00e9grit\u00e9 des mat\u00e9riaux Fabriqu\u00e9es \u00e0 partir de panneaux de particules r\u00e9sistants, les armoires sont con\u00e7ues pour durer tout en conservant un aspect l\u00e9ger. La finition laqu\u00e9e contribue non seulement \u00e0 l'attrait visuel avec sa fa\u00e7ade brillante, mais sert \u00e9galement de barri\u00e8re robuste contre les rigueurs de l'utilisation quotidienne de la cuisine.         Agencement de la structure L'agencement en L de la cuisine t\u00e9moigne d'une planification efficace de l'espace, permettant une circulation fluide des activit\u00e9s dans la cuisine. Cette configuration est id\u00e9ale pour le style de vie moderne, car elle offre un grand espace de travail pour la pr\u00e9paration et un espace repas int\u00e9gr\u00e9 qui encourage les interactions sociales. Conception centr\u00e9e sur l'homme La cuisine a \u00e9t\u00e9 con\u00e7ue en tenant compte du confort et de l'efficacit\u00e9 de l'utilisateur. Les armoires de cuisine blanc clair offrent un grand espace de rangement, minimisant le d\u00e9sordre et maximisant l'accessibilit\u00e9. La section centrale en forme de L abrite astucieusement les appareils \u00e9lectrom\u00e9nagers et les zones de pr\u00e9paration, favorisant ainsi un flux de travail pratique. Cette cuisine moderne est un m\u00e9lange harmonieux de forme et de fonction, cr\u00e9ant un espace accueillant qui r\u00e9pond aux besoins des foyers d'aujourd'hui.<\/p>","protected":false},"featured_media":12133,"template":"","meta":{"_eb_attr":""},"product_brand":[],"product_cat":[115,129,132],"product_tag":[127],"class_list":{"0":"post-12121","1":"product","2":"type-product","3":"status-publish","4":"has-post-thumbnail","6":"product_cat-cabinets","7":"product_cat-kitchen-cabinet-2","8":"product_cat-laminate-kitchen-cabinets-2","9":"product_tag-two-fold-details-page","11":"first","12":"instock","13":"shipping-taxable","14":"product-type-simple"},"_links":{"self":[{"href":"https:\/\/www.hanseluk.com\/fr\/wp-json\/wp\/v2\/product\/12121","targetHints":{"allow":["GET"]}}],"collection":[{"href":"https:\/\/www.hanseluk.com\/fr\/wp-json\/wp\/v2\/product"}],"about":[{"href":"https:\/\/www.hanseluk.com\/fr\/wp-json\/wp\/v2\/types\/product"}],"version-history":[{"count":0,"href":"https:\/\/www.hanseluk.com\/fr\/wp-json\/wp\/v2\/product\/12121\/revisions"}],"wp:featuredmedia":[{"embeddable":true,"href":"https:\/\/www.hanseluk.com\/fr\/wp-json\/wp\/v2\/media\/12133"}],"wp:attachment":[{"href":"https:\/\/www.hanseluk.com\/fr\/wp-json\/wp\/v2\/media?parent=12121"}],"wp:term":[{"taxonomy":"product_brand","embeddable":true,"href":"https:\/\/www.hanseluk.com\/fr\/wp-json\/wp\/v2\/product_brand?post=12121"},{"taxonomy":"product_cat","embeddable":true,"href":"https:\/\/www.hanseluk.com\/fr\/wp-json\/wp\/v2\/product_cat?post=12121"},{"taxonomy":"product_tag","embeddable":true,"href":"https:\/\/www.hanseluk.com\/fr\/wp-json\/wp\/v2\/product_tag?post=12121"}],"curies":[{"name":"wp","href":"https:\/\/api.w.org\/{rel}","templated":true}]}}