{"id":4718,"date":"2025-02-18T11:22:28","date_gmt":"2025-02-18T03:22:28","guid":{"rendered":"https:\/\/www.hanseluk.com\/?post_type=product&#038;p=4718"},"modified":"2025-10-09T11:19:14","modified_gmt":"2025-10-09T03:19:14","slug":"rich-taupe","status":"publish","type":"product","link":"https:\/\/www.hanseluk.com\/fr\/taupe-riche\/","title":{"rendered":"Taupe riche"},"content":{"rendered":"<p>Nos essences de bois les plus pris\u00e9es sont le fr\u00eane et le ch\u00eane.<br \/>\nNos essences de bois standard sont le h\u00eatre et l'\u00e9rable.<\/p>\n<p>Pour d'autres essences de bois de qualit\u00e9 sup\u00e9rieure, veuillez vous renseigner aupr\u00e8s de votre repr\u00e9sentant local.<\/p>\n<p>Il est important de noter que les couleurs des photos peuvent varier en fonction du r\u00e9glage de votre \u00e9cran.<\/p>","protected":false},"excerpt":{"rendered":"<p>Mod\u00e8le : CHF-23<\/p>","protected":false},"featured_media":4719,"template":"","meta":{"_eb_attr":""},"product_brand":[],"product_cat":[59,136,76],"product_tag":[],"class_list":{"0":"post-4718","1":"product","2":"type-product","3":"status-publish","4":"has-post-thumbnail","6":"product_cat-accessories","7":"product_cat-furniture-related","8":"product_cat-wood-finishes","10":"first","11":"instock","12":"shipping-taxable","13":"product-type-simple"},"_links":{"self":[{"href":"https:\/\/www.hanseluk.com\/fr\/wp-json\/wp\/v2\/product\/4718","targetHints":{"allow":["GET"]}}],"collection":[{"href":"https:\/\/www.hanseluk.com\/fr\/wp-json\/wp\/v2\/product"}],"about":[{"href":"https:\/\/www.hanseluk.com\/fr\/wp-json\/wp\/v2\/types\/product"}],"version-history":[{"count":0,"href":"https:\/\/www.hanseluk.com\/fr\/wp-json\/wp\/v2\/product\/4718\/revisions"}],"wp:featuredmedia":[{"embeddable":true,"href":"https:\/\/www.hanseluk.com\/fr\/wp-json\/wp\/v2\/media\/4719"}],"wp:attachment":[{"href":"https:\/\/www.hanseluk.com\/fr\/wp-json\/wp\/v2\/media?parent=4718"}],"wp:term":[{"taxonomy":"product_brand","embeddable":true,"href":"https:\/\/www.hanseluk.com\/fr\/wp-json\/wp\/v2\/product_brand?post=4718"},{"taxonomy":"product_cat","embeddable":true,"href":"https:\/\/www.hanseluk.com\/fr\/wp-json\/wp\/v2\/product_cat?post=4718"},{"taxonomy":"product_tag","embeddable":true,"href":"https:\/\/www.hanseluk.com\/fr\/wp-json\/wp\/v2\/product_tag?post=4718"}],"curies":[{"name":"wp","href":"https:\/\/api.w.org\/{rel}","templated":true}]}}