{"id":4917,"date":"2025-02-19T11:28:50","date_gmt":"2025-02-19T03:28:50","guid":{"rendered":"https:\/\/www.hanseluk.com\/?post_type=product&#038;p=4917"},"modified":"2025-10-09T11:17:04","modified_gmt":"2025-10-09T03:17:04","slug":"black-smoke-transparent-powder-coat","status":"publish","type":"product","link":"https:\/\/www.hanseluk.com\/fr\/noir-smoke-transparent-powder-coat\/","title":{"rendered":"Rev\u00eatement en poudre transparent noir fum\u00e9"},"content":{"rendered":"<p>Il est important de noter que les couleurs des photos peuvent varier en fonction du r\u00e9glage de votre \u00e9cran.<\/p>","protected":false},"excerpt":{"rendered":"<p>Mod\u00e8le : PC-49-80924-D<\/p>","protected":false},"featured_media":4918,"template":"","meta":{"_eb_attr":""},"product_brand":[],"product_cat":[136,103,77],"product_tag":[],"class_list":{"0":"post-4917","1":"product","2":"type-product","3":"status-publish","4":"has-post-thumbnail","6":"product_cat-furniture-related","7":"product_cat-group-3","8":"product_cat-metal-finishes","10":"first","11":"instock","12":"shipping-taxable","13":"product-type-simple"},"_links":{"self":[{"href":"https:\/\/www.hanseluk.com\/fr\/wp-json\/wp\/v2\/product\/4917","targetHints":{"allow":["GET"]}}],"collection":[{"href":"https:\/\/www.hanseluk.com\/fr\/wp-json\/wp\/v2\/product"}],"about":[{"href":"https:\/\/www.hanseluk.com\/fr\/wp-json\/wp\/v2\/types\/product"}],"version-history":[{"count":0,"href":"https:\/\/www.hanseluk.com\/fr\/wp-json\/wp\/v2\/product\/4917\/revisions"}],"wp:featuredmedia":[{"embeddable":true,"href":"https:\/\/www.hanseluk.com\/fr\/wp-json\/wp\/v2\/media\/4918"}],"wp:attachment":[{"href":"https:\/\/www.hanseluk.com\/fr\/wp-json\/wp\/v2\/media?parent=4917"}],"wp:term":[{"taxonomy":"product_brand","embeddable":true,"href":"https:\/\/www.hanseluk.com\/fr\/wp-json\/wp\/v2\/product_brand?post=4917"},{"taxonomy":"product_cat","embeddable":true,"href":"https:\/\/www.hanseluk.com\/fr\/wp-json\/wp\/v2\/product_cat?post=4917"},{"taxonomy":"product_tag","embeddable":true,"href":"https:\/\/www.hanseluk.com\/fr\/wp-json\/wp\/v2\/product_tag?post=4917"}],"curies":[{"name":"wp","href":"https:\/\/api.w.org\/{rel}","templated":true}]}}