{"id":11957,"date":"2025-10-08T15:19:40","date_gmt":"2025-10-08T07:19:40","guid":{"rendered":"https:\/\/www.hanseluk.com\/?post_type=product&#038;p=11957"},"modified":"2025-10-09T09:46:08","modified_gmt":"2025-10-09T01:46:08","slug":"modern-black-lacquer-sliding-door-wardrobe-with-glass-doors","status":"publish","type":"product","link":"https:\/\/www.hanseluk.com\/pt\/roupeiro-moderno-de-portas-de-correr-em-laca-preta-com-portas-de-vidro\/","title":{"rendered":"Roupeiro moderno com portas de correr em laca preta e portas de vidro"},"content":{"rendered":"<p><span style=\"color: #000000;\"><img fetchpriority=\"high\" decoding=\"async\" class=\"alignleft wp-image-6542\" src=\"https:\/\/www.cabinetworldinc.com\/wp-content\/uploads\/2024\/12\/1-58-300x225.jpg\" alt=\"\" width=\"400\" height=\"300\" title=\"\"><\/span><\/p>\n<p>&nbsp;<\/p>\n<p>&nbsp;<\/p>\n<p><span style=\"color: #000000;\">Conceito de design:<\/span><br \/>\n<span style=\"color: #000000;\">O nosso moderno roupeiro de porta deslizante em laca preta com portas de vidro simboliza a fus\u00e3o entre eleg\u00e2ncia e modernidade. Este roupeiro apresenta um impressionante acabamento em laca preta, combinado com portas de vidro que permitem vislumbrar o interior bem organizado, tornando-o numa pe\u00e7a de destaque em qualquer quarto moderno.<\/span><\/p>\n<p><span style=\"color: #000000;\">Paleta de cores e tratamento de superf\u00edcie:<\/span><br \/>\n<span style=\"color: #000000;\">O acabamento em laca preta do roupeiro proporciona uma textura profunda e rica que chama a aten\u00e7\u00e3o, combinando sem esfor\u00e7o com outros elementos de decora\u00e7\u00e3o. Os pain\u00e9is de vidro est\u00e3o incorporados nas portas de correr para melhorar o aspeto visual e tornar o conte\u00fado facilmente vis\u00edvel, acrescentando funcionalidade e eleg\u00e2ncia.<\/span><\/p>\n<p>&nbsp;<\/p>\n<p>&nbsp;<\/p>\n<p>&nbsp;<\/p>\n<p>&nbsp;<\/p>\n<p><span style=\"color: #000000;\"><img decoding=\"async\" class=\"alignright wp-image-6543\" src=\"https:\/\/www.cabinetworldinc.com\/wp-content\/uploads\/2024\/12\/2-60-300x169.jpg\" alt=\"\" width=\"500\" height=\"282\" title=\"\"><\/span><\/p>\n<p>&nbsp;<\/p>\n<p><span style=\"color: #000000;\">Configura\u00e7\u00e3o espacial:<\/span><br \/>\n<span style=\"color: #000000;\">Concebida a pensar na efici\u00eancia do espa\u00e7o, o mecanismo da porta deslizante permite um acesso f\u00e1cil sem necessitar de espa\u00e7o adicional para a passagem da porta. A disposi\u00e7\u00e3o interior \u00e9 cuidadosamente organizada com uma combina\u00e7\u00e3o de espa\u00e7os para pendurar, prateleiras e gavetas, facilitando a arruma\u00e7\u00e3o organizada de uma vasta gama de vestu\u00e1rio e acess\u00f3rios.<\/span><\/p>\n<p><span style=\"color: #000000;\">Materiais e artesanato:<\/span><br \/>\n<span style=\"color: #000000;\">Constru\u00eddo a partir de materiais de alta qualidade, a constru\u00e7\u00e3o robusta do roupeiro foi pensada para durar. O verniz preto \u00e9 cuidadosamente aplicado para garantir um acabamento suave e duradouro que resiste a riscos e ao desbotamento. As portas de vidro s\u00e3o feitas de vidro de seguran\u00e7a temperado, que \u00e9 simultaneamente elegante e resistente.<\/span><\/p>\n<p>&nbsp;<\/p>\n<p>&nbsp;<\/p>\n<p>&nbsp;<\/p>\n<p><span style=\"color: #000000;\"><img decoding=\"async\" class=\"size-medium wp-image-6544 alignleft\" src=\"https:\/\/www.cabinetworldinc.com\/wp-content\/uploads\/2024\/12\/3-50-300x225.jpg\" alt=\"\" width=\"300\" height=\"225\" title=\"\"><\/span><\/p>\n<p>&nbsp;<\/p>\n<p><span style=\"color: #000000;\">Funcionalidade e Ergonomia:<\/span><br \/>\n<span style=\"color: #000000;\">O design deste roupeiro d\u00e1 prioridade \u00e0 funcionalidade com a sua porta deslizante, que n\u00e3o s\u00f3 poupa espa\u00e7o como tamb\u00e9m proporciona uma experi\u00eancia de utiliza\u00e7\u00e3o sem complica\u00e7\u00f5es. O design ergon\u00f3mico garante que todas as \u00e1reas do roupeiro s\u00e3o acess\u00edveis, facilitando a organiza\u00e7\u00e3o e o acesso aos seus pertences. A adi\u00e7\u00e3o de portas de vidro aumenta a facilidade de utiliza\u00e7\u00e3o, permitindo-lhe ver o conte\u00fado sem abrir as portas, o que \u00e9 particularmente \u00fatil para as manh\u00e3s atarefadas.<\/span><\/p>","protected":false},"excerpt":{"rendered":"<p>&nbsp; &nbsp; Conceito de design: O nosso moderno roupeiro de porta deslizante em laca preta com portas de vidro simboliza a fus\u00e3o de eleg\u00e2ncia e modernidade. Este roupeiro apresenta um impressionante acabamento em laca preta, combinado com portas de vidro que permitem vislumbrar o interior bem organizado, tornando-o numa pe\u00e7a de destaque em qualquer quarto moderno. Paleta de cores e tratamento de superf\u00edcie: O acabamento em laca preta do roupeiro proporciona uma textura profunda e rica que chama a aten\u00e7\u00e3o, combinando sem esfor\u00e7o com outros elementos de decora\u00e7\u00e3o. Os pain\u00e9is de vidro s\u00e3o incorporados nas portas de correr para melhorar o aspeto visual e tornar o conte\u00fado facilmente vis\u00edvel, acrescentando funcionalidade e eleg\u00e2ncia.           Configura\u00e7\u00e3o do espa\u00e7o: Concebido tendo em conta a efici\u00eancia do espa\u00e7o, o mecanismo da porta de correr permite um acesso f\u00e1cil sem necessidade de espa\u00e7o adicional para a passagem da porta. A disposi\u00e7\u00e3o interior \u00e9 cuidadosamente organizada com uma combina\u00e7\u00e3o de espa\u00e7os para pendurar, prateleiras e gavetas, facilitando a arruma\u00e7\u00e3o organizada de uma vasta gama de vestu\u00e1rio e acess\u00f3rios. Materiais e fabrico: Constru\u00eddo com materiais de alta qualidade, a constru\u00e7\u00e3o robusta do roupeiro foi pensada para durar. O verniz preto \u00e9 cuidadosamente aplicado para garantir um acabamento suave e duradouro que resiste a riscos e ao desbotamento. As portas de vidro s\u00e3o feitas de vidro de seguran\u00e7a temperado, que \u00e9 simultaneamente elegante e resistente.         Funcionalidade e ergonomia: O design deste roupeiro d\u00e1 prioridade \u00e0 funcionalidade com a sua porta deslizante, que n\u00e3o s\u00f3 poupa espa\u00e7o como tamb\u00e9m proporciona uma experi\u00eancia de utiliza\u00e7\u00e3o sem complica\u00e7\u00f5es. O design ergon\u00f3mico garante que todas as \u00e1reas do roupeiro s\u00e3o acess\u00edveis, facilitando a organiza\u00e7\u00e3o e o acesso aos seus pertences. A adi\u00e7\u00e3o de portas de vidro aumenta a facilidade de utiliza\u00e7\u00e3o, permitindo-lhe ver o conte\u00fado sem abrir as portas, o que \u00e9 particularmente \u00fatil para as manh\u00e3s atarefadas.<\/p>","protected":false},"featured_media":11980,"template":"","meta":{"_eb_attr":""},"product_brand":[],"product_cat":[128,115],"product_tag":[127],"class_list":{"0":"post-11957","1":"product","2":"type-product","3":"status-publish","4":"has-post-thumbnail","6":"product_cat-bedroom-wardrobe-2","7":"product_cat-cabinets","8":"product_tag-two-fold-details-page","10":"first","11":"instock","12":"shipping-taxable","13":"product-type-simple"},"_links":{"self":[{"href":"https:\/\/www.hanseluk.com\/pt\/wp-json\/wp\/v2\/product\/11957","targetHints":{"allow":["GET"]}}],"collection":[{"href":"https:\/\/www.hanseluk.com\/pt\/wp-json\/wp\/v2\/product"}],"about":[{"href":"https:\/\/www.hanseluk.com\/pt\/wp-json\/wp\/v2\/types\/product"}],"version-history":[{"count":0,"href":"https:\/\/www.hanseluk.com\/pt\/wp-json\/wp\/v2\/product\/11957\/revisions"}],"wp:featuredmedia":[{"embeddable":true,"href":"https:\/\/www.hanseluk.com\/pt\/wp-json\/wp\/v2\/media\/11980"}],"wp:attachment":[{"href":"https:\/\/www.hanseluk.com\/pt\/wp-json\/wp\/v2\/media?parent=11957"}],"wp:term":[{"taxonomy":"product_brand","embeddable":true,"href":"https:\/\/www.hanseluk.com\/pt\/wp-json\/wp\/v2\/product_brand?post=11957"},{"taxonomy":"product_cat","embeddable":true,"href":"https:\/\/www.hanseluk.com\/pt\/wp-json\/wp\/v2\/product_cat?post=11957"},{"taxonomy":"product_tag","embeddable":true,"href":"https:\/\/www.hanseluk.com\/pt\/wp-json\/wp\/v2\/product_tag?post=11957"}],"curies":[{"name":"wp","href":"https:\/\/api.w.org\/{rel}","templated":true}]}}