{"id":12017,"date":"2025-10-08T15:52:11","date_gmt":"2025-10-08T07:52:11","guid":{"rendered":"https:\/\/www.hanseluk.com\/?post_type=product&#038;p=12017"},"modified":"2025-10-09T09:45:16","modified_gmt":"2025-10-09T01:45:16","slug":"black-melamine-modern-hinged-wardrobes-with-glass-doors","status":"publish","type":"product","link":"https:\/\/www.hanseluk.com\/pt\/melamina-preta-roupeiros-modernos-com-dobradicas-e-portas-de-vidro\/","title":{"rendered":"Melamina preta Roupeiros modernos com dobradi\u00e7as e portas de vidro"},"content":{"rendered":"<p><img fetchpriority=\"high\" decoding=\"async\" class=\"wp-image-5572 alignleft\" src=\"https:\/\/www.cabinetworldinc.com\/wp-content\/uploads\/2024\/12\/black-melamine-modern-hinged-wardrobes-with-glass-doors-4-1000x750-3-300x225.jpg\" alt=\"\" width=\"400\" height=\"300\" title=\"\"><\/p>\n<p>&nbsp;<\/p>\n<p>&nbsp;<\/p>\n<p><span style=\"color: #000000;\">Conceito de design:<\/span><br \/>\n<span style=\"color: #000000;\">Os nossos roupeiros modernos com dobradi\u00e7as e portas de vidro em melamina preta combinam na perfei\u00e7\u00e3o funcionalidade e estilo, ideais para espa\u00e7os modernos. A combina\u00e7\u00e3o de melamina preta e portas de vidro transparente cria um contraste visualmente marcante que real\u00e7a o design elegante do roupeiro e melhora a decora\u00e7\u00e3o geral da divis\u00e3o.<\/span><\/p>\n<p><span style=\"color: #000000;\">Paleta de cores e tratamento de superf\u00edcie:<\/span><br \/>\n<span style=\"color: #000000;\">O acabamento em melamina preta profunda oferece uma paleta sofisticada e neutra que complementa v\u00e1rios estilos de interiores. As portas de vidro acrescentam uma camada de profundidade visual e permitem espreitar o conte\u00fado do roupeiro, combinando est\u00e9tica e praticidade. Este acabamento n\u00e3o \u00e9 apenas elegante, mas tamb\u00e9m resistente a riscos e de f\u00e1cil manuten\u00e7\u00e3o.<\/span><\/p>\n<p>&nbsp;<\/p>\n<p>&nbsp;<\/p>\n<p>&nbsp;<\/p>\n<p>&nbsp;<\/p>\n<p><img decoding=\"async\" class=\"alignright wp-image-5573\" src=\"https:\/\/www.cabinetworldinc.com\/wp-content\/uploads\/2024\/12\/black-melamine-modern-hinged-wardrobes-with-glass-doors-2-1000x750-2-300x225.jpg\" alt=\"\" width=\"400\" height=\"300\" title=\"\"><\/p>\n<p>&nbsp;<\/p>\n<p><span style=\"color: #000000;\">Configura\u00e7\u00e3o espacial:<\/span><br \/>\n<span style=\"color: #000000;\">Estes roupeiros foram concebidos com um sistema vers\u00e1til de portas com dobradi\u00e7as que optimiza a utiliza\u00e7\u00e3o do espa\u00e7o e o acesso. A configura\u00e7\u00e3o inclui amplas prateleiras, espa\u00e7os para pendurar e gavetas, tornando a organiza\u00e7\u00e3o f\u00e1cil. As portas de vidro facilitam a visualiza\u00e7\u00e3o do conte\u00fado, aumentando a comodidade e reduzindo o tempo gasto na procura de artigos.<\/span><\/p>\n<p><span style=\"color: #000000;\">Materiais e artesanato:<\/span><br \/>\n<span style=\"color: #000000;\">Fabricados em melamina de alta qualidade, estes roupeiros s\u00e3o duradouros e concebidos para resistir aos rigores da utiliza\u00e7\u00e3o di\u00e1ria. Os elementos de vidro s\u00e3o temperados para seguran\u00e7a e durabilidade, garantindo que o roupeiro permanece uma parte duradoura do seu mobili\u00e1rio dom\u00e9stico.<\/span><\/p>\n<p>&nbsp;<\/p>\n<p>&nbsp;<\/p>\n<p>&nbsp;<\/p>\n<p><img decoding=\"async\" class=\"size-medium wp-image-5573 alignleft\" src=\"https:\/\/www.cabinetworldinc.com\/wp-content\/uploads\/2024\/12\/black-melamine-modern-hinged-wardrobes-with-glass-doors-2-1000x750-2-300x225.jpg\" alt=\"\" width=\"300\" height=\"225\" title=\"\"><\/p>\n<p>&nbsp;<\/p>\n<p>&nbsp;<\/p>\n<p><span style=\"color: #000000;\">Funcionalidade e Ergonomia:<\/span><br \/>\n<span style=\"color: #000000;\">As portas com dobradi\u00e7as dos Roupeiros modernos com dobradi\u00e7as e portas de vidro em melamina preta foram concebidas para uma acessibilidade m\u00e1xima e efici\u00eancia de espa\u00e7o. A disposi\u00e7\u00e3o ergon\u00f3mica facilita o acesso a todas as sec\u00e7\u00f5es do roupeiro, tornando a sele\u00e7\u00e3o de roupa r\u00e1pida e simples. Este design garante a coexist\u00eancia de estilo e funcionalidade, proporcionando uma solu\u00e7\u00e3o de arruma\u00e7\u00e3o de f\u00e1cil utiliza\u00e7\u00e3o que melhora os espa\u00e7os de vida modernos.<\/span><\/p>","protected":false},"excerpt":{"rendered":"<p>&nbsp; &nbsp; Conceito de design: Os nossos roupeiros modernos com dobradi\u00e7as e portas de vidro em melamina preta combinam na perfei\u00e7\u00e3o a funcionalidade com o estilo, ideal para espa\u00e7os modernos. A combina\u00e7\u00e3o de melamina preta e portas de vidro transparentes cria um contraste visualmente marcante que real\u00e7a o design elegante do roupeiro e melhora a decora\u00e7\u00e3o geral da divis\u00e3o. Paleta de cores e tratamento de superf\u00edcie: O acabamento em melamina preta profunda oferece uma paleta sofisticada e neutra que complementa v\u00e1rios estilos de interiores. As portas de vidro acrescentam uma camada de profundidade visual e permitem espreitar o conte\u00fado do roupeiro, combinando est\u00e9tica e praticidade. Este acabamento n\u00e3o \u00e9 apenas elegante, mas tamb\u00e9m resistente a riscos e de f\u00e1cil manuten\u00e7\u00e3o.           Configura\u00e7\u00e3o espacial: Estes roupeiros foram concebidos com um sistema vers\u00e1til de portas com dobradi\u00e7as que optimiza a utiliza\u00e7\u00e3o do espa\u00e7o e o acesso. A configura\u00e7\u00e3o inclui amplas prateleiras, espa\u00e7os para pendurar e gavetas, tornando a organiza\u00e7\u00e3o f\u00e1cil. As portas de vidro facilitam a visualiza\u00e7\u00e3o do conte\u00fado, aumentando a comodidade e reduzindo o tempo gasto na procura de artigos. Materiais e fabrico: Fabricados em melamina de alta qualidade, estes roupeiros s\u00e3o duradouros e concebidos para suportar os rigores da utiliza\u00e7\u00e3o di\u00e1ria. Os elementos de vidro s\u00e3o temperados para seguran\u00e7a e durabilidade, garantindo que o roupeiro permanece uma parte duradoura do seu mobili\u00e1rio dom\u00e9stico.           Funcionalidade e ergonomia: As portas com dobradi\u00e7as do Roupeiro moderno com dobradi\u00e7as e portas de vidro em melamina preta foram concebidas para proporcionar a m\u00e1xima acessibilidade e efici\u00eancia em termos de espa\u00e7o. A disposi\u00e7\u00e3o ergon\u00f3mica facilita o acesso a todas as sec\u00e7\u00f5es do roupeiro, tornando a sele\u00e7\u00e3o da roupa r\u00e1pida e simples. Este design garante a coexist\u00eancia de estilo e funcionalidade, proporcionando uma solu\u00e7\u00e3o de arruma\u00e7\u00e3o de f\u00e1cil utiliza\u00e7\u00e3o que melhora os espa\u00e7os de vida modernos.<\/p>","protected":false},"featured_media":12037,"template":"","meta":{"_eb_attr":""},"product_brand":[],"product_cat":[128,115],"product_tag":[127],"class_list":{"0":"post-12017","1":"product","2":"type-product","3":"status-publish","4":"has-post-thumbnail","6":"product_cat-bedroom-wardrobe-2","7":"product_cat-cabinets","8":"product_tag-two-fold-details-page","10":"first","11":"instock","12":"shipping-taxable","13":"product-type-simple"},"_links":{"self":[{"href":"https:\/\/www.hanseluk.com\/pt\/wp-json\/wp\/v2\/product\/12017","targetHints":{"allow":["GET"]}}],"collection":[{"href":"https:\/\/www.hanseluk.com\/pt\/wp-json\/wp\/v2\/product"}],"about":[{"href":"https:\/\/www.hanseluk.com\/pt\/wp-json\/wp\/v2\/types\/product"}],"version-history":[{"count":0,"href":"https:\/\/www.hanseluk.com\/pt\/wp-json\/wp\/v2\/product\/12017\/revisions"}],"wp:featuredmedia":[{"embeddable":true,"href":"https:\/\/www.hanseluk.com\/pt\/wp-json\/wp\/v2\/media\/12037"}],"wp:attachment":[{"href":"https:\/\/www.hanseluk.com\/pt\/wp-json\/wp\/v2\/media?parent=12017"}],"wp:term":[{"taxonomy":"product_brand","embeddable":true,"href":"https:\/\/www.hanseluk.com\/pt\/wp-json\/wp\/v2\/product_brand?post=12017"},{"taxonomy":"product_cat","embeddable":true,"href":"https:\/\/www.hanseluk.com\/pt\/wp-json\/wp\/v2\/product_cat?post=12017"},{"taxonomy":"product_tag","embeddable":true,"href":"https:\/\/www.hanseluk.com\/pt\/wp-json\/wp\/v2\/product_tag?post=12017"}],"curies":[{"name":"wp","href":"https:\/\/api.w.org\/{rel}","templated":true}]}}