{"id":12096,"date":"2025-10-08T16:48:50","date_gmt":"2025-10-08T08:48:50","guid":{"rendered":"https:\/\/www.hanseluk.com\/?post_type=product&#038;p=12096"},"modified":"2025-10-09T09:44:23","modified_gmt":"2025-10-09T01:44:23","slug":"luxury-modern-matt-kitchen-cabinets-in-neutral-tones-2","status":"publish","type":"product","link":"https:\/\/www.hanseluk.com\/pt\/armarios-de-cozinha-modernos-e-luxuosos-em-tons-neutros-2\/","title":{"rendered":"Arm\u00e1rios de cozinha modernos e luxuosos em tons neutros"},"content":{"rendered":"<p><img fetchpriority=\"high\" decoding=\"async\" class=\"alignleft wp-image-5431\" src=\"https:\/\/www.cabinetworldinc.com\/wp-content\/uploads\/2024\/12\/1-NI-HH-L3177B-Y128-1-9-1000x563-4-300x169.webp\" alt=\"\" width=\"600\" height=\"338\" title=\"\"><\/p>\n<p>&nbsp;<\/p>\n<p><span style=\"color: #000000;\">Conceito de design<\/span><br \/>\n<span style=\"color: #000000;\">Esta cozinha apresenta um equil\u00edbrio elegante entre est\u00e9tica e funcionalidade com arm\u00e1rios de cozinha modernos e luxuosos com acabamento mate. Os arm\u00e1rios de MDF sem puxadores proporcionam um aspeto elegante e contempor\u00e2neo, enquanto o painel de part\u00edculas de madeira na ilha acrescenta um elemento natural. Juntos, criam um espa\u00e7o luxuoso e convidativo, perfeito para a vida moderna.<\/span><\/p>\n<p><span style=\"color: #000000;\">Paleta de cores e tratamento de superf\u00edcie<\/span><br \/>\n<span style=\"color: #000000;\">O design apresenta uma base bege suave combinada com texturas de madeira natural, produzindo um efeito harmonioso e calmante. O acabamento mate dos arm\u00e1rios em MDF real\u00e7a a eleg\u00e2ncia discreta, minimizando o brilho e mantendo uma superf\u00edcie suave e refinada. Estes tons integram-se perfeitamente em qualquer interior moderno.<\/span><\/p>\n<p>&nbsp;<\/p>\n<p>&nbsp;<\/p>\n<p>&nbsp;<\/p>\n<p><img decoding=\"async\" class=\"alignright wp-image-5432\" src=\"https:\/\/www.cabinetworldinc.com\/wp-content\/uploads\/2024\/12\/1-NI-HH-L3177B-Y128-1-8-1000x750-2-300x225.webp\" alt=\"\" width=\"500\" height=\"375\" title=\"\"><\/p>\n<p>&nbsp;<\/p>\n<p><span style=\"color: #000000;\">Configura\u00e7\u00e3o espacial<\/span><br \/>\n<span style=\"color: #000000;\">Uma disposi\u00e7\u00e3o em plano aberto garante uma intera\u00e7\u00e3o sem esfor\u00e7o entre a cozinha e os espa\u00e7os de estar. A ilha espa\u00e7osa, fabricada em aglomerado de part\u00edculas com um acabamento em madeira, actua como uma pe\u00e7a central multifuncional para cozinhar, jantar e socializar. Os arm\u00e1rios sem puxadores promovem um fluxo visual limpo e organizado, maximizando a est\u00e9tica e a acessibilidade.<\/span><\/p>\n<p><span style=\"color: #000000;\">Materiais e artesanato<\/span><br \/>\n<span style=\"color: #000000;\">Constru\u00eddos com MDF e aglomerado de part\u00edculas de qualidade superior, estes arm\u00e1rios de cozinha modernos e luxuosos com acabamento mate foram concebidos para serem dur\u00e1veis e sofisticados. A textura suave das portas dos arm\u00e1rios reflecte um trabalho artesanal especializado, enquanto a ilha em madeira proporciona um contraste impressionante, real\u00e7ando o design geral.<\/span><\/p>\n<p>&nbsp;<\/p>\n<p>&nbsp;<\/p>\n<p>&nbsp;<\/p>\n<p>&nbsp;<\/p>\n<p>&nbsp;<\/p>\n<p><img decoding=\"async\" class=\"size-medium wp-image-5433 alignleft\" src=\"https:\/\/www.cabinetworldinc.com\/wp-content\/uploads\/2024\/12\/1-NI-HH-L3177B-Y128-1-5-1000x563-2-300x169.webp\" alt=\"\" width=\"300\" height=\"169\" title=\"\"><\/p>\n<p>&nbsp;<\/p>\n<p><span style=\"color: #000000;\">Funcionalidade e ergonomia<\/span><br \/>\n<span style=\"color: #000000;\">Este design real\u00e7a a comodidade do utilizador com os seus arm\u00e1rios sem puxadores e uma ilha cuidadosamente colocada. O acabamento mate dos arm\u00e1rios garante uma manuten\u00e7\u00e3o f\u00e1cil e uma superf\u00edcie moderna e resistente \u00e0s impress\u00f5es digitais. A disposi\u00e7\u00e3o optimiza o fluxo de trabalho, tornando-o ideal tanto para actividades culin\u00e1rias como para reuni\u00f5es sociais.<\/span><\/p>","protected":false},"excerpt":{"rendered":"<p>&nbsp; Conceito de design Esta cozinha apresenta um equil\u00edbrio elegante entre est\u00e9tica e funcionalidade com arm\u00e1rios de cozinha modernos e luxuosos com acabamento mate. Os arm\u00e1rios em MDF sem puxadores proporcionam um aspeto elegante e contempor\u00e2neo, enquanto o painel de part\u00edculas de madeira na ilha acrescenta um elemento natural. Em conjunto, criam um espa\u00e7o luxuoso e convidativo, perfeito para uma vida moderna. Paleta de cores e tratamento de superf\u00edcie O design apresenta uma base bege suave combinada com texturas de madeira naturais, produzindo um efeito harmonioso e calmante. O acabamento mate dos arm\u00e1rios em MDF real\u00e7a a eleg\u00e2ncia discreta, minimizando o brilho e mantendo uma superf\u00edcie suave e refinada. Estes tons integram-se perfeitamente em qualquer interior moderno.         Configura\u00e7\u00e3o espacial Uma disposi\u00e7\u00e3o em plano aberto assegura uma intera\u00e7\u00e3o sem esfor\u00e7o entre a cozinha e os espa\u00e7os de estar. A ilha espa\u00e7osa, fabricada em aglomerado de part\u00edculas com um acabamento em madeira, actua como uma pe\u00e7a central multifuncional para cozinhar, jantar e socializar. Os arm\u00e1rios sem puxadores promovem um fluxo visual limpo e organizado, maximizando a est\u00e9tica e a acessibilidade. Materiais e artesanato Constru\u00eddos com MDF e aglomerado de part\u00edculas de qualidade superior, estes arm\u00e1rios de cozinha modernos e luxuosos com acabamento mate foram concebidos para serem dur\u00e1veis e sofisticados. A textura suave das portas dos arm\u00e1rios reflecte a per\u00edcia artesanal, enquanto a ilha em madeira proporciona um contraste impressionante, real\u00e7ando o design geral.             Funcionalidade e ergonomia Este design real\u00e7a a comodidade do utilizador com os seus arm\u00e1rios sem puxadores e uma ilha cuidadosamente colocada. O acabamento mate dos arm\u00e1rios garante uma manuten\u00e7\u00e3o f\u00e1cil e uma superf\u00edcie moderna e resistente a impress\u00f5es digitais. A disposi\u00e7\u00e3o optimiza o fluxo de trabalho, tornando-o ideal tanto para actividades culin\u00e1rias como para reuni\u00f5es sociais.<\/p>","protected":false},"featured_media":12104,"template":"","meta":{"_eb_attr":""},"product_brand":[],"product_cat":[115,129,131],"product_tag":[127],"class_list":{"0":"post-12096","1":"product","2":"type-product","3":"status-publish","4":"has-post-thumbnail","6":"product_cat-cabinets","7":"product_cat-kitchen-cabinet-2","8":"product_cat-mdf-kitchen-cabinets-2","9":"product_tag-two-fold-details-page","11":"first","12":"instock","13":"shipping-taxable","14":"product-type-simple"},"_links":{"self":[{"href":"https:\/\/www.hanseluk.com\/pt\/wp-json\/wp\/v2\/product\/12096","targetHints":{"allow":["GET"]}}],"collection":[{"href":"https:\/\/www.hanseluk.com\/pt\/wp-json\/wp\/v2\/product"}],"about":[{"href":"https:\/\/www.hanseluk.com\/pt\/wp-json\/wp\/v2\/types\/product"}],"version-history":[{"count":0,"href":"https:\/\/www.hanseluk.com\/pt\/wp-json\/wp\/v2\/product\/12096\/revisions"}],"wp:featuredmedia":[{"embeddable":true,"href":"https:\/\/www.hanseluk.com\/pt\/wp-json\/wp\/v2\/media\/12104"}],"wp:attachment":[{"href":"https:\/\/www.hanseluk.com\/pt\/wp-json\/wp\/v2\/media?parent=12096"}],"wp:term":[{"taxonomy":"product_brand","embeddable":true,"href":"https:\/\/www.hanseluk.com\/pt\/wp-json\/wp\/v2\/product_brand?post=12096"},{"taxonomy":"product_cat","embeddable":true,"href":"https:\/\/www.hanseluk.com\/pt\/wp-json\/wp\/v2\/product_cat?post=12096"},{"taxonomy":"product_tag","embeddable":true,"href":"https:\/\/www.hanseluk.com\/pt\/wp-json\/wp\/v2\/product_tag?post=12096"}],"curies":[{"name":"wp","href":"https:\/\/api.w.org\/{rel}","templated":true}]}}