{"id":12122,"date":"2025-10-08T16:49:35","date_gmt":"2025-10-08T08:49:35","guid":{"rendered":"https:\/\/www.hanseluk.com\/?post_type=product&#038;p=12122"},"modified":"2025-10-09T09:44:18","modified_gmt":"2025-10-09T01:44:18","slug":"modern-green-gray-laminate-kitchen-cabinets-with-island","status":"publish","type":"product","link":"https:\/\/www.hanseluk.com\/pt\/armarios-de-cozinha-laminados-verdes-e-cinzentos-modernos-com-ilha\/","title":{"rendered":"Arm\u00e1rios de cozinha modernos em laminado verde-cinzento com ilha"},"content":{"rendered":"<p><span style=\"color: #000000;\"><img fetchpriority=\"high\" decoding=\"async\" class=\"alignleft wp-image-6092\" src=\"https:\/\/www.cabinetworldinc.com\/wp-content\/uploads\/2024\/12\/1-7-300x225.jpg\" alt=\"\" width=\"400\" height=\"300\" title=\"\"><\/span><\/p>\n<p>&nbsp;<\/p>\n<p><span style=\"color: #000000;\">Conce\u00e7\u00e3o do produto<\/span><br \/>\n<span style=\"color: #000000;\">Com um toque de sofistica\u00e7\u00e3o minimalista, os arm\u00e1rios cinzento-esverdeados desta cozinha oferecem uma mistura de estilo contempor\u00e2neo e uma paleta de cores suaves. As portas elegantes e de painel plano proporcionam um aspeto moderno que \u00e9 simultaneamente limpo e intemporal. Esta cozinha n\u00e3o se limita ao prazer est\u00e9tico, mas tamb\u00e9m ao car\u00e1cter pr\u00e1tico da utiliza\u00e7\u00e3o quotidiana, o que a torna no ep\u00edtome do design moderno.<\/span><\/p>\n<p><span style=\"color: #000000;\">Correspond\u00eancia de cores<\/span><br \/>\n<span style=\"color: #000000;\">A tonalidade cinzento-esverdeada dos arm\u00e1rios confere uma atmosfera tranquila mas moderna \u00e0 cozinha, fazendo lembrar uma manh\u00e3 enevoada numa floresta luxuriante. O acabamento melam\u00ednico dos arm\u00e1rios proporciona uma superf\u00edcie lisa e mate que \u00e9 visualmente agrad\u00e1vel e f\u00e1cil de manter, mantendo a vivacidade da cor ao longo do tempo.<\/span><\/p>\n<p>&nbsp;<\/p>\n<p>&nbsp;<\/p>\n<p>&nbsp;<\/p>\n<p><span style=\"color: #000000;\"><img decoding=\"async\" class=\"alignright wp-image-6094\" src=\"https:\/\/www.cabinetworldinc.com\/wp-content\/uploads\/2024\/12\/2-8-300x225.jpg\" alt=\"\" width=\"500\" height=\"375\" title=\"\"><\/span><\/p>\n<p>&nbsp;<\/p>\n<p><span style=\"color: #000000;\">Layout da estrutura<\/span><br \/>\n<span style=\"color: #000000;\">A cozinha adopta uma disposi\u00e7\u00e3o eficiente em ilha, maximizando o fluxo de trabalho e criando um ponto de encontro central para refei\u00e7\u00f5es e intera\u00e7\u00e3o social. Esta disposi\u00e7\u00e3o moderna da cozinha permite uma transi\u00e7\u00e3o perfeita entre a prepara\u00e7\u00e3o culin\u00e1ria e a socializa\u00e7\u00e3o descontra\u00edda, melhorando a facilidade de utiliza\u00e7\u00e3o do espa\u00e7o.<\/span><\/p>\n<p><span style=\"color: #000000;\">Propriedades do material<\/span><br \/>\n<span style=\"color: #000000;\">Constru\u00eddos a partir de contraplacado dur\u00e1vel, estes arm\u00e1rios prometem estabilidade e longevidade. O acabamento em melamina n\u00e3o s\u00f3 contribui para a est\u00e9tica com a sua textura suave, como tamb\u00e9m proporciona uma camada de prote\u00e7\u00e3o contra riscos e derrames, assegurando que a cozinha continua a ser um ponto focal durante anos.<\/span><br \/>\n<span style=\"color: #000000;\">Concebida a pensar no utilizador, esta cozinha moderna com arm\u00e1rios cinzento-esverdeados alia funcionalidade e estilo. A ilha est\u00e1 estrategicamente colocada para uma utiliza\u00e7\u00e3o \u00f3ptima, funcionando como uma \u00e1rea de prepara\u00e7\u00e3o e um local para refei\u00e7\u00f5es casuais. A arruma\u00e7\u00e3o \u00e9 abundante e cuidadosamente integrada, com arm\u00e1rios e gavetas concebidos para manter os objectos essenciais da cozinha organizados e ao alcance da m\u00e3o. A disposi\u00e7\u00e3o moderna da cozinha, juntamente com a paleta serena de cinzento-verde, oferece um espa\u00e7o que \u00e9 simultaneamente convidativo e eficiente, onde a funcionalidade \u00e9 t\u00e3o importante como a forma.<\/span><\/p>\n<p>&nbsp;<\/p>\n<p>&nbsp;<\/p>","protected":false},"excerpt":{"rendered":"<p>&nbsp; Design de produto Com um toque de sofistica\u00e7\u00e3o minimalista, os arm\u00e1rios cinzento-esverdeados desta cozinha oferecem uma mistura de estilo contempor\u00e2neo e uma paleta de cores suaves. As portas elegantes e de painel plano proporcionam um aspeto moderno que \u00e9 simultaneamente limpo e intemporal. Esta cozinha n\u00e3o se limita ao prazer est\u00e9tico, mas tamb\u00e9m \u00e0 praticidade da utiliza\u00e7\u00e3o quotidiana, o que a torna no ep\u00edtome do design moderno. Correspond\u00eancia de cores A tonalidade cinzento-esverdeada dos arm\u00e1rios confere uma atmosfera tranquila mas moderna \u00e0 cozinha, fazendo lembrar uma manh\u00e3 enevoada numa floresta luxuriante. O acabamento melam\u00ednico dos arm\u00e1rios proporciona uma superf\u00edcie lisa e mate que \u00e9 visualmente agrad\u00e1vel e f\u00e1cil de manter, mantendo a vivacidade da cor ao longo do tempo.         Disposi\u00e7\u00e3o da estrutura A cozinha adopta uma disposi\u00e7\u00e3o eficiente em ilha, maximizando o fluxo de trabalho e criando um ponto de encontro central para refei\u00e7\u00f5es e intera\u00e7\u00e3o social. Esta disposi\u00e7\u00e3o moderna da cozinha permite uma transi\u00e7\u00e3o perfeita entre a prepara\u00e7\u00e3o culin\u00e1ria e a socializa\u00e7\u00e3o descontra\u00edda, melhorando a facilidade de utiliza\u00e7\u00e3o do espa\u00e7o. Propriedades do material Constru\u00eddos a partir de contraplacado dur\u00e1vel, estes arm\u00e1rios prometem estabilidade e longevidade. O acabamento em melamina n\u00e3o s\u00f3 contribui para a est\u00e9tica com a sua textura suave, como tamb\u00e9m proporciona uma camada de prote\u00e7\u00e3o contra riscos e derrames, garantindo que a cozinha permanece um ponto focal durante muitos anos.Fun\u00e7\u00e3o humanizada Concebida a pensar no utilizador, esta cozinha moderna com arm\u00e1rios cinzento-esverdeados alia funcionalidade e estilo. A ilha est\u00e1 estrategicamente colocada para uma utiliza\u00e7\u00e3o \u00f3ptima, funcionando como \u00e1rea de prepara\u00e7\u00e3o e local para refei\u00e7\u00f5es informais. A arruma\u00e7\u00e3o \u00e9 abundante e cuidadosamente integrada, com arm\u00e1rios e gavetas concebidos para manter os objectos essenciais da cozinha organizados e ao alcance da m\u00e3o. A disposi\u00e7\u00e3o moderna da cozinha, juntamente com a paleta serena de cinzento-verde, oferece um espa\u00e7o que \u00e9 simultaneamente convidativo e eficiente, onde a funcionalidade \u00e9 t\u00e3o importante como a forma. &nbsp; &nbsp;<\/p>","protected":false},"featured_media":12135,"template":"","meta":{"_eb_attr":""},"product_brand":[],"product_cat":[115,129,132],"product_tag":[127],"class_list":{"0":"post-12122","1":"product","2":"type-product","3":"status-publish","4":"has-post-thumbnail","6":"product_cat-cabinets","7":"product_cat-kitchen-cabinet-2","8":"product_cat-laminate-kitchen-cabinets-2","9":"product_tag-two-fold-details-page","11":"first","12":"instock","13":"shipping-taxable","14":"product-type-simple"},"_links":{"self":[{"href":"https:\/\/www.hanseluk.com\/pt\/wp-json\/wp\/v2\/product\/12122","targetHints":{"allow":["GET"]}}],"collection":[{"href":"https:\/\/www.hanseluk.com\/pt\/wp-json\/wp\/v2\/product"}],"about":[{"href":"https:\/\/www.hanseluk.com\/pt\/wp-json\/wp\/v2\/types\/product"}],"version-history":[{"count":0,"href":"https:\/\/www.hanseluk.com\/pt\/wp-json\/wp\/v2\/product\/12122\/revisions"}],"wp:featuredmedia":[{"embeddable":true,"href":"https:\/\/www.hanseluk.com\/pt\/wp-json\/wp\/v2\/media\/12135"}],"wp:attachment":[{"href":"https:\/\/www.hanseluk.com\/pt\/wp-json\/wp\/v2\/media?parent=12122"}],"wp:term":[{"taxonomy":"product_brand","embeddable":true,"href":"https:\/\/www.hanseluk.com\/pt\/wp-json\/wp\/v2\/product_brand?post=12122"},{"taxonomy":"product_cat","embeddable":true,"href":"https:\/\/www.hanseluk.com\/pt\/wp-json\/wp\/v2\/product_cat?post=12122"},{"taxonomy":"product_tag","embeddable":true,"href":"https:\/\/www.hanseluk.com\/pt\/wp-json\/wp\/v2\/product_tag?post=12122"}],"curies":[{"name":"wp","href":"https:\/\/api.w.org\/{rel}","templated":true}]}}