{"id":4775,"date":"2025-02-18T16:03:29","date_gmt":"2025-02-18T08:03:29","guid":{"rendered":"https:\/\/www.hanseluk.com\/?post_type=product&#038;p=4775"},"modified":"2025-10-09T11:19:06","modified_gmt":"2025-10-09T03:19:06","slug":"satin-brass-titanium-plated","status":"publish","type":"product","link":"https:\/\/www.hanseluk.com\/pt\/latao-acetinado-com-banho-de-titanio\/","title":{"rendered":"Lat\u00e3o acetinado com banho de tit\u00e2nio"},"content":{"rendered":"<p>\u00c9 importante notar que as cores de acabamento nas fotografias podem variar consoante a defini\u00e7\u00e3o do monitor.<\/p>","protected":false},"excerpt":{"rendered":"<p>Modelo: TP-22<\/p>","protected":false},"featured_media":4776,"template":"","meta":{"_eb_attr":""},"product_brand":[],"product_cat":[136,101,77],"product_tag":[],"class_list":{"0":"post-4775","1":"product","2":"type-product","3":"status-publish","4":"has-post-thumbnail","6":"product_cat-furniture-related","7":"product_cat-group-1a","8":"product_cat-metal-finishes","10":"first","11":"instock","12":"shipping-taxable","13":"product-type-simple"},"_links":{"self":[{"href":"https:\/\/www.hanseluk.com\/pt\/wp-json\/wp\/v2\/product\/4775","targetHints":{"allow":["GET"]}}],"collection":[{"href":"https:\/\/www.hanseluk.com\/pt\/wp-json\/wp\/v2\/product"}],"about":[{"href":"https:\/\/www.hanseluk.com\/pt\/wp-json\/wp\/v2\/types\/product"}],"version-history":[{"count":0,"href":"https:\/\/www.hanseluk.com\/pt\/wp-json\/wp\/v2\/product\/4775\/revisions"}],"wp:featuredmedia":[{"embeddable":true,"href":"https:\/\/www.hanseluk.com\/pt\/wp-json\/wp\/v2\/media\/4776"}],"wp:attachment":[{"href":"https:\/\/www.hanseluk.com\/pt\/wp-json\/wp\/v2\/media?parent=4775"}],"wp:term":[{"taxonomy":"product_brand","embeddable":true,"href":"https:\/\/www.hanseluk.com\/pt\/wp-json\/wp\/v2\/product_brand?post=4775"},{"taxonomy":"product_cat","embeddable":true,"href":"https:\/\/www.hanseluk.com\/pt\/wp-json\/wp\/v2\/product_cat?post=4775"},{"taxonomy":"product_tag","embeddable":true,"href":"https:\/\/www.hanseluk.com\/pt\/wp-json\/wp\/v2\/product_tag?post=4775"}],"curies":[{"name":"wp","href":"https:\/\/api.w.org\/{rel}","templated":true}]}}